{"id":28953,"date":"2023-11-09T15:25:42","date_gmt":"2023-11-09T14:25:42","guid":{"rendered":"https:\/\/brio.immo\/?page_id=28953"},"modified":"2023-12-22T19:39:24","modified_gmt":"2023-12-22T18:39:24","slug":"return_refunds","status":"publish","type":"page","link":"https:\/\/alignae.com\/de\/remboursements_retours\/","title":{"rendered":"Richtlinien f\u00fcr R\u00fcckerstattungen und R\u00fccksendungen"},"content":{"rendered":"<p><div class=\"fusion-fullwidth fullwidth-box fusion-builder-row-1 fusion-flex-container has-pattern-background has-mask-background nonhundred-percent-fullwidth non-hundred-percent-height-scrolling\" style=\"--awb-border-radius-top-left:0px;--awb-border-radius-top-right:0px;--awb-border-radius-bottom-right:0px;--awb-border-radius-bottom-left:0px;--awb-padding-top:50px;--awb-padding-bottom:50px;--awb-flex-wrap:wrap;\" ><div class=\"fusion-builder-row fusion-row fusion-flex-align-items-flex-start fusion-flex-content-wrap\" style=\"max-width:1248px;margin-left: calc(-4% \/ 2 );margin-right: calc(-4% \/ 2 );\"><div class=\"fusion-layout-column fusion_builder_column fusion-builder-column-0 fusion_builder_column_1_1 1_1 fusion-flex-column\" style=\"--awb-bg-size:cover;--awb-width-large:100%;--awb-margin-top-large:0px;--awb-spacing-right-large:1.92%;--awb-margin-bottom-large:0px;--awb-spacing-left-large:1.92%;--awb-width-medium:100%;--awb-spacing-right-medium:1.92%;--awb-spacing-left-medium:1.92%;--awb-width-small:100%;--awb-spacing-right-small:1.92%;--awb-spacing-left-small:1.92%;\"><div class=\"fusion-column-wrapper fusion-flex-justify-content-flex-start fusion-content-layout-column\"><div class=\"fusion-text fusion-text-1\"><p>Unser R\u00fcckerstattungs- und R\u00fcckgaberecht dauert 30 Tage. Wenn seit Ihrem Kauf 30 Tage vergangen sind, k\u00f6nnen wir Ihnen keine vollst\u00e4ndige R\u00fcckerstattung oder einen Umtausch anbieten.<\/p>\n<\/div><div class=\"fusion-text fusion-text-2\"><h2>R\u00fcckerstattungen<\/h2>\n<p>Sobald wir Ihre R\u00fccksendung erhalten und gepr\u00fcft haben, senden wir Ihnen eine E-Mail, in der wir Sie dar\u00fcber informieren, dass wir Ihren zur\u00fcckgesandten Artikel erhalten haben. Wir werden Sie auch dar\u00fcber informieren, ob Ihre R\u00fcckerstattung genehmigt oder abgelehnt wurde.<\/p>\n<p>Wenn Ihr Antrag genehmigt wird, wird Ihre R\u00fcckerstattung bearbeitet und innerhalb einer bestimmten Anzahl von Tagen automatisch eine Gutschrift auf Ihre Kreditkarte oder Ihre urspr\u00fcngliche Zahlungsmethode vorgenommen.<\/p>\n<\/div><div class=\"fusion-text fusion-text-3\"><h2>Austausch<\/h2>\n<p>Wir ersetzen Artikel nur, wenn sie defekt oder besch\u00e4digt sind.<\/p>\n<\/div><div class=\"fusion-text fusion-text-4\"><h2>Versand &amp; R\u00fccksendungen<\/h2>\n<p>Sie sind selbst daf\u00fcr verantwortlich, die Versandkosten f\u00fcr die R\u00fccksendung Ihres Artikels zu tragen. Die Versandkosten k\u00f6nnen nicht erstattet werden. Wenn Sie eine R\u00fcckerstattung erhalten, werden die R\u00fccksendekosten von Ihrer R\u00fcckerstattung abgezogen.<\/p>\n<p>Je nachdem, wo Sie wohnen, kann es unterschiedlich lange dauern, bis Ihr umgetauschtes Produkt bei Ihnen ankommt.<\/p>\n<\/div><div class=\"fusion-text fusion-text-5\"><h2>Brauchen Sie Hilfe?<\/h2>\n<p><a href=\"https:\/\/alignae.com\/de\/kontakt\/\">Kontaktieren Sie uns<\/a> bei Fragen zu Erstattungen und R\u00fccksendungen.<\/p>\n<\/div><\/div><\/div><\/div><\/div><div class=\"fusion-bg-parallax\" data-bg-align=\"left center\" data-direction=\"up\" data-mute=\"false\" data-opacity=\"100\" data-velocity=\"-0.6\" data-mobile-enabled=\"true\" data-break_parents=\"0\" data-bg-image=\"https:\/\/alignae.com\/wp-content\/uploads\/2023\/12\/Aligner-quiz-red.webp\" data-bg-repeat=\"false\" ><\/div><div class=\"fusion-fullwidth fullwidth-box fusion-builder-row-2 fusion-flex-container has-pattern-background has-mask-background fusion-parallax-up nonhundred-percent-fullwidth non-hundred-percent-height-scrolling\" style=\"--awb-background-position:left center;--awb-border-radius-top-left:0px;--awb-border-radius-top-right:0px;--awb-border-radius-bottom-right:0px;--awb-border-radius-bottom-left:0px;--awb-padding-top:50px;--awb-padding-bottom:50px;--awb-min-height:600px;--awb-background-image:url(&quot;https:\/\/alignae.com\/wp-content\/uploads\/2023\/12\/Aligner-quiz-red.webp&quot;);--awb-background-size:cover;--awb-flex-wrap:wrap;\" ><div class=\"fusion-builder-row fusion-row fusion-flex-align-items-flex-start fusion-flex-content-wrap\" style=\"max-width:1248px;margin-left: calc(-4% \/ 2 );margin-right: calc(-4% \/ 2 );\"><div class=\"fusion-layout-column fusion_builder_column fusion-builder-column-1 fusion_builder_column_1_1 1_1 fusion-flex-column fusion-flex-align-self-center\" style=\"--awb-bg-size:cover;--awb-width-large:100%;--awb-margin-top-large:0px;--awb-spacing-right-large:1.92%;--awb-margin-bottom-large:20px;--awb-spacing-left-large:1.92%;--awb-width-medium:100%;--awb-order-medium:0;--awb-spacing-right-medium:1.92%;--awb-spacing-left-medium:1.92%;--awb-width-small:100%;--awb-order-small:0;--awb-spacing-right-small:1.92%;--awb-spacing-left-small:1.92%;\" data-scroll-devices=\"small-visibility,medium-visibility,large-visibility\"><div class=\"fusion-column-wrapper fusion-column-has-shadow fusion-flex-justify-content-center fusion-content-layout-column\"><div class=\"fusion-title title fusion-title-1 fusion-sep-none fusion-title-center fusion-title-text fusion-title-size-two\" style=\"--awb-margin-top-small:10px;--awb-margin-right-small:0px;--awb-margin-bottom-small:10px;--awb-margin-left-small:0px;\"><h2 class=\"fusion-title-heading title-heading-center\" style=\"margin:0;\"><strong>Sind unsere Aligner das Richtige f\u00fcr Sie?<\/strong><\/h2><\/div><div class=\"fusion-text fusion-text-6\"><p class=\"p1\" style=\"text-align: center;\">30 Sekunden gen\u00fcgen, um es mit unserem Quiz herauszufinden<\/p>\n<\/div><div style=\"text-align:center;\"><a class=\"fusion-button button-flat fusion-button-default-size button-default fusion-button-default button-1 fusion-button-default-span fusion-button-default-type\" target=\"_self\" href=\"https:\/\/alignae.com\/de\/quiz\/\"><span class=\"fusion-button-text awb-button__text awb-button__text--default\">DAS QUIZ MACHEN<\/span><\/a><\/div><\/div><\/div><\/div><\/div>\n<\/p>","protected":false},"excerpt":{"rendered":"","protected":false},"author":1,"featured_media":0,"parent":0,"menu_order":0,"comment_status":"closed","ping_status":"closed","template":"100-width.php","meta":{"_glsr_average":0,"_glsr_ranking":0,"_glsr_reviews":0,"footnotes":""},"class_list":["post-28953","page","type-page","status-publish","hentry"],"_links":{"self":[{"href":"https:\/\/alignae.com\/de\/wp-json\/wp\/v2\/pages\/28953","targetHints":{"allow":["GET"]}}],"collection":[{"href":"https:\/\/alignae.com\/de\/wp-json\/wp\/v2\/pages"}],"about":[{"href":"https:\/\/alignae.com\/de\/wp-json\/wp\/v2\/types\/page"}],"author":[{"embeddable":true,"href":"https:\/\/alignae.com\/de\/wp-json\/wp\/v2\/users\/1"}],"replies":[{"embeddable":true,"href":"https:\/\/alignae.com\/de\/wp-json\/wp\/v2\/comments?post=28953"}],"version-history":[{"count":10,"href":"https:\/\/alignae.com\/de\/wp-json\/wp\/v2\/pages\/28953\/revisions"}],"predecessor-version":[{"id":31072,"href":"https:\/\/alignae.com\/de\/wp-json\/wp\/v2\/pages\/28953\/revisions\/31072"}],"wp:attachment":[{"href":"https:\/\/alignae.com\/de\/wp-json\/wp\/v2\/media?parent=28953"}],"curies":[{"name":"wp","href":"https:\/\/api.w.org\/{rel}","templated":true}]}}