{"id":29409,"date":"2023-09-27T00:24:05","date_gmt":"2023-09-26T22:24:05","guid":{"rendered":"https:\/\/alignae.com\/?page_id=29409"},"modified":"2023-11-08T01:55:49","modified_gmt":"2023-11-08T00:55:49","slug":"garantie","status":"publish","type":"page","link":"https:\/\/alignae.com\/de\/garantie\/","title":{"rendered":"Garantie"},"content":{"rendered":"<p><div class=\"fusion-fullwidth fullwidth-box fusion-builder-row-1 fusion-flex-container has-pattern-background has-mask-background nonhundred-percent-fullwidth non-hundred-percent-height-scrolling\" style=\"--awb-border-radius-top-left:0px;--awb-border-radius-top-right:0px;--awb-border-radius-bottom-right:0px;--awb-border-radius-bottom-left:0px;--awb-padding-top:50px;--awb-flex-wrap:wrap;\" ><div class=\"fusion-builder-row fusion-row fusion-flex-align-items-flex-start fusion-flex-content-wrap\" style=\"max-width:1248px;margin-left: calc(-4% \/ 2 );margin-right: calc(-4% \/ 2 );\"><div class=\"fusion-layout-column fusion_builder_column fusion-builder-column-0 fusion_builder_column_1_1 1_1 fusion-flex-column\" style=\"--awb-bg-size:cover;--awb-width-large:100%;--awb-margin-top-large:0px;--awb-spacing-right-large:1.92%;--awb-margin-bottom-large:20px;--awb-spacing-left-large:1.92%;--awb-width-medium:100%;--awb-order-medium:0;--awb-spacing-right-medium:1.92%;--awb-spacing-left-medium:1.92%;--awb-width-small:100%;--awb-order-small:0;--awb-spacing-right-small:1.92%;--awb-spacing-left-small:1.92%;\"><div class=\"fusion-column-wrapper fusion-column-has-shadow fusion-flex-justify-content-flex-start fusion-content-layout-column\"><div class=\"fusion-title title fusion-title-1 fusion-sep-none fusion-title-text fusion-title-size-one\" style=\"--awb-margin-top-small:10px;--awb-margin-right-small:0px;--awb-margin-bottom-small:10px;--awb-margin-left-small:0px;\"><h1 class=\"fusion-title-heading title-heading-left\" style=\"margin:0;text-transform:uppercase;\">Zufriedenheitsgarantie 100%<\/h1><\/div><div class=\"fusion-text fusion-text-1\"><h3>Unsere Garantie ist absolut 100% ohne Fragen und Sie sind vollst\u00e4ndig zufrieden oder 100% erhalten Ihr Geld zur\u00fcck.<\/h3>\n<p>Wir m\u00f6chten, dass Sie Ihr L\u00e4cheln pflegen und es lange behalten und wissen, dass Sie rundum zufrieden sein werden, egal was passiert. So einfach ist das.<\/p>\n<p>Wir bei Alignae sind stolz darauf, Ihnen die beste Kundenerfahrung zu bieten, indem wir Ihnen die beste Qualit\u00e4t an Dienstleistungen und Produkten mit einer Garantie ohne unn\u00f6tige Komplikationen anbieten. Sollten Sie aus irgendeinem Grund nicht vollst\u00e4ndig mit unserem Service zufrieden sein, erhalten Sie eine volle R\u00fcckerstattung oder wir werden Ihre Alignments ohne zus\u00e4tzliche Kosten erneut herstellen.<\/p>\n<p>F\u00fcr den Fall, dass Sie eine R\u00fcckerstattung oder einen Umtausch w\u00fcnschen, gibt es nur drei Dinge zu beachten:<\/p>\n<ul>\n<li>Sie m\u00fcssen Ihre Bestellung innerhalb von 5 Tagen nach Erhalt an uns zur\u00fccksenden.<\/li>\n<li>Sie sind f\u00fcr den Transport von R\u00fccksendungen sowie f\u00fcr alle damit verbundenen Kosten verantwortlich.<\/li>\n<li>Wenn Sie einen neuen Behandlungsplan erhalten m\u00f6chten, w\u00fcrden Sie diesen innerhalb von 30 Tagen nach Erhalt Ihrer R\u00fccksendung erhalten.<\/li>\n<\/ul>\n<\/div><div class=\"fusion-text fusion-text-2\"><h3>Garantie 100% f\u00fcr das Abdruckset<\/h3>\n<p>Ihre Zahnabdr\u00fccke werden von unseren Experten ausgewertet, um Ihre Aligner zu entwerfen.<\/p>\n<ul>\n<li>Wenn die Abdr\u00fccke einen Fehler aufweisen, senden wir Ihnen ein neues Set zur\u00fcck, um einen neuen Abdruck des betroffenen Kiefers anzufertigen, ohne dass Ihnen zus\u00e4tzliche Kosten entstehen.<\/li>\n<li>Wenn wir nicht glauben, dass wir Ihnen mit unseren Alignern ein absolut zufrieden stellendes Ergebnis liefern k\u00f6nnen, erstatten wir Ihnen den Abformsatz vollst\u00e4ndig zur\u00fcck.<\/li>\n<li>Wenn Sie mit Alignae fortfahren und Ihren Behandlungsplan bestellen m\u00f6chten, ziehen wir Ihnen das, was Sie f\u00fcr den Erhalt des Abdrucksets bezahlt haben, vom Endpreis ab.<\/li>\n<\/ul>\n<\/div><div class=\"fusion-text fusion-text-3\"><h3>Garantie 100% der unsichtbaren Aligner<\/h3>\n<p>Damit Sie Ihr Trauml\u00e4cheln bekommen und es auch behalten k\u00f6nnen, sollten Sie einige Empfehlungen befolgen:<\/p>\n<ul>\n<li>Tragen Sie Ihre unsichtbaren Aligner t\u00e4glich: Wenn Sie die Anweisungen in Ihrem Behandlungsplan befolgen und die Aligner regelm\u00e4\u00dfig mindestens 10 Stunden t\u00e4glich tragen, k\u00f6nnen Sie Ihr Ziel beruhigt erreichen. Jegliche \u00c4nderungen am Behandlungsplan oder an den Alignern f\u00fchren zum Erl\u00f6schen der Garantie.<\/li>\n<li>Werfen Sie die Aligner nach dem Gebrauch nicht weg: Bewahren Sie sie bis zum Ende der Behandlung auf, da sie f\u00fcr die Aufrechterhaltung der Garantie notwendig sind. Bei Verlust oder Besch\u00e4digung eines Aligners kann es notwendig sein, den vorherigen Aligner zu tragen, bis Sie einen neuen erhalten.<\/li>\n<li>Verwenden Sie den kieferorthop\u00e4dischen Vibrator t\u00e4glich: Die Verwendung dieses Ger\u00e4ts reduziert nachweislich die Beschwerden und eventuell empfundenen Schmerzen, aber auch die Behandlungsdauer, da die Wirksamkeit der Aligner erh\u00f6ht wird.<\/li>\n<li>Perfekte Hygiene: Dies ist nicht nur f\u00fcr Ihre Gesundheit im Allgemeinen wichtig, sondern besonders w\u00e4hrend einer Behandlung mit unsichtbaren Alignern, da sich die Z\u00e4hne dadurch besser bewegen k\u00f6nnen.<\/li>\n<\/ul>\n<p>Wenn die oben genannten Empfehlungen nicht eingehalten werden, kann dies die Garantie beeintr\u00e4chtigen und zu zus\u00e4tzlichen Kosten f\u00fcr die Anpassung des Behandlungsplans f\u00fchren.<\/p>\n<p>Wenn Sie nach Abschluss Ihrer Behandlung, bei der Sie diese Empfehlungen befolgt haben, nicht 100% zufrieden sind, kontaktieren Sie uns innerhalb von 7 Tagen nach Abschluss der Behandlung, um eine neue Bewertung vorzunehmen. Bei Zustimmung k\u00f6nnten Sie f\u00fcr ein zus\u00e4tzliches Paar unsichtbare Aligner in Frage kommen.<\/p>\n<\/div><div class=\"fusion-text fusion-text-4\"><h3>Garantie bei Verlust \/ Besch\u00e4digung<\/h3>\n<p>Wir bewahren Ihre Zahnunterlagen 12 Monate lang auf. Daher ist es m\u00f6glich, dass wir Ihnen bei Verlust oder Besch\u00e4digung eines oder mehrerer Sets Ersatzausrichtungssets anfertigen.<\/p>\n<p>Kontaktieren Sie uns, um mehr zu erfahren.<\/p>\n<\/div><div class=\"fusion-text fusion-text-5\"><h3>Lebenslange Garantie auf Ihr neues L\u00e4cheln<\/h3>\n<p>Wenn sich Ihre Z\u00e4hne trotz Befolgung der Empfehlungen nach Abschluss der Behandlung verschoben haben und es keine Kontraindikationen gibt, erhalten Sie ein neues Abdruckset, um einen neuen Behandlungsplan zu erstellen, und neue unsichtbare Aligner, um die Position Ihrer Z\u00e4hne ohne zus\u00e4tzliche Kosten Ihrerseits zu korrigieren.<\/p>\n<p>Unser Team wird Ihren Antrag pr\u00fcfen, um festzustellen, ob Sie f\u00fcr eine neue Behandlung in Frage kommen. In diesem Zusammenhang wird es Sie um verschiedene Unterlagen bitten, darunter auch Fotos. Wenn das Team feststellt, dass sich Ihre Z\u00e4hne nicht bewegt haben, dass eine neue Behandlung nicht angebracht ist oder dass Sie aus irgendeinem Grund nicht in Frage kommen, wird diese Garantie nicht in Anspruch genommen.<\/p>\n<p>Diese Garantie ist abh\u00e4ngig von der korrekten Einhaltung der Behandlung und der Empfehlungen.<\/p>\n<p>Diese Garantie gilt nur f\u00fcr Z\u00e4hne, die von der Behandlung betroffen sind. Sie gilt nicht f\u00fcr Z\u00e4hne, die durch \u00e4u\u00dfere Umst\u00e4nde, Behandlung, Krankheit, Trauma oder fehlende Z\u00e4hne beeintr\u00e4chtigt wurden.<\/p>\n<p>Um die lebenslange Garantie zu erhalten, m\u00fcssen Sie die Behandlung, wie von Alignae empfohlen, vollst\u00e4ndig durchgef\u00fchrt haben. Nach Abschluss der Behandlung m\u00fcssen Sie einmal pro Jahr einen Aligner gekauft haben und ihn an mindestens sieben aufeinanderfolgenden Tagen pro Jahr tragen.<\/p>\n<\/div><div class=\"fusion-text fusion-text-6\"><h3>Austausch und R\u00fcckgabe<\/h3>\n<p>Wenn Sie ein besch\u00e4digtes Produkt erhalten haben, lassen Sie es uns wissen, und wir werden es ersetzen.<\/p>\n<\/div><\/div><\/div><\/div><\/div><div class=\"fusion-fullwidth fullwidth-box fusion-builder-row-2 fusion-flex-container has-pattern-background has-mask-background nonhundred-percent-fullwidth non-hundred-percent-height-scrolling\" style=\"--awb-background-position:right center;--awb-border-radius-top-left:0px;--awb-border-radius-top-right:0px;--awb-border-radius-bottom-right:0px;--awb-border-radius-bottom-left:0px;--awb-padding-top:50px;--awb-padding-right:100px;--awb-padding-bottom:50px;--awb-padding-left:100px;--awb-background-color:#ffffff;--awb-flex-wrap:wrap;\" ><div class=\"fusion-builder-row fusion-row fusion-flex-align-items-flex-start fusion-flex-justify-content-center fusion-flex-content-wrap\" style=\"max-width:1248px;margin-left: calc(-4% \/ 2 );margin-right: calc(-4% \/ 2 );\"><div class=\"fusion-layout-column fusion_builder_column fusion-builder-column-1 fusion_builder_column_1_1 1_1 fusion-flex-column\" style=\"--awb-bg-size:cover;--awb-width-large:100%;--awb-margin-top-large:0px;--awb-spacing-right-large:1.92%;--awb-margin-bottom-large:20px;--awb-spacing-left-large:1.92%;--awb-width-medium:100%;--awb-order-medium:0;--awb-spacing-right-medium:1.92%;--awb-spacing-left-medium:1.92%;--awb-width-small:100%;--awb-order-small:0;--awb-spacing-right-small:1.92%;--awb-spacing-left-small:1.92%;\" data-scroll-devices=\"small-visibility,medium-visibility,large-visibility\"><div class=\"fusion-column-wrapper fusion-column-has-shadow fusion-flex-justify-content-center fusion-content-layout-column fusion-content-nowrap\"><div class=\"fusion-separator\" style=\"align-self: center;margin-left: auto;margin-right: auto;margin-top:20px;margin-bottom:50px;width:100%;max-width:60%;\"><div class=\"fusion-separator-border sep-single sep-solid\" style=\"--awb-height:20px;--awb-amount:20px;--awb-sep-color:var(--awb-color6);border-color:var(--awb-color6);border-top-width:1px;\"><\/div><\/div><div class=\"fusion-text fusion-text-7\" style=\"--awb-content-alignment:center;--awb-font-size:24px;--awb-text-transform:uppercase;\"><p style=\"text-align: center;\">GARANTIERT ZUFRIEDEN 100%<\/p>\n<\/div><div class=\"fusion-text fusion-text-8\"><p style=\"text-align: center;\">Es gibt keine zwei identischen Zahnstocher, jede wird nur f\u00fcr Sie in unserem Labor in Genf (Schweiz) mithilfe der neuesten, hochpr\u00e4zisen Technologie und einem einzigartigen Verfahren hergestellt, wobei garantiert Bisphenol A (BPA) und Phthalat-freier Kunststoff verwendet wird.<\/p>\n<\/div><\/div><\/div><div class=\"fusion-layout-column fusion_builder_column fusion-builder-column-2 fusion_builder_column_1_1 1_1 fusion-flex-column\" style=\"--awb-bg-size:cover;--awb-width-large:100%;--awb-margin-top-large:0px;--awb-spacing-right-large:1.92%;--awb-margin-bottom-large:20px;--awb-spacing-left-large:1.92%;--awb-width-medium:100%;--awb-order-medium:0;--awb-spacing-right-medium:1.92%;--awb-spacing-left-medium:1.92%;--awb-width-small:100%;--awb-order-small:0;--awb-spacing-right-small:1.92%;--awb-spacing-left-small:1.92%;\" data-scroll-devices=\"small-visibility,medium-visibility,large-visibility\"><div class=\"fusion-column-wrapper fusion-column-has-shadow fusion-flex-justify-content-center fusion-content-layout-row\"><div class=\"fusion-image-element\" style=\"--awb-margin-right:10px;--awb-margin-left:10px;--awb-caption-title-font-family:var(--h2_typography-font-family);--awb-caption-title-font-weight:var(--h2_typography-font-weight);--awb-caption-title-font-style:var(--h2_typography-font-style);--awb-caption-title-size:var(--h2_typography-font-size);--awb-caption-title-transform:var(--h2_typography-text-transform);--awb-caption-title-line-height:var(--h2_typography-line-height);--awb-caption-title-letter-spacing:var(--h2_typography-letter-spacing);\"><span class=\"fusion-imageframe imageframe-none imageframe-1 hover-type-none\"><img decoding=\"async\" width=\"150\" height=\"150\" title=\"100% Zufriedenheit\" src=\"http:\/\/alignae.com\/wp-content\/uploads\/2023\/11\/satisfaction-150.png\" alt class=\"img-responsive wp-image-29935\" srcset=\"https:\/\/alignae.com\/wp-content\/uploads\/2023\/11\/satisfaction-150-12x12.png 12w, https:\/\/alignae.com\/wp-content\/uploads\/2023\/11\/satisfaction-150-66x66.png 66w, https:\/\/alignae.com\/wp-content\/uploads\/2023\/11\/satisfaction-150.png 150w\" sizes=\"(max-width: 150px) 100vw, 150px\" \/><\/span><\/div><div class=\"fusion-image-element\" style=\"--awb-margin-right:10px;--awb-margin-left:10px;--awb-caption-title-font-family:var(--h2_typography-font-family);--awb-caption-title-font-weight:var(--h2_typography-font-weight);--awb-caption-title-font-style:var(--h2_typography-font-style);--awb-caption-title-size:var(--h2_typography-font-size);--awb-caption-title-transform:var(--h2_typography-text-transform);--awb-caption-title-line-height:var(--h2_typography-line-height);--awb-caption-title-letter-spacing:var(--h2_typography-letter-spacing);\"><span class=\"fusion-imageframe imageframe-none imageframe-2 hover-type-none\"><img decoding=\"async\" width=\"150\" height=\"150\" title=\"schnelle Lieferung\" src=\"http:\/\/alignae.com\/wp-content\/uploads\/2023\/11\/fast-delivery-150.png\" alt class=\"img-responsive wp-image-29936\" srcset=\"https:\/\/alignae.com\/wp-content\/uploads\/2023\/11\/fast-delivery-150-12x12.png 12w, https:\/\/alignae.com\/wp-content\/uploads\/2023\/11\/fast-delivery-150-66x66.png 66w, https:\/\/alignae.com\/wp-content\/uploads\/2023\/11\/fast-delivery-150.png 150w\" sizes=\"(max-width: 150px) 100vw, 150px\" \/><\/span><\/div><div class=\"fusion-image-element\" style=\"--awb-margin-right:10px;--awb-margin-left:10px;--awb-caption-title-font-family:var(--h2_typography-font-family);--awb-caption-title-font-weight:var(--h2_typography-font-weight);--awb-caption-title-font-style:var(--h2_typography-font-style);--awb-caption-title-size:var(--h2_typography-font-size);--awb-caption-title-transform:var(--h2_typography-text-transform);--awb-caption-title-line-height:var(--h2_typography-line-height);--awb-caption-title-letter-spacing:var(--h2_typography-letter-spacing);\"><span class=\"fusion-imageframe imageframe-none imageframe-3 hover-type-none\"><img decoding=\"async\" width=\"150\" height=\"150\" title=\"swiss made\" src=\"http:\/\/alignae.com\/wp-content\/uploads\/2023\/11\/swiss-made-150.png\" alt class=\"img-responsive wp-image-29937\" srcset=\"https:\/\/alignae.com\/wp-content\/uploads\/2023\/11\/swiss-made-150-12x12.png 12w, https:\/\/alignae.com\/wp-content\/uploads\/2023\/11\/swiss-made-150-66x66.png 66w, https:\/\/alignae.com\/wp-content\/uploads\/2023\/11\/swiss-made-150.png 150w\" sizes=\"(max-width: 150px) 100vw, 150px\" \/><\/span><\/div><\/div><\/div><div class=\"fusion-layout-column fusion_builder_column fusion-builder-column-3 fusion_builder_column_1_1 1_1 fusion-flex-column\" style=\"--awb-bg-size:cover;--awb-width-large:100%;--awb-margin-top-large:0px;--awb-spacing-right-large:1.92%;--awb-margin-bottom-large:20px;--awb-spacing-left-large:1.92%;--awb-width-medium:100%;--awb-order-medium:0;--awb-spacing-right-medium:1.92%;--awb-spacing-left-medium:1.92%;--awb-width-small:100%;--awb-order-small:0;--awb-spacing-right-small:1.92%;--awb-spacing-left-small:1.92%;\" data-scroll-devices=\"small-visibility,medium-visibility,large-visibility\"><div class=\"fusion-column-wrapper fusion-column-has-shadow fusion-flex-justify-content-center fusion-content-layout-row fusion-content-nowrap\"><div class=\"fusion-separator\" style=\"align-self: center;margin-left: auto;margin-right: auto;margin-top:50px;margin-bottom:20px;width:100%;max-width:60%;\"><div class=\"fusion-separator-border sep-single sep-solid\" style=\"--awb-height:20px;--awb-amount:20px;--awb-sep-color:var(--awb-color6);border-color:var(--awb-color6);border-top-width:1px;\"><\/div><\/div><\/div><\/div><\/div><\/div>\n<div class=\"fusion-fullwidth fullwidth-box fusion-builder-row-3 fusion-flex-container has-pattern-background has-mask-background nonhundred-percent-fullwidth non-hundred-percent-height-scrolling\" style=\"--awb-background-position:right center;--awb-border-radius-top-left:0px;--awb-border-radius-top-right:0px;--awb-border-radius-bottom-right:0px;--awb-border-radius-bottom-left:0px;--awb-padding-top:50px;--awb-padding-right:;--awb-padding-bottom:50px;--awb-background-color:#ffffff;--awb-flex-wrap:wrap;\" ><div class=\"fusion-builder-row fusion-row fusion-flex-align-items-flex-start fusion-flex-align-content-center fusion-flex-content-wrap\" style=\"max-width:1248px;margin-left: calc(-4% \/ 2 );margin-right: calc(-4% \/ 2 );\"><div class=\"fusion-layout-column fusion_builder_column fusion-builder-column-4 fusion_builder_column_1_1 1_1 fusion-flex-column fusion-flex-align-self-flex-start\" style=\"--awb-bg-size:cover;--awb-width-large:100%;--awb-margin-top-large:0px;--awb-spacing-right-large:1.92%;--awb-margin-bottom-large:20px;--awb-spacing-left-large:1.92%;--awb-width-medium:100%;--awb-order-medium:0;--awb-spacing-right-medium:1.92%;--awb-spacing-left-medium:1.92%;--awb-width-small:100%;--awb-order-small:0;--awb-spacing-right-small:1.92%;--awb-spacing-left-small:1.92%;\" data-scroll-devices=\"small-visibility,medium-visibility,large-visibility\"><div class=\"fusion-column-wrapper fusion-column-has-shadow fusion-flex-justify-content-flex-start fusion-content-layout-column\"><div class=\"fusion-text fusion-text-9 fusion-text-no-margin\" style=\"--awb-content-alignment:center;--awb-font-size:26px;--awb-text-transform:uppercase;--awb-margin-top:50px;--awb-margin-bottom:50px;\"><p style=\"text-align: center;\"><strong>Bestellen Sie Ihr Zahnabdruckset<\/strong><\/p>\n<\/div><div style=\"text-align:center;\"><a class=\"fusion-button button-flat fusion-button-default-size button-custom fusion-button-default button-1 fusion-button-default-span fusion-button-default-type\" style=\"--button_accent_color:var(--awb-color1);--button_accent_hover_color:#75777c;--button_border_hover_color:#75777c;--button_gradient_top_color:var(--awb-custom_color_1);--button_gradient_bottom_color:var(--awb-custom_color_1);--button_gradient_top_color_hover:rgba(0,21,255,0);--button_gradient_bottom_color_hover:rgba(0,21,255,0);--button_text_transform:uppercase;--button_margin-top:10px;--button_margin-bottom:10px;\" target=\"_self\" href=\"https:\/\/alignae.com\/de\/produkt\/abformungsset\/\"><span class=\"fusion-button-text awb-button__text awb-button__text--default\">JETZT BEGINNEN!<\/span><\/a><\/div><div class=\"fusion-text fusion-text-10\" style=\"--awb-font-size:10px;\"><p style=\"text-align: center;\">Kein Risiko. 100% garantiert.<\/p>\n<\/div><div class=\"fusion-text fusion-text-11 fusion-text-no-margin\" style=\"--awb-margin-top:20px;--awb-margin-bottom:20px;\"><p style=\"text-align: center;\">Haben Sie noch Fragen? <a href=\"https:\/\/alignae.com\/de\/help-center\/\">Sehen Sie sich unsere FAQs an<\/a><\/p>\n<\/div><\/div><\/div><\/div><\/div>\n<\/p>","protected":false},"excerpt":{"rendered":"","protected":false},"author":1,"featured_media":0,"parent":0,"menu_order":0,"comment_status":"closed","ping_status":"closed","template":"100-width.php","meta":{"_glsr_average":0,"_glsr_ranking":0,"_glsr_reviews":0,"footnotes":""},"class_list":["post-29409","page","type-page","status-publish","hentry"],"_links":{"self":[{"href":"https:\/\/alignae.com\/de\/wp-json\/wp\/v2\/pages\/29409","targetHints":{"allow":["GET"]}}],"collection":[{"href":"https:\/\/alignae.com\/de\/wp-json\/wp\/v2\/pages"}],"about":[{"href":"https:\/\/alignae.com\/de\/wp-json\/wp\/v2\/types\/page"}],"author":[{"embeddable":true,"href":"https:\/\/alignae.com\/de\/wp-json\/wp\/v2\/users\/1"}],"replies":[{"embeddable":true,"href":"https:\/\/alignae.com\/de\/wp-json\/wp\/v2\/comments?post=29409"}],"version-history":[{"count":15,"href":"https:\/\/alignae.com\/de\/wp-json\/wp\/v2\/pages\/29409\/revisions"}],"predecessor-version":[{"id":29796,"href":"https:\/\/alignae.com\/de\/wp-json\/wp\/v2\/pages\/29409\/revisions\/29796"}],"wp:attachment":[{"href":"https:\/\/alignae.com\/de\/wp-json\/wp\/v2\/media?parent=29409"}],"curies":[{"name":"wp","href":"https:\/\/api.w.org\/{rel}","templated":true}]}}