{"id":29592,"date":"2023-10-24T18:41:59","date_gmt":"2023-10-24T16:41:59","guid":{"rendered":"https:\/\/alignae.com\/?page_id=29592"},"modified":"2023-10-24T19:01:23","modified_gmt":"2023-10-24T17:01:23","slug":"datenschutzrichtlinie","status":"publish","type":"page","link":"https:\/\/alignae.com\/de\/politique-de-confidentialite\/","title":{"rendered":"Datenschutzrichtlinie"},"content":{"rendered":"<p><div class=\"fusion-fullwidth fullwidth-box fusion-builder-row-1 fusion-flex-container has-pattern-background has-mask-background nonhundred-percent-fullwidth non-hundred-percent-height-scrolling\" style=\"--awb-border-radius-top-left:0px;--awb-border-radius-top-right:0px;--awb-border-radius-bottom-right:0px;--awb-border-radius-bottom-left:0px;--awb-padding-top:50px;--awb-flex-wrap:wrap;\" ><div class=\"fusion-builder-row fusion-row fusion-flex-align-items-flex-start fusion-flex-content-wrap\" style=\"max-width:1248px;margin-left: calc(-4% \/ 2 );margin-right: calc(-4% \/ 2 );\"><div class=\"fusion-layout-column fusion_builder_column fusion-builder-column-0 fusion_builder_column_2_3 2_3 fusion-flex-column\" style=\"--awb-bg-size:cover;--awb-width-large:66.666666666667%;--awb-margin-top-large:0px;--awb-spacing-right-large:2.88%;--awb-margin-bottom-large:20px;--awb-spacing-left-large:2.88%;--awb-width-medium:66.666666666667%;--awb-order-medium:0;--awb-spacing-right-medium:2.88%;--awb-spacing-left-medium:2.88%;--awb-width-small:100%;--awb-order-small:0;--awb-spacing-right-small:1.92%;--awb-spacing-left-small:1.92%;\"><div class=\"fusion-column-wrapper fusion-column-has-shadow fusion-flex-justify-content-flex-start fusion-content-layout-column\"><div class=\"fusion-title title fusion-title-1 fusion-sep-none fusion-title-text fusion-title-size-one\" style=\"--awb-margin-top-small:10px;--awb-margin-right-small:0px;--awb-margin-bottom-small:10px;--awb-margin-left-small:0px;\"><h1 class=\"fusion-title-heading title-heading-left\" style=\"margin:0;text-transform:uppercase;\">Datenschutzrichtlinie<\/h1><\/div><div class=\"fusion-menu-anchor\" id=\"1\"><\/div><div class=\"fusion-text fusion-text-1\"><h3>Informationen \u00fcber das Unternehmen<\/h3>\n<p>Bei jedem Besucher unserer Webseite erkennt unser Webserver automatisch nur den Domainnamen des Verbrauchers, nicht aber die E-Mail-Adresse (falls m\u00f6glich). Wir sammeln den Domainnamen und die E-Mail-Adresse (falls m\u00f6glich) der Besucher unserer Webseite, fassen Informationen \u00fcber die Seiten zusammen, auf die Verbraucher zugreifen oder die sie besuchen, nutzerspezifische Informationen \u00fcber die Seiten, auf die Verbraucher zugreifen oder die sie besuchen, Informationen, die der Verbraucher freiwillig zur Verf\u00fcgung stellt, z. B. als Umfrageinformationen und\/oder Website-Registrierungen. Die von uns gesammelten Informationen werden zu internen Pr\u00fcfungszwecken verwendet, dann gel\u00f6scht und zur Verbesserung des Inhalts unserer Webseite verwendet.<\/p>\n<\/div><div class=\"fusion-menu-anchor\" id=\"2\"><\/div><div class=\"fusion-text fusion-text-2\"><h3>Verwendung von Cookies<\/h3>\n<p>Wir verwenden Cookies, um Sitzungsinformationen zu speichern, z. B. welche Artikel Verbraucher in ihren Warenkorb legen, und um Formularfelder zu Ihrer Bequemlichkeit vorauszuf\u00fcllen.<\/p>\n<\/div><div class=\"fusion-menu-anchor\" id=\"3\"><\/div><div class=\"fusion-text fusion-text-3\"><h3>Abmeldepolitik und Verwendung von Informationen<\/h3>\n<p>Wenn Sie in Zukunft keine E-Mails mehr von uns erhalten m\u00f6chten, teilen Sie uns dies bitte mit, indem Sie uns eine E-Mail an die oben genannte Adresse schicken oder sich mithilfe des Links am Ende jeder von uns versendeten E-Mail abmelden. Personen, die uns online ihre Telefonnummer mitteilen, erhalten von uns einen telefonischen Kontakt ausschlie\u00dflich mit Informationen \u00fcber die Bestellungen, die sie online aufgegeben haben. Von Zeit zu Zeit k\u00f6nnen wir die Kundeninformationen f\u00fcr neue, unvorhergesehene Zwecke verwenden, die zuvor nicht in unserer Datenschutzerkl\u00e4rung offengelegt wurden. Wenn sich unsere Informationspraktiken zu irgendeinem Zeitpunkt in der Zukunft \u00e4ndern, werden wir f\u00fcr diese neuen Zwecke nur die Daten verwenden, die ab dem Zeitpunkt der \u00c4nderung der Richtlinien gesammelt wurden. Kunden k\u00f6nnen verhindern, dass ihre Daten f\u00fcr andere Zwecke als die, f\u00fcr die sie urspr\u00fcnglich gesammelt wurden, verwendet werden, indem sie uns einfach eine E-Mail an die oben genannte Adresse schicken.<\/p>\n<\/div><div class=\"fusion-menu-anchor\" id=\"4\"><\/div><div class=\"fusion-text fusion-text-4\"><h3>Sicherheitsrichtlinien<\/h3>\n<p>In Bezug auf Sicherheit: Wir haben angemessene Sicherheitsma\u00dfnahmen in unseren physischen Einrichtungen eingef\u00fchrt, um uns vor Verlust, Missbrauch oder \u00c4nderung der Informationen zu sch\u00fctzen, die wir von Ihnen auf unserer Website gesammelt haben, und wenn wir bestimmte Arten von sensiblen Informationen \u00fcbertragen und erhalten, wie z. B. als Finanzinformationen, leiten wir die Besucher auf einen sicheren Server um, der SSL-Verschl\u00fcsselung verwendet.<\/p>\n<\/div><\/div><\/div><div class=\"fusion-layout-column fusion_builder_column fusion-builder-column-1 fusion_builder_column_1_3 1_3 fusion-flex-column\" style=\"--awb-bg-size:cover;--awb-width-large:33.333333333333%;--awb-margin-top-large:0px;--awb-spacing-right-large:5.76%;--awb-margin-bottom-large:20px;--awb-spacing-left-large:5.76%;--awb-width-medium:33.333333333333%;--awb-order-medium:0;--awb-spacing-right-medium:5.76%;--awb-spacing-left-medium:5.76%;--awb-width-small:100%;--awb-order-small:0;--awb-spacing-right-small:1.92%;--awb-spacing-left-small:1.92%;\"><div class=\"fusion-column-wrapper fusion-column-has-shadow fusion-flex-justify-content-flex-start fusion-content-layout-column\"><div class=\"fusion-text fusion-text-5\"><p><a href=\"#1\">Gesammelte Informationen<\/a><\/p>\n<p><a href=\"#2\">Verwendung von Cookies<\/a><\/p>\n<p><a href=\"#3\">Abmeldepolitik und Verwendung von Informationen<\/a><\/p>\n<p><a href=\"#4\">Sicherheitsrichtlinien<\/a><\/p>\n<\/div><\/div><\/div><\/div><\/div><div class=\"fusion-fullwidth fullwidth-box fusion-builder-row-2 fusion-flex-container has-pattern-background has-mask-background nonhundred-percent-fullwidth non-hundred-percent-height-scrolling\" style=\"--awb-background-position:right center;--awb-border-radius-top-left:0px;--awb-border-radius-top-right:0px;--awb-border-radius-bottom-right:0px;--awb-border-radius-bottom-left:0px;--awb-padding-top:50px;--awb-padding-right:100px;--awb-padding-bottom:50px;--awb-padding-left:100px;--awb-background-color:#ffffff;--awb-flex-wrap:wrap;\" ><div class=\"fusion-builder-row fusion-row fusion-flex-align-items-flex-start fusion-flex-justify-content-center fusion-flex-content-wrap\" style=\"max-width:1248px;margin-left: calc(-4% \/ 2 );margin-right: calc(-4% \/ 2 );\"><div class=\"fusion-layout-column fusion_builder_column fusion-builder-column-2 fusion_builder_column_1_1 1_1 fusion-flex-column\" style=\"--awb-bg-size:cover;--awb-width-large:100%;--awb-margin-top-large:0px;--awb-spacing-right-large:1.92%;--awb-margin-bottom-large:20px;--awb-spacing-left-large:1.92%;--awb-width-medium:100%;--awb-order-medium:0;--awb-spacing-right-medium:1.92%;--awb-spacing-left-medium:1.92%;--awb-width-small:100%;--awb-order-small:0;--awb-spacing-right-small:1.92%;--awb-spacing-left-small:1.92%;\" data-scroll-devices=\"small-visibility,medium-visibility,large-visibility\"><div class=\"fusion-column-wrapper fusion-column-has-shadow fusion-flex-justify-content-center fusion-content-layout-column fusion-content-nowrap\"><div class=\"fusion-separator\" style=\"align-self: center;margin-left: auto;margin-right: auto;margin-top:20px;margin-bottom:50px;width:100%;max-width:60%;\"><div class=\"fusion-separator-border sep-single sep-solid\" style=\"--awb-height:20px;--awb-amount:20px;--awb-sep-color:var(--awb-color6);border-color:var(--awb-color6);border-top-width:1px;\"><\/div><\/div><div class=\"fusion-text fusion-text-6\" style=\"--awb-content-alignment:center;--awb-font-size:24px;--awb-text-transform:uppercase;\"><p style=\"text-align: center;\">GARANTIERT ZUFRIEDEN 100%<\/p>\n<\/div><div class=\"fusion-text fusion-text-7\"><p style=\"text-align: center;\">Es gibt keine zwei identischen Zahnstocher, jede wird nur f\u00fcr Sie in unserem Labor in Genf (Schweiz) mithilfe der neuesten, hochpr\u00e4zisen Technologie und einem einzigartigen Verfahren hergestellt, wobei garantiert Bisphenol A (BPA) und Phthalat-freier Kunststoff verwendet wird.<\/p>\n<\/div><\/div><\/div><div class=\"fusion-layout-column fusion_builder_column fusion-builder-column-3 fusion_builder_column_1_1 1_1 fusion-flex-column\" style=\"--awb-bg-size:cover;--awb-width-large:100%;--awb-margin-top-large:0px;--awb-spacing-right-large:1.92%;--awb-margin-bottom-large:20px;--awb-spacing-left-large:1.92%;--awb-width-medium:100%;--awb-order-medium:0;--awb-spacing-right-medium:1.92%;--awb-spacing-left-medium:1.92%;--awb-width-small:100%;--awb-order-small:0;--awb-spacing-right-small:1.92%;--awb-spacing-left-small:1.92%;\" data-scroll-devices=\"small-visibility,medium-visibility,large-visibility\"><div class=\"fusion-column-wrapper fusion-column-has-shadow fusion-flex-justify-content-center fusion-content-layout-row\"><div class=\"fusion-image-element\" style=\"--awb-margin-right:10px;--awb-margin-left:10px;--awb-caption-title-font-family:var(--h2_typography-font-family);--awb-caption-title-font-weight:var(--h2_typography-font-weight);--awb-caption-title-font-style:var(--h2_typography-font-style);--awb-caption-title-size:var(--h2_typography-font-size);--awb-caption-title-transform:var(--h2_typography-text-transform);--awb-caption-title-line-height:var(--h2_typography-line-height);--awb-caption-title-letter-spacing:var(--h2_typography-letter-spacing);\"><span class=\"fusion-imageframe imageframe-none imageframe-1 hover-type-none\"><img decoding=\"async\" width=\"150\" height=\"150\" title=\"100% Zufriedenheit\" src=\"http:\/\/alignae.com\/wp-content\/uploads\/2023\/11\/satisfaction-150.png\" alt class=\"img-responsive wp-image-29935\" srcset=\"https:\/\/alignae.com\/wp-content\/uploads\/2023\/11\/satisfaction-150-12x12.png 12w, https:\/\/alignae.com\/wp-content\/uploads\/2023\/11\/satisfaction-150-66x66.png 66w, https:\/\/alignae.com\/wp-content\/uploads\/2023\/11\/satisfaction-150.png 150w\" sizes=\"(max-width: 150px) 100vw, 150px\" \/><\/span><\/div><div class=\"fusion-image-element\" style=\"--awb-margin-right:10px;--awb-margin-left:10px;--awb-caption-title-font-family:var(--h2_typography-font-family);--awb-caption-title-font-weight:var(--h2_typography-font-weight);--awb-caption-title-font-style:var(--h2_typography-font-style);--awb-caption-title-size:var(--h2_typography-font-size);--awb-caption-title-transform:var(--h2_typography-text-transform);--awb-caption-title-line-height:var(--h2_typography-line-height);--awb-caption-title-letter-spacing:var(--h2_typography-letter-spacing);\"><span class=\"fusion-imageframe imageframe-none imageframe-2 hover-type-none\"><img decoding=\"async\" width=\"150\" height=\"150\" title=\"schnelle Lieferung\" src=\"http:\/\/alignae.com\/wp-content\/uploads\/2023\/11\/fast-delivery-150.png\" alt class=\"img-responsive wp-image-29936\" srcset=\"https:\/\/alignae.com\/wp-content\/uploads\/2023\/11\/fast-delivery-150-12x12.png 12w, https:\/\/alignae.com\/wp-content\/uploads\/2023\/11\/fast-delivery-150-66x66.png 66w, https:\/\/alignae.com\/wp-content\/uploads\/2023\/11\/fast-delivery-150.png 150w\" sizes=\"(max-width: 150px) 100vw, 150px\" \/><\/span><\/div><div class=\"fusion-image-element\" style=\"--awb-margin-right:10px;--awb-margin-left:10px;--awb-caption-title-font-family:var(--h2_typography-font-family);--awb-caption-title-font-weight:var(--h2_typography-font-weight);--awb-caption-title-font-style:var(--h2_typography-font-style);--awb-caption-title-size:var(--h2_typography-font-size);--awb-caption-title-transform:var(--h2_typography-text-transform);--awb-caption-title-line-height:var(--h2_typography-line-height);--awb-caption-title-letter-spacing:var(--h2_typography-letter-spacing);\"><span class=\"fusion-imageframe imageframe-none imageframe-3 hover-type-none\"><img decoding=\"async\" width=\"150\" height=\"150\" title=\"swiss made\" src=\"http:\/\/alignae.com\/wp-content\/uploads\/2023\/11\/swiss-made-150.png\" alt class=\"img-responsive wp-image-29937\" srcset=\"https:\/\/alignae.com\/wp-content\/uploads\/2023\/11\/swiss-made-150-12x12.png 12w, https:\/\/alignae.com\/wp-content\/uploads\/2023\/11\/swiss-made-150-66x66.png 66w, https:\/\/alignae.com\/wp-content\/uploads\/2023\/11\/swiss-made-150.png 150w\" sizes=\"(max-width: 150px) 100vw, 150px\" \/><\/span><\/div><\/div><\/div><div class=\"fusion-layout-column fusion_builder_column fusion-builder-column-4 fusion_builder_column_1_1 1_1 fusion-flex-column\" style=\"--awb-bg-size:cover;--awb-width-large:100%;--awb-margin-top-large:0px;--awb-spacing-right-large:1.92%;--awb-margin-bottom-large:20px;--awb-spacing-left-large:1.92%;--awb-width-medium:100%;--awb-order-medium:0;--awb-spacing-right-medium:1.92%;--awb-spacing-left-medium:1.92%;--awb-width-small:100%;--awb-order-small:0;--awb-spacing-right-small:1.92%;--awb-spacing-left-small:1.92%;\" data-scroll-devices=\"small-visibility,medium-visibility,large-visibility\"><div class=\"fusion-column-wrapper fusion-column-has-shadow fusion-flex-justify-content-center fusion-content-layout-row fusion-content-nowrap\"><div class=\"fusion-separator\" style=\"align-self: center;margin-left: auto;margin-right: auto;margin-top:50px;margin-bottom:20px;width:100%;max-width:60%;\"><div class=\"fusion-separator-border sep-single sep-solid\" style=\"--awb-height:20px;--awb-amount:20px;--awb-sep-color:var(--awb-color6);border-color:var(--awb-color6);border-top-width:1px;\"><\/div><\/div><\/div><\/div><\/div><\/div>\n<div class=\"fusion-fullwidth fullwidth-box fusion-builder-row-3 fusion-flex-container has-pattern-background has-mask-background nonhundred-percent-fullwidth non-hundred-percent-height-scrolling\" style=\"--awb-background-position:right center;--awb-border-radius-top-left:0px;--awb-border-radius-top-right:0px;--awb-border-radius-bottom-right:0px;--awb-border-radius-bottom-left:0px;--awb-padding-top:50px;--awb-padding-right:;--awb-padding-bottom:50px;--awb-background-color:#ffffff;--awb-flex-wrap:wrap;\" ><div class=\"fusion-builder-row fusion-row fusion-flex-align-items-flex-start fusion-flex-align-content-center fusion-flex-content-wrap\" style=\"max-width:1248px;margin-left: calc(-4% \/ 2 );margin-right: calc(-4% \/ 2 );\"><div class=\"fusion-layout-column fusion_builder_column fusion-builder-column-5 fusion_builder_column_1_1 1_1 fusion-flex-column fusion-flex-align-self-flex-start\" style=\"--awb-bg-size:cover;--awb-width-large:100%;--awb-margin-top-large:0px;--awb-spacing-right-large:1.92%;--awb-margin-bottom-large:20px;--awb-spacing-left-large:1.92%;--awb-width-medium:100%;--awb-order-medium:0;--awb-spacing-right-medium:1.92%;--awb-spacing-left-medium:1.92%;--awb-width-small:100%;--awb-order-small:0;--awb-spacing-right-small:1.92%;--awb-spacing-left-small:1.92%;\" data-scroll-devices=\"small-visibility,medium-visibility,large-visibility\"><div class=\"fusion-column-wrapper fusion-column-has-shadow fusion-flex-justify-content-flex-start fusion-content-layout-column\"><div class=\"fusion-text fusion-text-8 fusion-text-no-margin\" style=\"--awb-content-alignment:center;--awb-font-size:26px;--awb-text-transform:uppercase;--awb-margin-top:50px;--awb-margin-bottom:50px;\"><p style=\"text-align: center;\"><strong>Bestellen Sie Ihr Zahnabdruckset<\/strong><\/p>\n<\/div><div style=\"text-align:center;\"><a class=\"fusion-button button-flat fusion-button-default-size button-custom fusion-button-default button-1 fusion-button-default-span fusion-button-default-type\" style=\"--button_accent_color:var(--awb-color1);--button_accent_hover_color:#75777c;--button_border_hover_color:#75777c;--button_gradient_top_color:var(--awb-custom_color_1);--button_gradient_bottom_color:var(--awb-custom_color_1);--button_gradient_top_color_hover:rgba(0,21,255,0);--button_gradient_bottom_color_hover:rgba(0,21,255,0);--button_text_transform:uppercase;--button_margin-top:10px;--button_margin-bottom:10px;\" target=\"_self\" href=\"https:\/\/alignae.com\/de\/produkt\/abformungsset\/\"><span class=\"fusion-button-text awb-button__text awb-button__text--default\">JETZT BEGINNEN!<\/span><\/a><\/div><div class=\"fusion-text fusion-text-9\" style=\"--awb-font-size:10px;\"><p style=\"text-align: center;\">Kein Risiko. 100% garantiert.<\/p>\n<\/div><div class=\"fusion-text fusion-text-10 fusion-text-no-margin\" style=\"--awb-margin-top:20px;--awb-margin-bottom:20px;\"><p style=\"text-align: center;\">Haben Sie noch Fragen? <a href=\"https:\/\/alignae.com\/de\/help-center\/\">Sehen Sie sich unsere FAQs an<\/a><\/p>\n<\/div><\/div><\/div><\/div><\/div>\n<\/p>","protected":false},"excerpt":{"rendered":"","protected":false},"author":1,"featured_media":0,"parent":0,"menu_order":0,"comment_status":"closed","ping_status":"closed","template":"100-width.php","meta":{"_glsr_average":0,"_glsr_ranking":0,"_glsr_reviews":0,"footnotes":""},"class_list":["post-29592","page","type-page","status-publish","hentry"],"_links":{"self":[{"href":"https:\/\/alignae.com\/de\/wp-json\/wp\/v2\/pages\/29592","targetHints":{"allow":["GET"]}}],"collection":[{"href":"https:\/\/alignae.com\/de\/wp-json\/wp\/v2\/pages"}],"about":[{"href":"https:\/\/alignae.com\/de\/wp-json\/wp\/v2\/types\/page"}],"author":[{"embeddable":true,"href":"https:\/\/alignae.com\/de\/wp-json\/wp\/v2\/users\/1"}],"replies":[{"embeddable":true,"href":"https:\/\/alignae.com\/de\/wp-json\/wp\/v2\/comments?post=29592"}],"version-history":[{"count":2,"href":"https:\/\/alignae.com\/de\/wp-json\/wp\/v2\/pages\/29592\/revisions"}],"predecessor-version":[{"id":29594,"href":"https:\/\/alignae.com\/de\/wp-json\/wp\/v2\/pages\/29592\/revisions\/29594"}],"wp:attachment":[{"href":"https:\/\/alignae.com\/de\/wp-json\/wp\/v2\/media?parent=29592"}],"curies":[{"name":"wp","href":"https:\/\/api.w.org\/{rel}","templated":true}]}}