{"id":31433,"date":"2024-03-07T21:11:11","date_gmt":"2024-03-07T20:11:11","guid":{"rendered":"https:\/\/alignae.com\/?page_id=31433"},"modified":"2024-03-07T21:14:13","modified_gmt":"2024-03-07T20:14:13","slug":"datenschutzrichtlinie-3","status":"publish","type":"page","link":"https:\/\/alignae.com\/de\/mentions-legales\/","title":{"rendered":"Rechtliche Hinweise"},"content":{"rendered":"<p><div class=\"fusion-fullwidth fullwidth-box fusion-builder-row-1 fusion-flex-container has-pattern-background has-mask-background nonhundred-percent-fullwidth non-hundred-percent-height-scrolling\" style=\"--awb-border-radius-top-left:0px;--awb-border-radius-top-right:0px;--awb-border-radius-bottom-right:0px;--awb-border-radius-bottom-left:0px;--awb-padding-top:50px;--awb-flex-wrap:wrap;\" ><div class=\"fusion-builder-row fusion-row fusion-flex-align-items-flex-start fusion-flex-content-wrap\" style=\"max-width:1248px;margin-left: calc(-4% \/ 2 );margin-right: calc(-4% \/ 2 );\"><div class=\"fusion-layout-column fusion_builder_column fusion-builder-column-0 fusion_builder_column_2_3 2_3 fusion-flex-column\" style=\"--awb-bg-size:cover;--awb-width-large:66.666666666667%;--awb-margin-top-large:0px;--awb-spacing-right-large:2.88%;--awb-margin-bottom-large:20px;--awb-spacing-left-large:2.88%;--awb-width-medium:66.666666666667%;--awb-order-medium:0;--awb-spacing-right-medium:2.88%;--awb-spacing-left-medium:2.88%;--awb-width-small:100%;--awb-order-small:0;--awb-spacing-right-small:1.92%;--awb-spacing-left-small:1.92%;\"><div class=\"fusion-column-wrapper fusion-column-has-shadow fusion-flex-justify-content-flex-start fusion-content-layout-column\"><div class=\"fusion-title title fusion-title-1 fusion-sep-none fusion-title-text fusion-title-size-one\" style=\"--awb-margin-top-small:10px;--awb-margin-right-small:0px;--awb-margin-bottom-small:10px;--awb-margin-left-small:0px;\"><h1 class=\"fusion-title-heading title-heading-left\" style=\"margin:0;text-transform:uppercase;\">Rechtliche Hinweise<\/h1><\/div><div class=\"fusion-menu-anchor\" id=\"1\"><\/div><div class=\"fusion-text fusion-text-1\"><h3>Informationen \u00fcber das Unternehmen<\/h3>\n<p>GoodLab ist eine Gesellschaft mit beschr\u00e4nkter Haftung mit einem Stammkapital von 1000 \u20ac, mit Sitz in Sakala 7-2 in Tallinn (EE-10141), die im Handelsregister unter der Nummer 16845679 eingetragen ist und deren Mehrwertsteuernummer EE102670095 lautet.<\/p>\n<p>Goodlab ist Herausgeber der Website, die unter der Adresse https:\/\/www.alignae.com\/ zug\u00e4nglich ist, und kann per E-Mail unter info(a)alignae.com und per Post unter den folgenden Adressen kontaktiert werden:<span class=\"Apple-converted-space\">\u00a0<\/span><\/p>\n<p>- Alignae C\/o Goodlab, Sakala 7-2, EE-10141 Tallinn<br \/>\n- Alignae C\/o Goodlab, 41 cours de la Libert\u00e9, FR-69003 Lyon<br \/>\n- Alignae C\/o Goodlab, Pont-Rouge 4, CH-1212 Lancy<\/p>\n<p>Wenn Sie Fragen zum Unternehmen haben, k\u00f6nnen Sie uns Ihre Fragen per E-Mail oder Post schicken.<\/p>\n<\/div><div class=\"fusion-menu-anchor\" id=\"2\"><\/div><div class=\"fusion-text fusion-text-2\"><h3>Unterkunft<\/h3>\n<p>Die unter der Adresse https:\/\/www.alignae.com\/ zug\u00e4ngliche Website wird von der Firma Infomaniak gehostet, deren Kontaktdaten wie folgt lauten: Infomaniak Network SA, Rue Eug\u00e8ne Marziano 25, 1227 Les Acacias (GE)<\/p>\n<\/div><div class=\"fusion-menu-anchor\" id=\"3\"><\/div><div class=\"fusion-text fusion-text-3\"><h3>Richtlinien f\u00fcr die Verwendung von Cookies<\/h3>\n<p>Goodlab verwendet Cookies, um die Navigation, gezielte Werbung und anonyme Publikumsmessung zu erm\u00f6glichen.<\/p>\n<\/div><div class=\"fusion-menu-anchor\" id=\"4\"><\/div><div class=\"fusion-text fusion-text-4\"><h3>Haftungsausschluss<\/h3>\n<p>Die Inhalte unserer Seiten wurden mit gr\u00f6\u00dftm\u00f6glicher Sorgfalt erstellt. Wir k\u00f6nnen jedoch nicht garantieren, dass der Inhalt korrekt, vollst\u00e4ndig und aktuell ist.<\/p>\n<\/div><div class=\"fusion-menu-anchor\" id=\"5\"><\/div><div class=\"fusion-text fusion-text-5\"><h3>Copyright<\/h3>\n<p>Die durch die Seitenbetreiber erstellten Inhalte und Werke auf diesen Seiten unterliegen dem Urheberrecht. Die Vervielf\u00e4ltigung, Bearbeitung, Verbreitung und jede Art der Verwertung au\u00dferhalb der Grenzen des Urheberrechtes bed\u00fcrfen der schriftlichen Zustimmung des jeweiligen Autors bzw. Erstellers. Downloads und Kopien dieser Seiten sind nur f\u00fcr den privaten, nicht kommerziellen Gebrauch gestattet. Sollten Sie dennoch auf eine Urheberrechtsverletzung aufmerksam werden, bitten wir um einen entsprechenden Hinweis. Bei Bekanntwerden von Rechtsverletzungen werden wir derartige Inhalte umgehend entfernen.<\/p>\n<\/div><\/div><\/div><div class=\"fusion-layout-column fusion_builder_column fusion-builder-column-1 fusion_builder_column_1_3 1_3 fusion-flex-column\" style=\"--awb-bg-size:cover;--awb-width-large:33.333333333333%;--awb-margin-top-large:0px;--awb-spacing-right-large:5.76%;--awb-margin-bottom-large:20px;--awb-spacing-left-large:5.76%;--awb-width-medium:33.333333333333%;--awb-order-medium:0;--awb-spacing-right-medium:5.76%;--awb-spacing-left-medium:5.76%;--awb-width-small:100%;--awb-order-small:0;--awb-spacing-right-small:1.92%;--awb-spacing-left-small:1.92%;\"><div class=\"fusion-column-wrapper fusion-column-has-shadow fusion-flex-justify-content-flex-start fusion-content-layout-column\"><div class=\"fusion-text fusion-text-6\"><p><a href=\"#1\">Informationen<\/a><\/p>\n<p><a href=\"#2\">Unterkunft<\/a><\/p>\n<p><a href=\"#3\">Cookies<\/a><\/p>\n<p><a href=\"#4\">Haftungsausschluss<\/a><\/p>\n<p><a href=\"#5\">Copyright<\/a><\/p>\n<\/div><\/div><\/div><\/div><\/div><div class=\"fusion-fullwidth fullwidth-box fusion-builder-row-2 fusion-flex-container has-pattern-background has-mask-background nonhundred-percent-fullwidth non-hundred-percent-height-scrolling\" style=\"--awb-background-position:right center;--awb-border-radius-top-left:0px;--awb-border-radius-top-right:0px;--awb-border-radius-bottom-right:0px;--awb-border-radius-bottom-left:0px;--awb-padding-top:50px;--awb-padding-right:;--awb-padding-bottom:50px;--awb-background-color:#ffffff;--awb-flex-wrap:wrap;\" ><div class=\"fusion-builder-row fusion-row fusion-flex-align-items-flex-start fusion-flex-align-content-center fusion-flex-content-wrap\" style=\"max-width:1248px;margin-left: calc(-4% \/ 2 );margin-right: calc(-4% \/ 2 );\"><div class=\"fusion-layout-column fusion_builder_column fusion-builder-column-2 fusion_builder_column_1_1 1_1 fusion-flex-column fusion-flex-align-self-flex-start\" style=\"--awb-bg-size:cover;--awb-width-large:100%;--awb-margin-top-large:0px;--awb-spacing-right-large:1.92%;--awb-margin-bottom-large:20px;--awb-spacing-left-large:1.92%;--awb-width-medium:100%;--awb-order-medium:0;--awb-spacing-right-medium:1.92%;--awb-spacing-left-medium:1.92%;--awb-width-small:100%;--awb-order-small:0;--awb-spacing-right-small:1.92%;--awb-spacing-left-small:1.92%;\" data-scroll-devices=\"small-visibility,medium-visibility,large-visibility\"><div class=\"fusion-column-wrapper fusion-column-has-shadow fusion-flex-justify-content-flex-start fusion-content-layout-column\"><div class=\"fusion-text fusion-text-7 fusion-text-no-margin\" style=\"--awb-content-alignment:center;--awb-font-size:26px;--awb-text-transform:uppercase;--awb-margin-top:50px;--awb-margin-bottom:50px;\"><p style=\"text-align: center;\"><strong>Bestellen Sie Ihr Zahnabdruckset<\/strong><\/p>\n<\/div><div style=\"text-align:center;\"><a class=\"fusion-button button-flat fusion-button-default-size button-custom fusion-button-default button-1 fusion-button-default-span fusion-button-default-type\" style=\"--button_accent_color:var(--awb-color1);--button_accent_hover_color:#75777c;--button_border_hover_color:#75777c;--button_gradient_top_color:var(--awb-custom_color_1);--button_gradient_bottom_color:var(--awb-custom_color_1);--button_gradient_top_color_hover:rgba(0,21,255,0);--button_gradient_bottom_color_hover:rgba(0,21,255,0);--button_text_transform:uppercase;--button_margin-top:10px;--button_margin-bottom:10px;\" target=\"_self\" href=\"https:\/\/alignae.com\/de\/produkt\/abformungsset\/\"><span class=\"fusion-button-text awb-button__text awb-button__text--default\">JETZT BEGINNEN!<\/span><\/a><\/div><div class=\"fusion-text fusion-text-8\" style=\"--awb-font-size:10px;\"><p style=\"text-align: center;\">Kein Risiko. 100% garantiert.<\/p>\n<\/div><div class=\"fusion-text fusion-text-9 fusion-text-no-margin\" style=\"--awb-margin-top:20px;--awb-margin-bottom:20px;\"><p style=\"text-align: center;\">Haben Sie noch Fragen? <a href=\"https:\/\/alignae.com\/de\/help-center\/\">Sehen Sie sich unsere FAQs an<\/a><\/p>\n<\/div><\/div><\/div><\/div><\/div>\n<\/p>","protected":false},"excerpt":{"rendered":"","protected":false},"author":1,"featured_media":0,"parent":0,"menu_order":0,"comment_status":"closed","ping_status":"closed","template":"100-width.php","meta":{"_glsr_average":0,"_glsr_ranking":0,"_glsr_reviews":0,"footnotes":""},"class_list":["post-31433","page","type-page","status-publish","hentry"],"_links":{"self":[{"href":"https:\/\/alignae.com\/de\/wp-json\/wp\/v2\/pages\/31433","targetHints":{"allow":["GET"]}}],"collection":[{"href":"https:\/\/alignae.com\/de\/wp-json\/wp\/v2\/pages"}],"about":[{"href":"https:\/\/alignae.com\/de\/wp-json\/wp\/v2\/types\/page"}],"author":[{"embeddable":true,"href":"https:\/\/alignae.com\/de\/wp-json\/wp\/v2\/users\/1"}],"replies":[{"embeddable":true,"href":"https:\/\/alignae.com\/de\/wp-json\/wp\/v2\/comments?post=31433"}],"version-history":[{"count":2,"href":"https:\/\/alignae.com\/de\/wp-json\/wp\/v2\/pages\/31433\/revisions"}],"predecessor-version":[{"id":31435,"href":"https:\/\/alignae.com\/de\/wp-json\/wp\/v2\/pages\/31433\/revisions\/31435"}],"wp:attachment":[{"href":"https:\/\/alignae.com\/de\/wp-json\/wp\/v2\/media?parent=31433"}],"curies":[{"name":"wp","href":"https:\/\/api.w.org\/{rel}","templated":true}]}}