{"id":28953,"date":"2023-11-09T15:25:42","date_gmt":"2023-11-09T14:25:42","guid":{"rendered":"https:\/\/brio.immo\/?page_id=28953"},"modified":"2023-12-22T19:39:24","modified_gmt":"2023-12-22T18:39:24","slug":"devoluciones_devoluciones","status":"publish","type":"page","link":"https:\/\/alignae.com\/es\/remboursements_retours\/","title":{"rendered":"Pol\u00edtica de devoluciones y reembolsos"},"content":{"rendered":"<p><div class=\"fusion-fullwidth fullwidth-box fusion-builder-row-1 fusion-flex-container has-pattern-background has-mask-background nonhundred-percent-fullwidth non-hundred-percent-height-scrolling\" style=\"--awb-border-radius-top-left:0px;--awb-border-radius-top-right:0px;--awb-border-radius-bottom-right:0px;--awb-border-radius-bottom-left:0px;--awb-padding-top:50px;--awb-padding-bottom:50px;--awb-flex-wrap:wrap;\" ><div class=\"fusion-builder-row fusion-row fusion-flex-align-items-flex-start fusion-flex-content-wrap\" style=\"max-width:1248px;margin-left: calc(-4% \/ 2 );margin-right: calc(-4% \/ 2 );\"><div class=\"fusion-layout-column fusion_builder_column fusion-builder-column-0 fusion_builder_column_1_1 1_1 fusion-flex-column\" style=\"--awb-bg-size:cover;--awb-width-large:100%;--awb-margin-top-large:0px;--awb-spacing-right-large:1.92%;--awb-margin-bottom-large:0px;--awb-spacing-left-large:1.92%;--awb-width-medium:100%;--awb-spacing-right-medium:1.92%;--awb-spacing-left-medium:1.92%;--awb-width-small:100%;--awb-spacing-right-small:1.92%;--awb-spacing-left-small:1.92%;\"><div class=\"fusion-column-wrapper fusion-flex-justify-content-flex-start fusion-content-layout-column\"><div class=\"fusion-text fusion-text-1\"><p>Nuestra pol\u00edtica de reembolsos y devoluciones tiene una duraci\u00f3n de 30 d\u00edas. Si han pasado 30 d\u00edas desde su compra, no podemos ofrecerle un reembolso o cambio completo.<\/p>\n<\/div><div class=\"fusion-text fusion-text-2\"><h2>Reembolsos<\/h2>\n<p>Una vez recibida e inspeccionada su devoluci\u00f3n, le enviaremos un correo electr\u00f3nico para informarle de que hemos recibido su art\u00edculo devuelto. Tambi\u00e9n le comunicaremos si su devoluci\u00f3n ha sido aprobada o rechazada.<\/p>\n<p>Si se aprueba su solicitud, se procesar\u00e1 su reembolso y se aplicar\u00e1 autom\u00e1ticamente un cr\u00e9dito a su tarjeta de cr\u00e9dito o m\u00e9todo de pago original en un determinado n\u00famero de d\u00edas.<\/p>\n<\/div><div class=\"fusion-text fusion-text-3\"><h2>Intercambios<\/h2>\n<p>S\u00f3lo cambiaremos los art\u00edculos si est\u00e1n defectuosos o da\u00f1ados.<\/p>\n<\/div><div class=\"fusion-text fusion-text-4\"><h2>Env\u00edos y devoluciones<\/h2>\n<p>Usted ser\u00e1 responsable de pagar sus propios gastos de env\u00edo para devolver su art\u00edculo. Los gastos de env\u00edo no son reembolsables. Si recibe un reembolso, los gastos de env\u00edo de la devoluci\u00f3n se deducir\u00e1n de su reembolso.<\/p>\n<p>Dependiendo de d\u00f3nde viva, el tiempo que tarda en llegarle el producto intercambiado puede variar.<\/p>\n<\/div><div class=\"fusion-text fusion-text-5\"><h2>\u00bfNecesitas ayuda?<\/h2>\n<p><a href=\"https:\/\/alignae.com\/es\/pongase-en-contacto-con\/\">P\u00f3ngase en contacto con nosotros<\/a> para cuestiones relacionadas con reembolsos y devoluciones.<\/p>\n<\/div><\/div><\/div><\/div><\/div><div class=\"fusion-bg-parallax\" data-bg-align=\"left center\" data-direction=\"up\" data-mute=\"false\" data-opacity=\"100\" data-velocity=\"-0.6\" data-mobile-enabled=\"true\" data-break_parents=\"0\" data-bg-image=\"https:\/\/alignae.com\/wp-content\/uploads\/2023\/12\/Aligner-quiz-red.webp\" data-bg-repeat=\"false\" ><\/div><div class=\"fusion-fullwidth fullwidth-box fusion-builder-row-2 fusion-flex-container has-pattern-background has-mask-background fusion-parallax-up nonhundred-percent-fullwidth non-hundred-percent-height-scrolling\" style=\"--awb-background-position:left center;--awb-border-radius-top-left:0px;--awb-border-radius-top-right:0px;--awb-border-radius-bottom-right:0px;--awb-border-radius-bottom-left:0px;--awb-padding-top:50px;--awb-padding-bottom:50px;--awb-min-height:600px;--awb-background-image:url(&quot;https:\/\/alignae.com\/wp-content\/uploads\/2023\/12\/Aligner-quiz-red.webp&quot;);--awb-background-size:cover;--awb-flex-wrap:wrap;\" ><div class=\"fusion-builder-row fusion-row fusion-flex-align-items-flex-start fusion-flex-content-wrap\" style=\"max-width:1248px;margin-left: calc(-4% \/ 2 );margin-right: calc(-4% \/ 2 );\"><div class=\"fusion-layout-column fusion_builder_column fusion-builder-column-1 fusion_builder_column_1_1 1_1 fusion-flex-column fusion-flex-align-self-center\" style=\"--awb-bg-size:cover;--awb-width-large:100%;--awb-margin-top-large:0px;--awb-spacing-right-large:1.92%;--awb-margin-bottom-large:20px;--awb-spacing-left-large:1.92%;--awb-width-medium:100%;--awb-order-medium:0;--awb-spacing-right-medium:1.92%;--awb-spacing-left-medium:1.92%;--awb-width-small:100%;--awb-order-small:0;--awb-spacing-right-small:1.92%;--awb-spacing-left-small:1.92%;\" data-scroll-devices=\"small-visibility,medium-visibility,large-visibility\"><div class=\"fusion-column-wrapper fusion-column-has-shadow fusion-flex-justify-content-center fusion-content-layout-column\"><div class=\"fusion-title title fusion-title-1 fusion-sep-none fusion-title-center fusion-title-text fusion-title-size-two\" style=\"--awb-margin-top-small:10px;--awb-margin-right-small:0px;--awb-margin-bottom-small:10px;--awb-margin-left-small:0px;\"><h2 class=\"fusion-title-heading title-heading-center\" style=\"margin:0;\"><strong>\u00bfSon nuestros alineadores adecuados para usted?<\/strong><\/h2><\/div><div class=\"fusion-text fusion-text-6\"><p class=\"p1\" style=\"text-align: center;\">30 segundos bastan para averiguarlo con nuestro test<\/p>\n<\/div><div style=\"text-align:center;\"><a class=\"fusion-button button-flat fusion-button-default-size button-default fusion-button-default button-1 fusion-button-default-span fusion-button-default-type\" target=\"_self\" href=\"https:\/\/alignae.com\/es\/concurso\/\"><span class=\"fusion-button-text awb-button__text awb-button__text--default\">PREGUNTA<\/span><\/a><\/div><\/div><\/div><\/div><\/div>\n<\/p>","protected":false},"excerpt":{"rendered":"","protected":false},"author":1,"featured_media":0,"parent":0,"menu_order":0,"comment_status":"closed","ping_status":"closed","template":"100-width.php","meta":{"_glsr_average":0,"_glsr_ranking":0,"_glsr_reviews":0,"footnotes":""},"class_list":["post-28953","page","type-page","status-publish","hentry"],"_links":{"self":[{"href":"https:\/\/alignae.com\/es\/wp-json\/wp\/v2\/pages\/28953","targetHints":{"allow":["GET"]}}],"collection":[{"href":"https:\/\/alignae.com\/es\/wp-json\/wp\/v2\/pages"}],"about":[{"href":"https:\/\/alignae.com\/es\/wp-json\/wp\/v2\/types\/page"}],"author":[{"embeddable":true,"href":"https:\/\/alignae.com\/es\/wp-json\/wp\/v2\/users\/1"}],"replies":[{"embeddable":true,"href":"https:\/\/alignae.com\/es\/wp-json\/wp\/v2\/comments?post=28953"}],"version-history":[{"count":10,"href":"https:\/\/alignae.com\/es\/wp-json\/wp\/v2\/pages\/28953\/revisions"}],"predecessor-version":[{"id":31072,"href":"https:\/\/alignae.com\/es\/wp-json\/wp\/v2\/pages\/28953\/revisions\/31072"}],"wp:attachment":[{"href":"https:\/\/alignae.com\/es\/wp-json\/wp\/v2\/media?parent=28953"}],"curies":[{"name":"wp","href":"https:\/\/api.w.org\/{rel}","templated":true}]}}