{"id":29409,"date":"2023-09-27T00:24:05","date_gmt":"2023-09-26T22:24:05","guid":{"rendered":"https:\/\/alignae.com\/?page_id=29409"},"modified":"2023-11-08T01:55:49","modified_gmt":"2023-11-08T00:55:49","slug":"garantia","status":"publish","type":"page","link":"https:\/\/alignae.com\/es\/garantie\/","title":{"rendered":"Garant\u00eda"},"content":{"rendered":"<p><div class=\"fusion-fullwidth fullwidth-box fusion-builder-row-1 fusion-flex-container has-pattern-background has-mask-background nonhundred-percent-fullwidth non-hundred-percent-height-scrolling\" style=\"--awb-border-radius-top-left:0px;--awb-border-radius-top-right:0px;--awb-border-radius-bottom-right:0px;--awb-border-radius-bottom-left:0px;--awb-padding-top:50px;--awb-flex-wrap:wrap;\" ><div class=\"fusion-builder-row fusion-row fusion-flex-align-items-flex-start fusion-flex-content-wrap\" style=\"max-width:1248px;margin-left: calc(-4% \/ 2 );margin-right: calc(-4% \/ 2 );\"><div class=\"fusion-layout-column fusion_builder_column fusion-builder-column-0 fusion_builder_column_1_1 1_1 fusion-flex-column\" style=\"--awb-bg-size:cover;--awb-width-large:100%;--awb-margin-top-large:0px;--awb-spacing-right-large:1.92%;--awb-margin-bottom-large:20px;--awb-spacing-left-large:1.92%;--awb-width-medium:100%;--awb-order-medium:0;--awb-spacing-right-medium:1.92%;--awb-spacing-left-medium:1.92%;--awb-width-small:100%;--awb-order-small:0;--awb-spacing-right-small:1.92%;--awb-spacing-left-small:1.92%;\"><div class=\"fusion-column-wrapper fusion-column-has-shadow fusion-flex-justify-content-flex-start fusion-content-layout-column\"><div class=\"fusion-title title fusion-title-1 fusion-sep-none fusion-title-text fusion-title-size-one\" style=\"--awb-margin-top-small:10px;--awb-margin-right-small:0px;--awb-margin-bottom-small:10px;--awb-margin-left-small:0px;\"><h1 class=\"fusion-title-heading title-heading-left\" style=\"margin:0;text-transform:uppercase;\">100% garant\u00eda de satisfacci\u00f3n<\/h1><\/div><div class=\"fusion-text fusion-text-1\"><h3>Nuestra garant\u00eda es absolutamente 100% sin hacer preguntas y usted est\u00e1 completamente satisfecho o 100% le devolvemos su dinero.<\/h3>\n<p>Queremos que cuide su sonrisa y la conserve durante mucho tiempo, sabiendo que quedar\u00e1 totalmente satisfecho pase lo que pase. As\u00ed de sencillo.<\/p>\n<p>En Alignae, nos enorgullecemos de ofrecerle la mejor experiencia al cliente ofreci\u00e9ndole la m\u00e1s alta calidad de servicio y productos con una garant\u00eda sin complicaciones. Si por alguna raz\u00f3n usted no est\u00e1 completamente satisfecho con nuestro servicio, usted recibir\u00e1 un reembolso completo o vamos a volver a establecer sus alineadores sin costo adicional.<\/p>\n<p>Si desea un reembolso o un cambio, s\u00f3lo tiene que saber tres cosas:<\/p>\n<ul>\n<li>Debe devolver su pedido en un plazo de 5 d\u00edas a partir de la fecha de recepci\u00f3n.<\/li>\n<li>Usted es responsable del transporte de vuelta y de cualquier coste asociado.<\/li>\n<li>Si desea recibir un nuevo plan de tratamiento, lo recibir\u00e1 en un plazo de 30 d\u00edas a partir de la recepci\u00f3n del env\u00edo de devoluci\u00f3n.<\/li>\n<\/ul>\n<\/div><div class=\"fusion-text fusion-text-2\"><h3>Garant\u00eda 100% para el kit de impresi\u00f3n<\/h3>\n<p>Nuestros expertos utilizar\u00e1n sus impresiones dentales para dise\u00f1ar sus alineadores.<\/p>\n<ul>\n<li>Si las impresiones son defectuosas, le enviaremos un nuevo kit para realizar una nueva impresi\u00f3n del maxilar en cuesti\u00f3n sin coste adicional para usted.<\/li>\n<li>Si creemos que no podemos darle un resultado absolutamente satisfactorio con nuestros alineadores, le devolveremos el importe \u00edntegro del kit de impresi\u00f3n.<\/li>\n<li>Si desea continuar con Alignae y solicitar su plan de tratamiento, le descontaremos del precio final lo que haya pagado por el kit de impresi\u00f3n.<\/li>\n<\/ul>\n<\/div><div class=\"fusion-text fusion-text-3\"><h3>100% alineadores invisibles garant\u00eda<\/h3>\n<p>Para ayudarte a conseguir la sonrisa de tus sue\u00f1os y mantenerla as\u00ed, te pedimos que sigas algunas recomendaciones:<\/p>\n<ul>\n<li>Lleve sus alineadores invisibles todos los d\u00edas: Seguir las instrucciones de su plan de tratamiento y llevar los alineadores regularmente durante al menos 10 horas al d\u00eda le ayudar\u00e1 a conseguir su objetivo con tranquilidad. Cualquier modificaci\u00f3n del plan de tratamiento o de los alineadores invalidar\u00e1 la garant\u00eda.<\/li>\n<li>No tire sus alineadores despu\u00e9s de usarlos: cons\u00e9rvelos hasta el final del tratamiento, ya que son necesarios para mantener la garant\u00eda y, en caso de p\u00e9rdida o deterioro de un alineador, puede ser necesario llevar el alineador anterior mientras se espera a recibir uno nuevo.<\/li>\n<li>Utilice el vibrador de ortodoncia a diario: Se ha demostrado que el uso de este dispositivo reduce las molestias y cualquier dolor percibido, adem\u00e1s de acortar el tiempo de tratamiento al aumentar la eficacia de los alineadores.<\/li>\n<li>Higiene perfecta: No s\u00f3lo es importante para su salud general, sino que, sobre todo durante el tratamiento con alineadores invisibles, permite que los dientes se muevan mejor.<\/li>\n<\/ul>\n<p>Si no se siguen las recomendaciones anteriores, puede alterarse la garant\u00eda y aumentar el coste de adaptaci\u00f3n del plan de tratamiento.<\/p>\n<p>Si al final de su tratamiento, habiendo seguido estas recomendaciones, no est\u00e1 100% satisfecho, p\u00f3ngase en contacto con nosotros en los 7 d\u00edas siguientes a la finalizaci\u00f3n del tratamiento para una nueva evaluaci\u00f3n. Si se aprueba, puede optar a un par adicional de alineadores invisibles.<\/p>\n<\/div><div class=\"fusion-text fusion-text-4\"><h3>Garant\u00eda en caso de p\u00e9rdida o deterioro<\/h3>\n<p>Conservamos sus registros dentales durante 12 meses, para que podamos hacerle juegos de alineadores de repuesto si uno o m\u00e1s juegos se pierden o se da\u00f1an.<\/p>\n<p>P\u00f3ngase en contacto con nosotros para obtener m\u00e1s informaci\u00f3n.<\/p>\n<\/div><div class=\"fusion-text fusion-text-5\"><h3>Garant\u00eda de por vida para su nueva sonrisa.<\/h3>\n<p>Si, a pesar de haber seguido las recomendaciones, sus dientes se han movido despu\u00e9s de finalizar el tratamiento, y no existen contraindicaciones, recibir\u00e1 un nuevo kit de impresi\u00f3n para realizar un nuevo plan de tratamiento y nuevos alineadores invisibles para corregir la posici\u00f3n de sus dientes sin coste adicional para usted.<\/p>\n<p>Nuestro equipo evaluar\u00e1 su solicitud para determinar si puede optar a un nuevo tratamiento. Como parte de este proceso, le pedir\u00e1n que proporcione una serie de informaci\u00f3n, incluidas fotograf\u00edas. Si determinan que sus dientes no se han movido, que no est\u00e1 indicado un nuevo tratamiento o que usted no re\u00fane los requisitos por cualquier motivo, no se aplicar\u00e1 esta garant\u00eda.<\/p>\n<p>Esta garant\u00eda est\u00e1 condicionada a que se sigan el tratamiento y las recomendaciones.<\/p>\n<p>Esta garant\u00eda s\u00f3lo se aplica a los dientes afectados por el tratamiento. No cubre los dientes afectados por circunstancias externas, tratamientos, enfermedades, traumatismos o ausencia de dientes.<\/p>\n<p>Para conservar la garant\u00eda de por vida, debe haber completado el tratamiento seg\u00fan las recomendaciones de Alignae. Una vez finalizado el tratamiento, deber\u00e1 haber adquirido alineadores de mantenimiento una vez al a\u00f1o y haberlos llevado al menos 7 d\u00edas consecutivos al a\u00f1o.<\/p>\n<\/div><div class=\"fusion-text fusion-text-6\"><h3>Intercambios y comentarios<\/h3>\n<p>Si ha recibido un producto da\u00f1ado, h\u00e1ganoslo saber y se lo cambiaremos.<\/p>\n<\/div><\/div><\/div><\/div><\/div><div class=\"fusion-fullwidth fullwidth-box fusion-builder-row-2 fusion-flex-container has-pattern-background has-mask-background nonhundred-percent-fullwidth non-hundred-percent-height-scrolling\" style=\"--awb-background-position:right center;--awb-border-radius-top-left:0px;--awb-border-radius-top-right:0px;--awb-border-radius-bottom-right:0px;--awb-border-radius-bottom-left:0px;--awb-padding-top:50px;--awb-padding-right:100px;--awb-padding-bottom:50px;--awb-padding-left:100px;--awb-background-color:#ffffff;--awb-flex-wrap:wrap;\" ><div class=\"fusion-builder-row fusion-row fusion-flex-align-items-flex-start fusion-flex-justify-content-center fusion-flex-content-wrap\" style=\"max-width:1248px;margin-left: calc(-4% \/ 2 );margin-right: calc(-4% \/ 2 );\"><div class=\"fusion-layout-column fusion_builder_column fusion-builder-column-1 fusion_builder_column_1_1 1_1 fusion-flex-column\" style=\"--awb-bg-size:cover;--awb-width-large:100%;--awb-margin-top-large:0px;--awb-spacing-right-large:1.92%;--awb-margin-bottom-large:20px;--awb-spacing-left-large:1.92%;--awb-width-medium:100%;--awb-order-medium:0;--awb-spacing-right-medium:1.92%;--awb-spacing-left-medium:1.92%;--awb-width-small:100%;--awb-order-small:0;--awb-spacing-right-small:1.92%;--awb-spacing-left-small:1.92%;\" data-scroll-devices=\"small-visibility,medium-visibility,large-visibility\"><div class=\"fusion-column-wrapper fusion-column-has-shadow fusion-flex-justify-content-center fusion-content-layout-column fusion-content-nowrap\"><div class=\"fusion-separator\" style=\"align-self: center;margin-left: auto;margin-right: auto;margin-top:20px;margin-bottom:50px;width:100%;max-width:60%;\"><div class=\"fusion-separator-border sep-single sep-solid\" style=\"--awb-height:20px;--awb-amount:20px;--awb-sep-color:var(--awb-color6);border-color:var(--awb-color6);border-top-width:1px;\"><\/div><\/div><div class=\"fusion-text fusion-text-7\" style=\"--awb-content-alignment:center;--awb-font-size:24px;--awb-text-transform:uppercase;\"><p style=\"text-align: center;\">SATISFACCI\u00d3N GARANTIZADA 100%<\/p>\n<\/div><div class=\"fusion-text fusion-text-8\"><p style=\"text-align: center;\">No hay dos gouti\u00e8res iguales, cada una se fabrica exclusivamente para usted en nuestro laboratorio de Ginebra (Suiza) con la \u00faltima tecnolog\u00eda ultraprecisa y un proceso \u00fanico, utilizando un pl\u00e1stico garantizado sin bisfenol A (BPA) ni ftalatos.<\/p>\n<\/div><\/div><\/div><div class=\"fusion-layout-column fusion_builder_column fusion-builder-column-2 fusion_builder_column_1_1 1_1 fusion-flex-column\" style=\"--awb-bg-size:cover;--awb-width-large:100%;--awb-margin-top-large:0px;--awb-spacing-right-large:1.92%;--awb-margin-bottom-large:20px;--awb-spacing-left-large:1.92%;--awb-width-medium:100%;--awb-order-medium:0;--awb-spacing-right-medium:1.92%;--awb-spacing-left-medium:1.92%;--awb-width-small:100%;--awb-order-small:0;--awb-spacing-right-small:1.92%;--awb-spacing-left-small:1.92%;\" data-scroll-devices=\"small-visibility,medium-visibility,large-visibility\"><div class=\"fusion-column-wrapper fusion-column-has-shadow fusion-flex-justify-content-center fusion-content-layout-row\"><div class=\"fusion-image-element\" style=\"--awb-margin-right:10px;--awb-margin-left:10px;--awb-caption-title-font-family:var(--h2_typography-font-family);--awb-caption-title-font-weight:var(--h2_typography-font-weight);--awb-caption-title-font-style:var(--h2_typography-font-style);--awb-caption-title-size:var(--h2_typography-font-size);--awb-caption-title-transform:var(--h2_typography-text-transform);--awb-caption-title-line-height:var(--h2_typography-line-height);--awb-caption-title-letter-spacing:var(--h2_typography-letter-spacing);\"><span class=\"fusion-imageframe imageframe-none imageframe-1 hover-type-none\"><img decoding=\"async\" width=\"150\" height=\"150\" title=\"100% satisfacci\u00f3n\" src=\"http:\/\/alignae.com\/wp-content\/uploads\/2023\/11\/satisfaction-150.png\" alt class=\"img-responsive wp-image-29935\" srcset=\"https:\/\/alignae.com\/wp-content\/uploads\/2023\/11\/satisfaction-150-12x12.png 12w, https:\/\/alignae.com\/wp-content\/uploads\/2023\/11\/satisfaction-150-66x66.png 66w, https:\/\/alignae.com\/wp-content\/uploads\/2023\/11\/satisfaction-150.png 150w\" sizes=\"(max-width: 150px) 100vw, 150px\" \/><\/span><\/div><div class=\"fusion-image-element\" style=\"--awb-margin-right:10px;--awb-margin-left:10px;--awb-caption-title-font-family:var(--h2_typography-font-family);--awb-caption-title-font-weight:var(--h2_typography-font-weight);--awb-caption-title-font-style:var(--h2_typography-font-style);--awb-caption-title-size:var(--h2_typography-font-size);--awb-caption-title-transform:var(--h2_typography-text-transform);--awb-caption-title-line-height:var(--h2_typography-line-height);--awb-caption-title-letter-spacing:var(--h2_typography-letter-spacing);\"><span class=\"fusion-imageframe imageframe-none imageframe-2 hover-type-none\"><img decoding=\"async\" width=\"150\" height=\"150\" title=\"entrega r\u00e1pida\" src=\"http:\/\/alignae.com\/wp-content\/uploads\/2023\/11\/fast-delivery-150.png\" alt class=\"img-responsive wp-image-29936\" srcset=\"https:\/\/alignae.com\/wp-content\/uploads\/2023\/11\/fast-delivery-150-12x12.png 12w, https:\/\/alignae.com\/wp-content\/uploads\/2023\/11\/fast-delivery-150-66x66.png 66w, https:\/\/alignae.com\/wp-content\/uploads\/2023\/11\/fast-delivery-150.png 150w\" sizes=\"(max-width: 150px) 100vw, 150px\" \/><\/span><\/div><div class=\"fusion-image-element\" style=\"--awb-margin-right:10px;--awb-margin-left:10px;--awb-caption-title-font-family:var(--h2_typography-font-family);--awb-caption-title-font-weight:var(--h2_typography-font-weight);--awb-caption-title-font-style:var(--h2_typography-font-style);--awb-caption-title-size:var(--h2_typography-font-size);--awb-caption-title-transform:var(--h2_typography-text-transform);--awb-caption-title-line-height:var(--h2_typography-line-height);--awb-caption-title-letter-spacing:var(--h2_typography-letter-spacing);\"><span class=\"fusion-imageframe imageframe-none imageframe-3 hover-type-none\"><img decoding=\"async\" width=\"150\" height=\"150\" title=\"fabricado en suiza\" src=\"http:\/\/alignae.com\/wp-content\/uploads\/2023\/11\/swiss-made-150.png\" alt class=\"img-responsive wp-image-29937\" srcset=\"https:\/\/alignae.com\/wp-content\/uploads\/2023\/11\/swiss-made-150-12x12.png 12w, https:\/\/alignae.com\/wp-content\/uploads\/2023\/11\/swiss-made-150-66x66.png 66w, https:\/\/alignae.com\/wp-content\/uploads\/2023\/11\/swiss-made-150.png 150w\" sizes=\"(max-width: 150px) 100vw, 150px\" \/><\/span><\/div><\/div><\/div><div class=\"fusion-layout-column fusion_builder_column fusion-builder-column-3 fusion_builder_column_1_1 1_1 fusion-flex-column\" style=\"--awb-bg-size:cover;--awb-width-large:100%;--awb-margin-top-large:0px;--awb-spacing-right-large:1.92%;--awb-margin-bottom-large:20px;--awb-spacing-left-large:1.92%;--awb-width-medium:100%;--awb-order-medium:0;--awb-spacing-right-medium:1.92%;--awb-spacing-left-medium:1.92%;--awb-width-small:100%;--awb-order-small:0;--awb-spacing-right-small:1.92%;--awb-spacing-left-small:1.92%;\" data-scroll-devices=\"small-visibility,medium-visibility,large-visibility\"><div class=\"fusion-column-wrapper fusion-column-has-shadow fusion-flex-justify-content-center fusion-content-layout-row fusion-content-nowrap\"><div class=\"fusion-separator\" style=\"align-self: center;margin-left: auto;margin-right: auto;margin-top:50px;margin-bottom:20px;width:100%;max-width:60%;\"><div class=\"fusion-separator-border sep-single sep-solid\" style=\"--awb-height:20px;--awb-amount:20px;--awb-sep-color:var(--awb-color6);border-color:var(--awb-color6);border-top-width:1px;\"><\/div><\/div><\/div><\/div><\/div><\/div>\n<div class=\"fusion-fullwidth fullwidth-box fusion-builder-row-3 fusion-flex-container has-pattern-background has-mask-background nonhundred-percent-fullwidth non-hundred-percent-height-scrolling\" style=\"--awb-background-position:right center;--awb-border-radius-top-left:0px;--awb-border-radius-top-right:0px;--awb-border-radius-bottom-right:0px;--awb-border-radius-bottom-left:0px;--awb-padding-top:50px;--awb-padding-right:;--awb-padding-bottom:50px;--awb-background-color:#ffffff;--awb-flex-wrap:wrap;\" ><div class=\"fusion-builder-row fusion-row fusion-flex-align-items-flex-start fusion-flex-align-content-center fusion-flex-content-wrap\" style=\"max-width:1248px;margin-left: calc(-4% \/ 2 );margin-right: calc(-4% \/ 2 );\"><div class=\"fusion-layout-column fusion_builder_column fusion-builder-column-4 fusion_builder_column_1_1 1_1 fusion-flex-column fusion-flex-align-self-flex-start\" style=\"--awb-bg-size:cover;--awb-width-large:100%;--awb-margin-top-large:0px;--awb-spacing-right-large:1.92%;--awb-margin-bottom-large:20px;--awb-spacing-left-large:1.92%;--awb-width-medium:100%;--awb-order-medium:0;--awb-spacing-right-medium:1.92%;--awb-spacing-left-medium:1.92%;--awb-width-small:100%;--awb-order-small:0;--awb-spacing-right-small:1.92%;--awb-spacing-left-small:1.92%;\" data-scroll-devices=\"small-visibility,medium-visibility,large-visibility\"><div class=\"fusion-column-wrapper fusion-column-has-shadow fusion-flex-justify-content-flex-start fusion-content-layout-column\"><div class=\"fusion-text fusion-text-9 fusion-text-no-margin\" style=\"--awb-content-alignment:center;--awb-font-size:26px;--awb-text-transform:uppercase;--awb-margin-top:50px;--awb-margin-bottom:50px;\"><p style=\"text-align: center;\"><strong>Pida su kit de impresi\u00f3n dental<\/strong><\/p>\n<\/div><div style=\"text-align:center;\"><a class=\"fusion-button button-flat fusion-button-default-size button-custom fusion-button-default button-1 fusion-button-default-span fusion-button-default-type\" style=\"--button_accent_color:var(--awb-color1);--button_accent_hover_color:#75777c;--button_border_hover_color:#75777c;--button_gradient_top_color:var(--awb-custom_color_1);--button_gradient_bottom_color:var(--awb-custom_color_1);--button_gradient_top_color_hover:rgba(0,21,255,0);--button_gradient_bottom_color_hover:rgba(0,21,255,0);--button_text_transform:uppercase;--button_margin-top:10px;--button_margin-bottom:10px;\" target=\"_self\" href=\"https:\/\/alignae.com\/es\/producto\/kit-de-impresion-dental\/\"><span class=\"fusion-button-text awb-button__text awb-button__text--default\">\u00a1EMPIEZA YA!<\/span><\/a><\/div><div class=\"fusion-text fusion-text-10\" style=\"--awb-font-size:10px;\"><p style=\"text-align: center;\">Sin riesgos. 100% garantizado.<\/p>\n<\/div><div class=\"fusion-text fusion-text-11 fusion-text-no-margin\" style=\"--awb-margin-top:20px;--awb-margin-bottom:20px;\"><p style=\"text-align: center;\">\u00bfTodav\u00eda tiene preguntas? <a href=\"https:\/\/alignae.com\/es\/centro-de-ayuda\/\">Consulte nuestras FAQ<\/a><\/p>\n<\/div><\/div><\/div><\/div><\/div>\n<\/p>","protected":false},"excerpt":{"rendered":"","protected":false},"author":1,"featured_media":0,"parent":0,"menu_order":0,"comment_status":"closed","ping_status":"closed","template":"100-width.php","meta":{"_glsr_average":0,"_glsr_ranking":0,"_glsr_reviews":0,"footnotes":""},"class_list":["post-29409","page","type-page","status-publish","hentry"],"_links":{"self":[{"href":"https:\/\/alignae.com\/es\/wp-json\/wp\/v2\/pages\/29409","targetHints":{"allow":["GET"]}}],"collection":[{"href":"https:\/\/alignae.com\/es\/wp-json\/wp\/v2\/pages"}],"about":[{"href":"https:\/\/alignae.com\/es\/wp-json\/wp\/v2\/types\/page"}],"author":[{"embeddable":true,"href":"https:\/\/alignae.com\/es\/wp-json\/wp\/v2\/users\/1"}],"replies":[{"embeddable":true,"href":"https:\/\/alignae.com\/es\/wp-json\/wp\/v2\/comments?post=29409"}],"version-history":[{"count":15,"href":"https:\/\/alignae.com\/es\/wp-json\/wp\/v2\/pages\/29409\/revisions"}],"predecessor-version":[{"id":29796,"href":"https:\/\/alignae.com\/es\/wp-json\/wp\/v2\/pages\/29409\/revisions\/29796"}],"wp:attachment":[{"href":"https:\/\/alignae.com\/es\/wp-json\/wp\/v2\/media?parent=29409"}],"curies":[{"name":"wp","href":"https:\/\/api.w.org\/{rel}","templated":true}]}}