{"id":29592,"date":"2023-10-24T18:41:59","date_gmt":"2023-10-24T16:41:59","guid":{"rendered":"https:\/\/alignae.com\/?page_id=29592"},"modified":"2023-10-24T19:01:23","modified_gmt":"2023-10-24T17:01:23","slug":"politica-de-privacidad","status":"publish","type":"page","link":"https:\/\/alignae.com\/es\/politique-de-confidentialite\/","title":{"rendered":"Pol\u00edtica de privacidad"},"content":{"rendered":"<p><div class=\"fusion-fullwidth fullwidth-box fusion-builder-row-1 fusion-flex-container has-pattern-background has-mask-background nonhundred-percent-fullwidth non-hundred-percent-height-scrolling\" style=\"--awb-border-radius-top-left:0px;--awb-border-radius-top-right:0px;--awb-border-radius-bottom-right:0px;--awb-border-radius-bottom-left:0px;--awb-padding-top:50px;--awb-flex-wrap:wrap;\" ><div class=\"fusion-builder-row fusion-row fusion-flex-align-items-flex-start fusion-flex-content-wrap\" style=\"max-width:1248px;margin-left: calc(-4% \/ 2 );margin-right: calc(-4% \/ 2 );\"><div class=\"fusion-layout-column fusion_builder_column fusion-builder-column-0 fusion_builder_column_2_3 2_3 fusion-flex-column\" style=\"--awb-bg-size:cover;--awb-width-large:66.666666666667%;--awb-margin-top-large:0px;--awb-spacing-right-large:2.88%;--awb-margin-bottom-large:20px;--awb-spacing-left-large:2.88%;--awb-width-medium:66.666666666667%;--awb-order-medium:0;--awb-spacing-right-medium:2.88%;--awb-spacing-left-medium:2.88%;--awb-width-small:100%;--awb-order-small:0;--awb-spacing-right-small:1.92%;--awb-spacing-left-small:1.92%;\"><div class=\"fusion-column-wrapper fusion-column-has-shadow fusion-flex-justify-content-flex-start fusion-content-layout-column\"><div class=\"fusion-title title fusion-title-1 fusion-sep-none fusion-title-text fusion-title-size-one\" style=\"--awb-margin-top-small:10px;--awb-margin-right-small:0px;--awb-margin-bottom-small:10px;--awb-margin-left-small:0px;\"><h1 class=\"fusion-title-heading title-heading-left\" style=\"margin:0;text-transform:uppercase;\">Pol\u00edtica de privacidad<\/h1><\/div><div class=\"fusion-menu-anchor\" id=\"1\"><\/div><div class=\"fusion-text fusion-text-1\"><h3>Informaci\u00f3n sobre la empresa<\/h3>\n<p>Para cada visitante de nuestra p\u00e1gina web, nuestro servidor web reconoce autom\u00e1ticamente s\u00f3lo el nombre de dominio del consumidor, pero no la direcci\u00f3n de correo electr\u00f3nico (si est\u00e1 disponible). Recogemos el nombre de dominio y la direcci\u00f3n de correo electr\u00f3nico (si est\u00e1 disponible) de los visitantes de nuestra p\u00e1gina web, informaci\u00f3n agregada sobre las p\u00e1ginas a las que los consumidores acceden o visitan, informaci\u00f3n espec\u00edfica del usuario sobre las p\u00e1ginas a las que los consumidores acceden o visitan, informaci\u00f3n proporcionada voluntariamente por el consumidor, como informaci\u00f3n de encuestas y\/o registros en el sitio. La informaci\u00f3n que recopilamos se utiliza para revisi\u00f3n interna, se elimina y se utiliza para mejorar el contenido de nuestra p\u00e1gina web.<\/p>\n<\/div><div class=\"fusion-menu-anchor\" id=\"2\"><\/div><div class=\"fusion-text fusion-text-2\"><h3>Uso de cookies<\/h3>\n<p>Utilizamos cookies para registrar informaci\u00f3n de la sesi\u00f3n, como los art\u00edculos que los consumidores a\u00f1aden a su cesta de la compra, y para rellenar previamente los campos de los formularios para su comodidad.<\/p>\n<\/div><div class=\"fusion-menu-anchor\" id=\"3\"><\/div><div class=\"fusion-text fusion-text-3\"><h3>Pol\u00edtica de cancelaci\u00f3n de suscripciones y uso de la informaci\u00f3n<\/h3>\n<p>Si no desea recibir correos electr\u00f3nicos nuestros en el futuro, h\u00e1ganoslo saber envi\u00e1ndonos un correo electr\u00f3nico a la direcci\u00f3n arriba indicada o d\u00e1ndose de baja mediante el enlace que encontrar\u00e1 al final de cada correo electr\u00f3nico que le enviemos. Las personas que nos faciliten su n\u00famero de tel\u00e9fono en l\u00ednea s\u00f3lo recibir\u00e1n contacto telef\u00f3nico de nuestra parte con informaci\u00f3n sobre los pedidos que hayan realizado en l\u00ednea. De vez en cuando, podemos utilizar la informaci\u00f3n de los clientes para usos nuevos e imprevistos que no se hayan indicado previamente en nuestro aviso de privacidad. Si nuestras pr\u00e1cticas de informaci\u00f3n cambian en alg\u00fan momento en el futuro, s\u00f3lo utilizaremos los datos recogidos desde el momento del cambio de pol\u00edtica para estos nuevos fines. Los clientes pueden impedir que su informaci\u00f3n se utilice para fines distintos de aquellos para los que se recogi\u00f3 originalmente simplemente envi\u00e1ndonos un correo electr\u00f3nico a la direcci\u00f3n indicada anteriormente.<\/p>\n<\/div><div class=\"fusion-menu-anchor\" id=\"4\"><\/div><div class=\"fusion-text fusion-text-4\"><h3>Pol\u00edtica de seguridad<\/h3>\n<p>Con respecto a la seguridad: contamos con medidas de seguridad adecuadas en nuestras instalaciones f\u00edsicas para proteger contra la p\u00e9rdida, el uso indebido o la alteraci\u00f3n de la informaci\u00f3n que hemos recopilado de usted en nuestro sitio y cuando transferimos y recibimos ciertos tipos de informaci\u00f3n confidencial, como informaci\u00f3n financiera, redirigimos a los visitantes a un servidor seguro que utiliza cifrado SSL.<\/p>\n<\/div><\/div><\/div><div class=\"fusion-layout-column fusion_builder_column fusion-builder-column-1 fusion_builder_column_1_3 1_3 fusion-flex-column\" style=\"--awb-bg-size:cover;--awb-width-large:33.333333333333%;--awb-margin-top-large:0px;--awb-spacing-right-large:5.76%;--awb-margin-bottom-large:20px;--awb-spacing-left-large:5.76%;--awb-width-medium:33.333333333333%;--awb-order-medium:0;--awb-spacing-right-medium:5.76%;--awb-spacing-left-medium:5.76%;--awb-width-small:100%;--awb-order-small:0;--awb-spacing-right-small:1.92%;--awb-spacing-left-small:1.92%;\"><div class=\"fusion-column-wrapper fusion-column-has-shadow fusion-flex-justify-content-flex-start fusion-content-layout-column\"><div class=\"fusion-text fusion-text-5\"><p><a href=\"#1\">Informaci\u00f3n recogida<\/a><\/p>\n<p><a href=\"#2\">Uso de cookies<\/a><\/p>\n<p><a href=\"#3\">Pol\u00edtica de cancelaci\u00f3n de suscripciones y uso de la informaci\u00f3n<\/a><\/p>\n<p><a href=\"#4\">Pol\u00edtica de seguridad<\/a><\/p>\n<\/div><\/div><\/div><\/div><\/div><div class=\"fusion-fullwidth fullwidth-box fusion-builder-row-2 fusion-flex-container has-pattern-background has-mask-background nonhundred-percent-fullwidth non-hundred-percent-height-scrolling\" style=\"--awb-background-position:right center;--awb-border-radius-top-left:0px;--awb-border-radius-top-right:0px;--awb-border-radius-bottom-right:0px;--awb-border-radius-bottom-left:0px;--awb-padding-top:50px;--awb-padding-right:100px;--awb-padding-bottom:50px;--awb-padding-left:100px;--awb-background-color:#ffffff;--awb-flex-wrap:wrap;\" ><div class=\"fusion-builder-row fusion-row fusion-flex-align-items-flex-start fusion-flex-justify-content-center fusion-flex-content-wrap\" style=\"max-width:1248px;margin-left: calc(-4% \/ 2 );margin-right: calc(-4% \/ 2 );\"><div class=\"fusion-layout-column fusion_builder_column fusion-builder-column-2 fusion_builder_column_1_1 1_1 fusion-flex-column\" style=\"--awb-bg-size:cover;--awb-width-large:100%;--awb-margin-top-large:0px;--awb-spacing-right-large:1.92%;--awb-margin-bottom-large:20px;--awb-spacing-left-large:1.92%;--awb-width-medium:100%;--awb-order-medium:0;--awb-spacing-right-medium:1.92%;--awb-spacing-left-medium:1.92%;--awb-width-small:100%;--awb-order-small:0;--awb-spacing-right-small:1.92%;--awb-spacing-left-small:1.92%;\" data-scroll-devices=\"small-visibility,medium-visibility,large-visibility\"><div class=\"fusion-column-wrapper fusion-column-has-shadow fusion-flex-justify-content-center fusion-content-layout-column fusion-content-nowrap\"><div class=\"fusion-separator\" style=\"align-self: center;margin-left: auto;margin-right: auto;margin-top:20px;margin-bottom:50px;width:100%;max-width:60%;\"><div class=\"fusion-separator-border sep-single sep-solid\" style=\"--awb-height:20px;--awb-amount:20px;--awb-sep-color:var(--awb-color6);border-color:var(--awb-color6);border-top-width:1px;\"><\/div><\/div><div class=\"fusion-text fusion-text-6\" style=\"--awb-content-alignment:center;--awb-font-size:24px;--awb-text-transform:uppercase;\"><p style=\"text-align: center;\">SATISFACCI\u00d3N GARANTIZADA 100%<\/p>\n<\/div><div class=\"fusion-text fusion-text-7\"><p style=\"text-align: center;\">No hay dos gouti\u00e8res iguales, cada una se fabrica exclusivamente para usted en nuestro laboratorio de Ginebra (Suiza) con la \u00faltima tecnolog\u00eda ultraprecisa y un proceso \u00fanico, utilizando un pl\u00e1stico garantizado sin bisfenol A (BPA) ni ftalatos.<\/p>\n<\/div><\/div><\/div><div class=\"fusion-layout-column fusion_builder_column fusion-builder-column-3 fusion_builder_column_1_1 1_1 fusion-flex-column\" style=\"--awb-bg-size:cover;--awb-width-large:100%;--awb-margin-top-large:0px;--awb-spacing-right-large:1.92%;--awb-margin-bottom-large:20px;--awb-spacing-left-large:1.92%;--awb-width-medium:100%;--awb-order-medium:0;--awb-spacing-right-medium:1.92%;--awb-spacing-left-medium:1.92%;--awb-width-small:100%;--awb-order-small:0;--awb-spacing-right-small:1.92%;--awb-spacing-left-small:1.92%;\" data-scroll-devices=\"small-visibility,medium-visibility,large-visibility\"><div class=\"fusion-column-wrapper fusion-column-has-shadow fusion-flex-justify-content-center fusion-content-layout-row\"><div class=\"fusion-image-element\" style=\"--awb-margin-right:10px;--awb-margin-left:10px;--awb-caption-title-font-family:var(--h2_typography-font-family);--awb-caption-title-font-weight:var(--h2_typography-font-weight);--awb-caption-title-font-style:var(--h2_typography-font-style);--awb-caption-title-size:var(--h2_typography-font-size);--awb-caption-title-transform:var(--h2_typography-text-transform);--awb-caption-title-line-height:var(--h2_typography-line-height);--awb-caption-title-letter-spacing:var(--h2_typography-letter-spacing);\"><span class=\"fusion-imageframe imageframe-none imageframe-1 hover-type-none\"><img decoding=\"async\" width=\"150\" height=\"150\" title=\"100% satisfacci\u00f3n\" src=\"http:\/\/alignae.com\/wp-content\/uploads\/2023\/11\/satisfaction-150.png\" alt class=\"img-responsive wp-image-29935\" srcset=\"https:\/\/alignae.com\/wp-content\/uploads\/2023\/11\/satisfaction-150-12x12.png 12w, https:\/\/alignae.com\/wp-content\/uploads\/2023\/11\/satisfaction-150-66x66.png 66w, https:\/\/alignae.com\/wp-content\/uploads\/2023\/11\/satisfaction-150.png 150w\" sizes=\"(max-width: 150px) 100vw, 150px\" \/><\/span><\/div><div class=\"fusion-image-element\" style=\"--awb-margin-right:10px;--awb-margin-left:10px;--awb-caption-title-font-family:var(--h2_typography-font-family);--awb-caption-title-font-weight:var(--h2_typography-font-weight);--awb-caption-title-font-style:var(--h2_typography-font-style);--awb-caption-title-size:var(--h2_typography-font-size);--awb-caption-title-transform:var(--h2_typography-text-transform);--awb-caption-title-line-height:var(--h2_typography-line-height);--awb-caption-title-letter-spacing:var(--h2_typography-letter-spacing);\"><span class=\"fusion-imageframe imageframe-none imageframe-2 hover-type-none\"><img decoding=\"async\" width=\"150\" height=\"150\" title=\"entrega r\u00e1pida\" src=\"http:\/\/alignae.com\/wp-content\/uploads\/2023\/11\/fast-delivery-150.png\" alt class=\"img-responsive wp-image-29936\" srcset=\"https:\/\/alignae.com\/wp-content\/uploads\/2023\/11\/fast-delivery-150-12x12.png 12w, https:\/\/alignae.com\/wp-content\/uploads\/2023\/11\/fast-delivery-150-66x66.png 66w, https:\/\/alignae.com\/wp-content\/uploads\/2023\/11\/fast-delivery-150.png 150w\" sizes=\"(max-width: 150px) 100vw, 150px\" \/><\/span><\/div><div class=\"fusion-image-element\" style=\"--awb-margin-right:10px;--awb-margin-left:10px;--awb-caption-title-font-family:var(--h2_typography-font-family);--awb-caption-title-font-weight:var(--h2_typography-font-weight);--awb-caption-title-font-style:var(--h2_typography-font-style);--awb-caption-title-size:var(--h2_typography-font-size);--awb-caption-title-transform:var(--h2_typography-text-transform);--awb-caption-title-line-height:var(--h2_typography-line-height);--awb-caption-title-letter-spacing:var(--h2_typography-letter-spacing);\"><span class=\"fusion-imageframe imageframe-none imageframe-3 hover-type-none\"><img decoding=\"async\" width=\"150\" height=\"150\" title=\"fabricado en suiza\" src=\"http:\/\/alignae.com\/wp-content\/uploads\/2023\/11\/swiss-made-150.png\" alt class=\"img-responsive wp-image-29937\" srcset=\"https:\/\/alignae.com\/wp-content\/uploads\/2023\/11\/swiss-made-150-12x12.png 12w, https:\/\/alignae.com\/wp-content\/uploads\/2023\/11\/swiss-made-150-66x66.png 66w, https:\/\/alignae.com\/wp-content\/uploads\/2023\/11\/swiss-made-150.png 150w\" sizes=\"(max-width: 150px) 100vw, 150px\" \/><\/span><\/div><\/div><\/div><div class=\"fusion-layout-column fusion_builder_column fusion-builder-column-4 fusion_builder_column_1_1 1_1 fusion-flex-column\" style=\"--awb-bg-size:cover;--awb-width-large:100%;--awb-margin-top-large:0px;--awb-spacing-right-large:1.92%;--awb-margin-bottom-large:20px;--awb-spacing-left-large:1.92%;--awb-width-medium:100%;--awb-order-medium:0;--awb-spacing-right-medium:1.92%;--awb-spacing-left-medium:1.92%;--awb-width-small:100%;--awb-order-small:0;--awb-spacing-right-small:1.92%;--awb-spacing-left-small:1.92%;\" data-scroll-devices=\"small-visibility,medium-visibility,large-visibility\"><div class=\"fusion-column-wrapper fusion-column-has-shadow fusion-flex-justify-content-center fusion-content-layout-row fusion-content-nowrap\"><div class=\"fusion-separator\" style=\"align-self: center;margin-left: auto;margin-right: auto;margin-top:50px;margin-bottom:20px;width:100%;max-width:60%;\"><div class=\"fusion-separator-border sep-single sep-solid\" style=\"--awb-height:20px;--awb-amount:20px;--awb-sep-color:var(--awb-color6);border-color:var(--awb-color6);border-top-width:1px;\"><\/div><\/div><\/div><\/div><\/div><\/div>\n<div class=\"fusion-fullwidth fullwidth-box fusion-builder-row-3 fusion-flex-container has-pattern-background has-mask-background nonhundred-percent-fullwidth non-hundred-percent-height-scrolling\" style=\"--awb-background-position:right center;--awb-border-radius-top-left:0px;--awb-border-radius-top-right:0px;--awb-border-radius-bottom-right:0px;--awb-border-radius-bottom-left:0px;--awb-padding-top:50px;--awb-padding-right:;--awb-padding-bottom:50px;--awb-background-color:#ffffff;--awb-flex-wrap:wrap;\" ><div class=\"fusion-builder-row fusion-row fusion-flex-align-items-flex-start fusion-flex-align-content-center fusion-flex-content-wrap\" style=\"max-width:1248px;margin-left: calc(-4% \/ 2 );margin-right: calc(-4% \/ 2 );\"><div class=\"fusion-layout-column fusion_builder_column fusion-builder-column-5 fusion_builder_column_1_1 1_1 fusion-flex-column fusion-flex-align-self-flex-start\" style=\"--awb-bg-size:cover;--awb-width-large:100%;--awb-margin-top-large:0px;--awb-spacing-right-large:1.92%;--awb-margin-bottom-large:20px;--awb-spacing-left-large:1.92%;--awb-width-medium:100%;--awb-order-medium:0;--awb-spacing-right-medium:1.92%;--awb-spacing-left-medium:1.92%;--awb-width-small:100%;--awb-order-small:0;--awb-spacing-right-small:1.92%;--awb-spacing-left-small:1.92%;\" data-scroll-devices=\"small-visibility,medium-visibility,large-visibility\"><div class=\"fusion-column-wrapper fusion-column-has-shadow fusion-flex-justify-content-flex-start fusion-content-layout-column\"><div class=\"fusion-text fusion-text-8 fusion-text-no-margin\" style=\"--awb-content-alignment:center;--awb-font-size:26px;--awb-text-transform:uppercase;--awb-margin-top:50px;--awb-margin-bottom:50px;\"><p style=\"text-align: center;\"><strong>Pida su kit de impresi\u00f3n dental<\/strong><\/p>\n<\/div><div style=\"text-align:center;\"><a class=\"fusion-button button-flat fusion-button-default-size button-custom fusion-button-default button-1 fusion-button-default-span fusion-button-default-type\" style=\"--button_accent_color:var(--awb-color1);--button_accent_hover_color:#75777c;--button_border_hover_color:#75777c;--button_gradient_top_color:var(--awb-custom_color_1);--button_gradient_bottom_color:var(--awb-custom_color_1);--button_gradient_top_color_hover:rgba(0,21,255,0);--button_gradient_bottom_color_hover:rgba(0,21,255,0);--button_text_transform:uppercase;--button_margin-top:10px;--button_margin-bottom:10px;\" target=\"_self\" href=\"https:\/\/alignae.com\/es\/producto\/kit-de-impresion-dental\/\"><span class=\"fusion-button-text awb-button__text awb-button__text--default\">\u00a1EMPIEZA YA!<\/span><\/a><\/div><div class=\"fusion-text fusion-text-9\" style=\"--awb-font-size:10px;\"><p style=\"text-align: center;\">Sin riesgos. 100% garantizado.<\/p>\n<\/div><div class=\"fusion-text fusion-text-10 fusion-text-no-margin\" style=\"--awb-margin-top:20px;--awb-margin-bottom:20px;\"><p style=\"text-align: center;\">\u00bfTodav\u00eda tiene preguntas? <a href=\"https:\/\/alignae.com\/es\/centro-de-ayuda\/\">Consulte nuestras FAQ<\/a><\/p>\n<\/div><\/div><\/div><\/div><\/div>\n<\/p>","protected":false},"excerpt":{"rendered":"","protected":false},"author":1,"featured_media":0,"parent":0,"menu_order":0,"comment_status":"closed","ping_status":"closed","template":"100-width.php","meta":{"_glsr_average":0,"_glsr_ranking":0,"_glsr_reviews":0,"footnotes":""},"class_list":["post-29592","page","type-page","status-publish","hentry"],"_links":{"self":[{"href":"https:\/\/alignae.com\/es\/wp-json\/wp\/v2\/pages\/29592","targetHints":{"allow":["GET"]}}],"collection":[{"href":"https:\/\/alignae.com\/es\/wp-json\/wp\/v2\/pages"}],"about":[{"href":"https:\/\/alignae.com\/es\/wp-json\/wp\/v2\/types\/page"}],"author":[{"embeddable":true,"href":"https:\/\/alignae.com\/es\/wp-json\/wp\/v2\/users\/1"}],"replies":[{"embeddable":true,"href":"https:\/\/alignae.com\/es\/wp-json\/wp\/v2\/comments?post=29592"}],"version-history":[{"count":2,"href":"https:\/\/alignae.com\/es\/wp-json\/wp\/v2\/pages\/29592\/revisions"}],"predecessor-version":[{"id":29594,"href":"https:\/\/alignae.com\/es\/wp-json\/wp\/v2\/pages\/29592\/revisions\/29594"}],"wp:attachment":[{"href":"https:\/\/alignae.com\/es\/wp-json\/wp\/v2\/media?parent=29592"}],"curies":[{"name":"wp","href":"https:\/\/api.w.org\/{rel}","templated":true}]}}