{"id":31433,"date":"2024-03-07T21:11:11","date_gmt":"2024-03-07T20:11:11","guid":{"rendered":"https:\/\/alignae.com\/?page_id=31433"},"modified":"2024-03-07T21:14:13","modified_gmt":"2024-03-07T20:14:13","slug":"politica-de-privacidad-3","status":"publish","type":"page","link":"https:\/\/alignae.com\/es\/mentions-legales\/","title":{"rendered":"Informaci\u00f3n jur\u00eddica"},"content":{"rendered":"<p><div class=\"fusion-fullwidth fullwidth-box fusion-builder-row-1 fusion-flex-container has-pattern-background has-mask-background nonhundred-percent-fullwidth non-hundred-percent-height-scrolling\" style=\"--awb-border-radius-top-left:0px;--awb-border-radius-top-right:0px;--awb-border-radius-bottom-right:0px;--awb-border-radius-bottom-left:0px;--awb-padding-top:50px;--awb-flex-wrap:wrap;\" ><div class=\"fusion-builder-row fusion-row fusion-flex-align-items-flex-start fusion-flex-content-wrap\" style=\"max-width:1248px;margin-left: calc(-4% \/ 2 );margin-right: calc(-4% \/ 2 );\"><div class=\"fusion-layout-column fusion_builder_column fusion-builder-column-0 fusion_builder_column_2_3 2_3 fusion-flex-column\" style=\"--awb-bg-size:cover;--awb-width-large:66.666666666667%;--awb-margin-top-large:0px;--awb-spacing-right-large:2.88%;--awb-margin-bottom-large:20px;--awb-spacing-left-large:2.88%;--awb-width-medium:66.666666666667%;--awb-order-medium:0;--awb-spacing-right-medium:2.88%;--awb-spacing-left-medium:2.88%;--awb-width-small:100%;--awb-order-small:0;--awb-spacing-right-small:1.92%;--awb-spacing-left-small:1.92%;\"><div class=\"fusion-column-wrapper fusion-column-has-shadow fusion-flex-justify-content-flex-start fusion-content-layout-column\"><div class=\"fusion-title title fusion-title-1 fusion-sep-none fusion-title-text fusion-title-size-one\" style=\"--awb-margin-top-small:10px;--awb-margin-right-small:0px;--awb-margin-bottom-small:10px;--awb-margin-left-small:0px;\"><h1 class=\"fusion-title-heading title-heading-left\" style=\"margin:0;text-transform:uppercase;\">Informaci\u00f3n jur\u00eddica<\/h1><\/div><div class=\"fusion-menu-anchor\" id=\"1\"><\/div><div class=\"fusion-text fusion-text-1\"><h3>Informaci\u00f3n sobre la empresa<\/h3>\n<p>GoodLab es una sociedad de responsabilidad limitada con un capital social de 1.000 euros, cuyo domicilio social se encuentra en Sakala 7-2 en Tallin (EE-10141), que est\u00e1 inscrita en el registro mercantil con el n\u00famero 16845679 y cuyo n\u00famero de IVA es EE102670095.<\/p>\n<p>Goodlab publica el sitio web accesible en https:\/\/www.alignae.com\/ y puede contactarse por correo electr\u00f3nico en info(a)alignae.com y por correo postal en las siguientes direcciones:<span class=\"Apple-converted-space\">\u00a0<\/span><\/p>\n<p>- Alignae C\/o Goodlab, Sakala 7-2, EE-10141 Tallin<br \/>\n- Alignae C\/o Goodlab, 41 cours de la Libert\u00e9, FR-69003 Lyon<br \/>\n- Alignae C\/o Goodlab, Pont-Rouge 4, CH-1212 Lancy<\/p>\n<p>Si tiene alguna pregunta sobre la empresa, puede envi\u00e1rnosla por correo electr\u00f3nico o postal.<\/p>\n<\/div><div class=\"fusion-menu-anchor\" id=\"2\"><\/div><div class=\"fusion-text fusion-text-2\"><h3>Alojamiento<\/h3>\n<p>Se puede acceder al sitio web en https:\/\/www.alignae.com\/ y est\u00e1 alojado por Infomaniak, cuyos datos de contacto son los siguientes: Infomaniak Network SA, Rue Eug\u00e8ne Marziano 25, 1227 Les Acacias (GE)<\/p>\n<\/div><div class=\"fusion-menu-anchor\" id=\"3\"><\/div><div class=\"fusion-text fusion-text-3\"><h3>Pol\u00edtica de uso de cookies<\/h3>\n<p>Goodlab utiliza cookies para permitir la navegaci\u00f3n, la publicidad dirigida y la medici\u00f3n an\u00f3nima de la audiencia.<\/p>\n<\/div><div class=\"fusion-menu-anchor\" id=\"4\"><\/div><div class=\"fusion-text fusion-text-4\"><h3>Cl\u00e1usula de no responsabilidad<\/h3>\n<p>El contenido de nuestras p\u00e1ginas se ha creado con el m\u00e1ximo cuidado. Sin embargo, no podemos garantizar que el contenido sea correcto, completo y actualizado.<\/p>\n<\/div><div class=\"fusion-menu-anchor\" id=\"5\"><\/div><div class=\"fusion-text fusion-text-5\"><h3>Copyright<\/h3>\n<p>Los contenidos y obras de estas p\u00e1ginas creados por los operadores del sitio est\u00e1n sujetos a la legislaci\u00f3n sobre derechos de autor. La reproducci\u00f3n, edici\u00f3n, distribuci\u00f3n y cualquier tipo de uso fuera de los l\u00edmites de la ley de derechos de autor requieren el consentimiento por escrito del autor o creador respectivo. Las descargas y copias de estas p\u00e1ginas s\u00f3lo est\u00e1n permitidas para uso privado y no comercial. Si a pesar de ello tiene conocimiento de una infracci\u00f3n de los derechos de autor, le rogamos que nos lo comunique. Si tenemos conocimiento de una infracci\u00f3n, eliminaremos el contenido inmediatamente.<\/p>\n<\/div><\/div><\/div><div class=\"fusion-layout-column fusion_builder_column fusion-builder-column-1 fusion_builder_column_1_3 1_3 fusion-flex-column\" style=\"--awb-bg-size:cover;--awb-width-large:33.333333333333%;--awb-margin-top-large:0px;--awb-spacing-right-large:5.76%;--awb-margin-bottom-large:20px;--awb-spacing-left-large:5.76%;--awb-width-medium:33.333333333333%;--awb-order-medium:0;--awb-spacing-right-medium:5.76%;--awb-spacing-left-medium:5.76%;--awb-width-small:100%;--awb-order-small:0;--awb-spacing-right-small:1.92%;--awb-spacing-left-small:1.92%;\"><div class=\"fusion-column-wrapper fusion-column-has-shadow fusion-flex-justify-content-flex-start fusion-content-layout-column\"><div class=\"fusion-text fusion-text-6\"><p><a href=\"#1\">Informaci\u00f3n<\/a><\/p>\n<p><a href=\"#2\">Alojamiento<\/a><\/p>\n<p><a href=\"#3\">Cookies<\/a><\/p>\n<p><a href=\"#4\">Cl\u00e1usula de no responsabilidad<\/a><\/p>\n<p><a href=\"#5\">Copyright<\/a><\/p>\n<\/div><\/div><\/div><\/div><\/div><div class=\"fusion-fullwidth fullwidth-box fusion-builder-row-2 fusion-flex-container has-pattern-background has-mask-background nonhundred-percent-fullwidth non-hundred-percent-height-scrolling\" style=\"--awb-background-position:right center;--awb-border-radius-top-left:0px;--awb-border-radius-top-right:0px;--awb-border-radius-bottom-right:0px;--awb-border-radius-bottom-left:0px;--awb-padding-top:50px;--awb-padding-right:;--awb-padding-bottom:50px;--awb-background-color:#ffffff;--awb-flex-wrap:wrap;\" ><div class=\"fusion-builder-row fusion-row fusion-flex-align-items-flex-start fusion-flex-align-content-center fusion-flex-content-wrap\" style=\"max-width:1248px;margin-left: calc(-4% \/ 2 );margin-right: calc(-4% \/ 2 );\"><div class=\"fusion-layout-column fusion_builder_column fusion-builder-column-2 fusion_builder_column_1_1 1_1 fusion-flex-column fusion-flex-align-self-flex-start\" style=\"--awb-bg-size:cover;--awb-width-large:100%;--awb-margin-top-large:0px;--awb-spacing-right-large:1.92%;--awb-margin-bottom-large:20px;--awb-spacing-left-large:1.92%;--awb-width-medium:100%;--awb-order-medium:0;--awb-spacing-right-medium:1.92%;--awb-spacing-left-medium:1.92%;--awb-width-small:100%;--awb-order-small:0;--awb-spacing-right-small:1.92%;--awb-spacing-left-small:1.92%;\" data-scroll-devices=\"small-visibility,medium-visibility,large-visibility\"><div class=\"fusion-column-wrapper fusion-column-has-shadow fusion-flex-justify-content-flex-start fusion-content-layout-column\"><div class=\"fusion-text fusion-text-7 fusion-text-no-margin\" style=\"--awb-content-alignment:center;--awb-font-size:26px;--awb-text-transform:uppercase;--awb-margin-top:50px;--awb-margin-bottom:50px;\"><p style=\"text-align: center;\"><strong>Pida su kit de impresi\u00f3n dental<\/strong><\/p>\n<\/div><div style=\"text-align:center;\"><a class=\"fusion-button button-flat fusion-button-default-size button-custom fusion-button-default button-1 fusion-button-default-span fusion-button-default-type\" style=\"--button_accent_color:var(--awb-color1);--button_accent_hover_color:#75777c;--button_border_hover_color:#75777c;--button_gradient_top_color:var(--awb-custom_color_1);--button_gradient_bottom_color:var(--awb-custom_color_1);--button_gradient_top_color_hover:rgba(0,21,255,0);--button_gradient_bottom_color_hover:rgba(0,21,255,0);--button_text_transform:uppercase;--button_margin-top:10px;--button_margin-bottom:10px;\" target=\"_self\" href=\"https:\/\/alignae.com\/es\/producto\/kit-de-impresion-dental\/\"><span class=\"fusion-button-text awb-button__text awb-button__text--default\">\u00a1EMPIEZA YA!<\/span><\/a><\/div><div class=\"fusion-text fusion-text-8\" style=\"--awb-font-size:10px;\"><p style=\"text-align: center;\">Sin riesgos. 100% garantizado.<\/p>\n<\/div><div class=\"fusion-text fusion-text-9 fusion-text-no-margin\" style=\"--awb-margin-top:20px;--awb-margin-bottom:20px;\"><p style=\"text-align: center;\">\u00bfTodav\u00eda tiene preguntas? <a href=\"https:\/\/alignae.com\/es\/centro-de-ayuda\/\">Consulte nuestras FAQ<\/a><\/p>\n<\/div><\/div><\/div><\/div><\/div>\n<\/p>","protected":false},"excerpt":{"rendered":"","protected":false},"author":1,"featured_media":0,"parent":0,"menu_order":0,"comment_status":"closed","ping_status":"closed","template":"100-width.php","meta":{"_glsr_average":0,"_glsr_ranking":0,"_glsr_reviews":0,"footnotes":""},"class_list":["post-31433","page","type-page","status-publish","hentry"],"_links":{"self":[{"href":"https:\/\/alignae.com\/es\/wp-json\/wp\/v2\/pages\/31433","targetHints":{"allow":["GET"]}}],"collection":[{"href":"https:\/\/alignae.com\/es\/wp-json\/wp\/v2\/pages"}],"about":[{"href":"https:\/\/alignae.com\/es\/wp-json\/wp\/v2\/types\/page"}],"author":[{"embeddable":true,"href":"https:\/\/alignae.com\/es\/wp-json\/wp\/v2\/users\/1"}],"replies":[{"embeddable":true,"href":"https:\/\/alignae.com\/es\/wp-json\/wp\/v2\/comments?post=31433"}],"version-history":[{"count":2,"href":"https:\/\/alignae.com\/es\/wp-json\/wp\/v2\/pages\/31433\/revisions"}],"predecessor-version":[{"id":31435,"href":"https:\/\/alignae.com\/es\/wp-json\/wp\/v2\/pages\/31433\/revisions\/31435"}],"wp:attachment":[{"href":"https:\/\/alignae.com\/es\/wp-json\/wp\/v2\/media?parent=31433"}],"curies":[{"name":"wp","href":"https:\/\/api.w.org\/{rel}","templated":true}]}}