{"id":30735,"date":"2023-12-21T19:06:33","date_gmt":"2023-12-21T18:06:33","guid":{"rendered":"https:\/\/alignae.com\/?post_type=product&#038;p=30735"},"modified":"2024-01-16T17:14:48","modified_gmt":"2024-01-16T16:14:48","slug":"alineadores-de-3a-generacion","status":"publish","type":"product","link":"https:\/\/alignae.com\/es\/produit\/aligneurs-3e-generation\/","title":{"rendered":"Alineadores\u00b3"},"content":{"rendered":"<p><strong>PRESENTACI\u00d3N : <\/strong><br>Alineadores dentales de \u00faltima generaci\u00f3n para una sonrisa perfecta en s\u00f3lo 5 a 8 meses de media<\/p>\n\n\n\n<p><strong>CONTENIDO :<\/strong> <br>- Kit de impresi\u00f3n<br>- Alineadores transl\u00facidos de copoli\u00e9ster<br>- Finalizador<br>- Alineadores de sujeci\u00f3n<br>- Malet\u00edn de transporte<br>- 2 a\u00f1os de garant\u00eda<\/p>\n\n\n\n<p><strong>CARACTER\u00cdSTICAS :<\/strong><br>- Pl\u00e1stico utilizado: Copoli\u00e9ster<br>- M\u00f3dulo de elasticidad: 1462 Mpa<br>- Alargamiento a la rotura: 179%<br>- P\u00e9rdida de resistencia con el tiempo: 10% en 7 d\u00edas<br>- Resistencia a la temperatura: 85\u00b0c \/ 185 \u00b0F<\/p>\n\n\n\n<p><br><\/p>\n\n\n\n<p><\/p>","protected":false},"excerpt":{"rendered":"<p>(3\u00aa Generaci\u00f3n)<\/p>","protected":false},"featured_media":30141,"template":"","meta":{"_glsr_average":0,"_glsr_ranking":0,"_glsr_reviews":0},"product_brand":[],"product_cat":[40],"product_tag":[],"class_list":{"0":"post-30735","1":"product","2":"type-product","3":"status-publish","4":"has-post-thumbnail","6":"product_cat-traitement","7":"product_shipping_class-class-1","9":"first","10":"instock","11":"sold-individually","12":"taxable","13":"shipping-taxable","14":"purchasable","15":"product-type-variable","16":"has-default-attributes"},"_links":{"self":[{"href":"https:\/\/alignae.com\/es\/wp-json\/wp\/v2\/product\/30735","targetHints":{"allow":["GET"]}}],"collection":[{"href":"https:\/\/alignae.com\/es\/wp-json\/wp\/v2\/product"}],"about":[{"href":"https:\/\/alignae.com\/es\/wp-json\/wp\/v2\/types\/product"}],"wp:featuredmedia":[{"embeddable":true,"href":"https:\/\/alignae.com\/es\/wp-json\/wp\/v2\/media\/30141"}],"wp:attachment":[{"href":"https:\/\/alignae.com\/es\/wp-json\/wp\/v2\/media?parent=30735"}],"wp:term":[{"taxonomy":"product_brand","embeddable":true,"href":"https:\/\/alignae.com\/es\/wp-json\/wp\/v2\/product_brand?post=30735"},{"taxonomy":"product_cat","embeddable":true,"href":"https:\/\/alignae.com\/es\/wp-json\/wp\/v2\/product_cat?post=30735"},{"taxonomy":"product_tag","embeddable":true,"href":"https:\/\/alignae.com\/es\/wp-json\/wp\/v2\/product_tag?post=30735"}],"curies":[{"name":"wp","href":"https:\/\/api.w.org\/{rel}","templated":true}]}}