{"id":29555,"date":"2023-10-23T12:36:49","date_gmt":"2023-10-23T10:36:49","guid":{"rendered":"https:\/\/alignae.com\/?page_id=29555"},"modified":"2023-11-08T00:36:50","modified_gmt":"2023-11-07T23:36:50","slug":"quiz","status":"publish","type":"page","link":"https:\/\/alignae.com\/it\/quiz\/","title":{"rendered":"quiz"},"content":{"rendered":"<div class=\"fusion-fullwidth fullwidth-box fusion-builder-row-1 fusion-flex-container has-pattern-background has-mask-background nonhundred-percent-fullwidth non-hundred-percent-height-scrolling\" style=\"--awb-border-radius-top-left:0px;--awb-border-radius-top-right:0px;--awb-border-radius-bottom-right:0px;--awb-border-radius-bottom-left:0px;--awb-padding-top:100px;--awb-padding-bottom:100px;--awb-min-height:400px;--awb-flex-wrap:wrap;\" ><div class=\"fusion-builder-row fusion-row fusion-flex-align-items-flex-start fusion-flex-align-content-flex-start fusion-flex-justify-content-center fusion-flex-content-wrap\" style=\"max-width:1248px;margin-left: calc(-4% \/ 2 );margin-right: calc(-4% \/ 2 );\"><div class=\"fusion-layout-column fusion_builder_column fusion-builder-column-0 fusion_builder_column_1_1 1_1 fusion-flex-column\" style=\"--awb-padding-bottom:50px;--awb-bg-size:cover;--awb-width-large:100%;--awb-margin-top-large:0px;--awb-spacing-right-large:1.92%;--awb-margin-bottom-large:50px;--awb-spacing-left-large:1.92%;--awb-width-medium:100%;--awb-order-medium:0;--awb-spacing-right-medium:1.92%;--awb-spacing-left-medium:1.92%;--awb-width-small:100%;--awb-order-small:0;--awb-spacing-right-small:1.92%;--awb-spacing-left-small:1.92%;\" data-scroll-devices=\"small-visibility,medium-visibility,large-visibility\"><div class=\"fusion-column-wrapper fusion-column-has-shadow fusion-flex-justify-content-flex-start fusion-content-layout-column\"><div class=\"fusion-text fusion-text-1\" style=\"--awb-font-size:36px;\"><p style=\"text-align: center;\">R\u00e9pondez \u00e0 quelques questions rapides<\/p>\n<\/div><div class=\"fusion-text fusion-text-2\" style=\"--awb-font-size:26px;\"><p style=\"text-align: center;\">et d\u00e9couvrez si nos aligneurs invisibles sont fait pour vous<\/p>\n<\/div><\/div><\/div><div class=\"fusion-layout-column fusion_builder_column fusion-builder-column-1 fusion_builder_column_1_1 1_1 fusion-flex-column fusion-flex-align-self-flex-start\" style=\"--awb-overflow:hidden;--awb-bg-color:var(--awb-color3);--awb-bg-color-hover:var(--awb-color3);--awb-bg-size:cover;--awb-border-radius:20px 20px 20px 20px;--awb-width-large:100%;--awb-margin-top-large:0px;--awb-spacing-right-large:14.4%;--awb-margin-bottom-large:20px;--awb-spacing-left-large:14.4%;--awb-width-medium:100%;--awb-order-medium:0;--awb-spacing-right-medium:14.4%;--awb-spacing-left-medium:14.4%;--awb-width-small:100%;--awb-order-small:0;--awb-spacing-right-small:1.92%;--awb-spacing-left-small:1.92%;\" data-scroll-devices=\"small-visibility,medium-visibility,large-visibility\"><div class=\"fusion-column-wrapper fusion-column-has-shadow fusion-flex-justify-content-flex-start fusion-content-layout-column\"><div class=\"fusion-form fusion-form-builder fusion-form-form-wrapper fusion-form-29550 has-icon-alignment\" style=\"--awb-tooltip-text-color:#ffffff;--awb-tooltip-background-color:#333333;--awb-form-border-width-top:3px;--awb-form-border-width-bottom:1px;--awb-form-border-width-right:1px;--awb-form-border-width-left:3px;--awb-form-border-color:#000000;--awb-icon-alignment-top:3px;--awb-icon-alignment-bottom:1px;--awb-icon-alignment-font-size:1em;\" data-form-id=\"29550\" data-config=\"{&quot;form_id&quot;:&quot;29550&quot;,&quot;form_post_id&quot;:&quot;29550&quot;,&quot;post_id&quot;:29555,&quot;form_type&quot;:&quot;ajax&quot;,&quot;confirmation_type&quot;:&quot;redirect&quot;,&quot;redirect_url&quot;:&quot;https:\\\/\\\/alignae.com\\\/felicitation\\\/&quot;,&quot;redirect_timeout&quot;:&quot;0&quot;,&quot;field_labels&quot;:{&quot;motivation&quot;:&quot;Quel est votre principale motivation&quot;,&quot;experience&quot;:&quot;Avez-vous d\\u00e9j\\u00e0 port\\u00e9 un appareil dentaire ou un aligneur invisible ? &quot;,&quot;malposition&quot;:&quot;Quel est selon vous l&#039;importance de votre malposition dentaire ?&quot;,&quot;dentdelait&quot;:&quot;Avez-vous perdu toutes vos dents de lait ?&quot;,&quot;soins&quot;:&quot;Lesquels de ces soins dentaires avez-vous d\\u00e9j\\u00e0 eu ? &quot;,&quot;objectif&quot;:&quot;Qu&#039;est ce qui compte le plus pour vous ?&quot;,&quot;email&quot;:&quot;Email&quot;},&quot;field_logics&quot;:{&quot;motivation&quot;:&quot;[]&quot;,&quot;experience&quot;:&quot;[{\\&quot;operator\\&quot;:\\&quot;and\\&quot;,\\&quot;comparison\\&quot;:\\&quot;not-equal\\&quot;,\\&quot;field\\&quot;:\\&quot;motivation\\&quot;,\\&quot;value\\&quot;:\\&quot;\\&quot;}]&quot;,&quot;malposition&quot;:&quot;[{\\&quot;operator\\&quot;:\\&quot;and\\&quot;,\\&quot;comparison\\&quot;:\\&quot;not-equal\\&quot;,\\&quot;field\\&quot;:\\&quot;experience\\&quot;,\\&quot;value\\&quot;:\\&quot;\\&quot;}]&quot;,&quot;dentdelait&quot;:&quot;[{\\&quot;operator\\&quot;:\\&quot;and\\&quot;,\\&quot;comparison\\&quot;:\\&quot;not-equal\\&quot;,\\&quot;field\\&quot;:\\&quot;malposition\\&quot;,\\&quot;value\\&quot;:\\&quot;\\&quot;}]&quot;,&quot;fusion_text_3&quot;:&quot;[{\\&quot;operator\\&quot;:\\&quot;and\\&quot;,\\&quot;comparison\\&quot;:\\&quot;contains\\&quot;,\\&quot;field\\&quot;:\\&quot;dentdelait\\&quot;,\\&quot;value\\&quot;:\\&quot;non\\&quot;}]&quot;,&quot;soins&quot;:&quot;[{\\&quot;operator\\&quot;:\\&quot;and\\&quot;,\\&quot;comparison\\&quot;:\\&quot;contains\\&quot;,\\&quot;field\\&quot;:\\&quot;dentdelait\\&quot;,\\&quot;value\\&quot;:\\&quot;oui\\&quot;}]&quot;,&quot;objectif&quot;:&quot;[{\\&quot;operator\\&quot;:\\&quot;and\\&quot;,\\&quot;comparison\\&quot;:\\&quot;not-equal\\&quot;,\\&quot;field\\&quot;:\\&quot;soins[]\\&quot;,\\&quot;value\\&quot;:\\&quot;\\&quot;}]&quot;,&quot;email&quot;:&quot;[{\\&quot;operator\\&quot;:\\&quot;and\\&quot;,\\&quot;comparison\\&quot;:\\&quot;not-equal\\&quot;,\\&quot;field\\&quot;:\\&quot;objectif\\&quot;,\\&quot;value\\&quot;:\\&quot;\\&quot;}]&quot;,&quot;fusion_builder_container_1-2&quot;:&quot;[{\\&quot;operator\\&quot;:\\&quot;and\\&quot;,\\&quot;comparison\\&quot;:\\&quot;not-equal\\&quot;,\\&quot;field\\&quot;:\\&quot;email\\&quot;,\\&quot;value\\&quot;:\\&quot;\\&quot;}]&quot;,&quot;submit_1&quot;:&quot;&quot;},&quot;field_types&quot;:{&quot;motivation&quot;:&quot;select&quot;,&quot;experience&quot;:&quot;select&quot;,&quot;malposition&quot;:&quot;select&quot;,&quot;dentdelait&quot;:&quot;select&quot;,&quot;fusion_text_3&quot;:&quot;fusion_text&quot;,&quot;soins&quot;:&quot;checkbox&quot;,&quot;objectif&quot;:&quot;select&quot;,&quot;email&quot;:&quot;email&quot;,&quot;fusion_builder_container_1-2&quot;:&quot;fusion_builder_container&quot;,&quot;submit_1&quot;:&quot;submit&quot;},&quot;nonce_method&quot;:&quot;ajax&quot;,&quot;form_views&quot;:&quot;ajax&quot;,&quot;form_views_counting&quot;:&quot;all&quot;}\"><form action=\"https:\/\/alignae.com\/it\/quiz\/\" method=\"post\" class=\"fusion-form fusion-form-29550\"><div class=\"fusion-fullwidth fullwidth-box fusion-builder-row-1-1 fusion-flex-container has-pattern-background has-mask-background nonhundred-percent-fullwidth non-hundred-percent-height-scrolling\" style=\"--awb-border-radius-top-left:0px;--awb-border-radius-top-right:0px;--awb-border-radius-bottom-right:0px;--awb-border-radius-bottom-left:0px;--awb-flex-wrap:wrap;\" ><div class=\"fusion-builder-row fusion-row fusion-flex-align-items-center fusion-flex-justify-content-center fusion-flex-content-wrap\" style=\"width:104% !important;max-width:104% !important;margin-left: calc(-4% \/ 2 );margin-right: calc(-4% \/ 2 );\"><div class=\"fusion-layout-column fusion_builder_column fusion-builder-column-2 fusion_builder_column_1_1 1_1 fusion-flex-column\" style=\"--awb-bg-size:cover;--awb-width-large:100%;--awb-flex-grow:0;--awb-flex-shrink:0;--awb-margin-top-large:0px;--awb-spacing-right-large:1.92%;--awb-margin-bottom-large:20px;--awb-spacing-left-large:1.92%;--awb-width-medium:100%;--awb-order-medium:0;--awb-flex-grow-medium:0;--awb-flex-shrink-medium:0;--awb-spacing-right-medium:1.92%;--awb-spacing-left-medium:1.92%;--awb-width-small:100%;--awb-order-small:0;--awb-flex-grow-small:0;--awb-flex-shrink-small:0;--awb-spacing-right-small:1.92%;--awb-spacing-left-small:1.92%;\"><div class=\"fusion-column-wrapper fusion-column-has-shadow fusion-flex-justify-content-center fusion-content-layout-row\"><div class=\"fusion-form-field fusion-form-select-field fusion-form-label-above\" style=\"\" data-form-id=\"29550\"><label for=\"motivation\">Quel est votre principale motivation <abbr class=\"fusion-form-element-required\" title=\"required\">*<\/abbr><\/label><div class=\"fusion-select-wrapper\"><select autocomplete=\"off\" tabindex=\"\" id=\"motivation\" name=\"motivation\" class=\"fusion-form-input\" required=\"true\" aria-required=\"true\" data-holds-private-data=\"false\"><option value=\"\" disabled selected>-&gt;<\/option><option value=\"1\" >Am\u00e9lioration g\u00e9n\u00e9rale<\/option><option value=\"1\" >Apparence professionnelle<\/option><option value=\"1\" >Un \u00e9v\u00e8nement \u00e0 venir<\/option><option value=\"1\" >Autre<\/option><\/select><div class=\"select-arrow\"><svg width=\"12\" height=\"8\" viewBox=\"0 0 12 8\" fill=\"none\" xmlns=\"http:\/\/www.w3.org\/2000\/svg\"> <path d=\"M1.5 1.75L6 6.25L10.5 1.75\" stroke=\"#6D6D6D\" stroke-width=\"2\" stroke-linecap=\"round\" stroke-linejoin=\"round\"\/> <\/svg><\/div><\/div><\/div><div class=\"fusion-form-field fusion-form-select-field fusion-form-label-above fusion-form-field-hidden\" style=\"\" data-form-id=\"29550\" data-form-element-name=\"select_2\"><label for=\"experience\">Avez-vous d\u00e9j\u00e0 port\u00e9 un appareil dentaire ou un aligneur invisible ? <\/label><div class=\"fusion-select-wrapper\"><select autocomplete=\"off\" tabindex=\"\" id=\"experience\" name=\"experience\" class=\"fusion-form-input\" data-holds-private-data=\"false\"><option value=\"\" disabled selected>-&gt;<\/option><option value=\"Oui\" >Oui<\/option><option value=\"Non\" >Non<\/option><\/select><div class=\"select-arrow\"><svg width=\"12\" height=\"8\" viewBox=\"0 0 12 8\" fill=\"none\" xmlns=\"http:\/\/www.w3.org\/2000\/svg\"> <path d=\"M1.5 1.75L6 6.25L10.5 1.75\" stroke=\"#6D6D6D\" stroke-width=\"2\" stroke-linecap=\"round\" stroke-linejoin=\"round\"\/> <\/svg><\/div><\/div><\/div><div class=\"fusion-form-field fusion-form-select-field fusion-form-label-above fusion-form-field-hidden\" style=\"\" data-form-id=\"29550\" data-form-element-name=\"select_3\"><label for=\"malposition\">Quel est selon vous l&#039;importance de votre malposition dentaire ?<\/label><div class=\"fusion-select-wrapper\"><select autocomplete=\"off\" tabindex=\"\" id=\"malposition\" name=\"malposition\" class=\"fusion-form-input\" data-holds-private-data=\"false\"><option value=\"\" disabled selected>-&gt;<\/option><option value=\"L\u00e9g\u00e8re\" >L\u00e9g\u00e8re<\/option><option value=\"Mod\u00e9r\u00e9e\" >Mod\u00e9r\u00e9e<\/option><option value=\"Importante\" >Importante<\/option><option value=\"S\u00e9v\u00e8re\" >S\u00e9v\u00e8re<\/option><\/select><div class=\"select-arrow\"><svg width=\"12\" height=\"8\" viewBox=\"0 0 12 8\" fill=\"none\" xmlns=\"http:\/\/www.w3.org\/2000\/svg\"> <path d=\"M1.5 1.75L6 6.25L10.5 1.75\" stroke=\"#6D6D6D\" stroke-width=\"2\" stroke-linecap=\"round\" stroke-linejoin=\"round\"\/> <\/svg><\/div><\/div><\/div><div class=\"fusion-form-field fusion-form-select-field fusion-form-label-above fusion-form-field-hidden\" style=\"\" data-form-id=\"29550\" data-form-element-name=\"select_4\"><label for=\"dentdelait\">Avez-vous perdu toutes vos dents de lait ?<\/label><div class=\"fusion-select-wrapper\"><select autocomplete=\"off\" tabindex=\"\" id=\"dentdelait\" name=\"dentdelait\" class=\"fusion-form-input\" data-holds-private-data=\"false\"><option value=\"\" disabled selected>-&gt;<\/option><option value=\"Oui\" >Oui<\/option><option value=\"Non\" >Non<\/option><\/select><div class=\"select-arrow\"><svg width=\"12\" height=\"8\" viewBox=\"0 0 12 8\" fill=\"none\" xmlns=\"http:\/\/www.w3.org\/2000\/svg\"> <path d=\"M1.5 1.75L6 6.25L10.5 1.75\" stroke=\"#6D6D6D\" stroke-width=\"2\" stroke-linecap=\"round\" stroke-linejoin=\"round\"\/> <\/svg><\/div><\/div><\/div><div class=\"fusion-text fusion-text-3 fusion-form-field-hidden\" style=\"--awb-content-alignment:center;--awb-margin-top:50px;--awb-margin-right:100px;--awb-margin-left:100px;\" data-form-element-name=\"fusion_text_3\"><p style=\"text-align: center;\">Alignae aimerai vraiment vous compter parmi ses utilisateurs, mais c'est trop t\u00f4t.<\/p>\n<p style=\"text-align: center;\">Pour un r\u00e9sultat parfait, il faut avoir perdu toutes ses dents de lait.<\/p>\n<\/div>\n<div class=\"fusion-form-field fusion-form-checkbox-field fusion-form-label-above fusion-form-field-hidden\" style=\"\" data-form-id=\"29550\" data-form-element-name=\"checkbox_1\"><fieldset><legend class=\"fusion-form-label-wrapper\"><span class=\"label\">Lesquels de ces soins dentaires avez-vous d\u00e9j\u00e0 eu ? <\/span><\/legend><div class=\"fusion-form-checkbox option-inline\"><input tabindex=\"\" id=\"checkbox-soins-1-0\" type=\"checkbox\" value=\"Aucun\" name=\"soins[]\" class=\"fusion-form-input\" data-holds-private-data=\"false\"\/><label for=\"checkbox-soins-1-0\">Aucun<\/label><\/div><div class=\"fusion-form-checkbox option-inline\"><input tabindex=\"\" id=\"checkbox-soins-1-1\" type=\"checkbox\" value=\"Bridge\" name=\"soins[]\" class=\"fusion-form-input\" data-holds-private-data=\"false\"\/><label for=\"checkbox-soins-1-1\">Bridge<\/label><\/div><div class=\"fusion-form-checkbox option-inline\"><input tabindex=\"\" id=\"checkbox-soins-1-2\" type=\"checkbox\" value=\"Dent(s) manquante(s)\" name=\"soins[]\" class=\"fusion-form-input\" data-holds-private-data=\"false\"\/><label for=\"checkbox-soins-1-2\">Dent(s) manquante(s)<\/label><\/div><div class=\"fusion-form-checkbox option-inline\"><input tabindex=\"\" id=\"checkbox-soins-1-3\" type=\"checkbox\" value=\"D\u00e9tartrage\" name=\"soins[]\" class=\"fusion-form-input\" data-holds-private-data=\"false\"\/><label for=\"checkbox-soins-1-3\">D\u00e9tartrage<\/label><\/div><div class=\"fusion-form-checkbox option-inline\"><input tabindex=\"\" id=\"checkbox-soins-1-4\" type=\"checkbox\" value=\"Facettes\" name=\"soins[]\" class=\"fusion-form-input\" data-holds-private-data=\"false\"\/><label for=\"checkbox-soins-1-4\">Facettes<\/label><\/div><div class=\"fusion-form-checkbox option-inline\"><input tabindex=\"\" id=\"checkbox-soins-1-5\" type=\"checkbox\" value=\"Autre\" name=\"soins[]\" class=\"fusion-form-input\" data-holds-private-data=\"false\"\/><label for=\"checkbox-soins-1-5\">Autre<\/label><\/div><\/fieldset><\/div><div class=\"fusion-form-field fusion-form-select-field fusion-form-label-above fusion-form-field-hidden\" style=\"\" data-form-id=\"29550\" data-form-element-name=\"select_5\"><label for=\"objectif\">Qu&#039;est ce qui compte le plus pour vous ?<\/label><div class=\"fusion-form-tooltip\"><i class=\"awb-icon-question-circle\"><\/i><span class=\"fusion-form-tooltip-content\">...<\/span><\/div><div class=\"fusion-select-wrapper\"><select autocomplete=\"off\" tabindex=\"\" id=\"objectif\" name=\"objectif\" class=\"fusion-form-input\" data-holds-private-data=\"false\"><option value=\"\" disabled selected>-&gt;<\/option><option value=\"R\u00e9sultat rapide\" >R\u00e9sultat rapide<\/option><option value=\"Confort\" >Confort<\/option><option value=\"Prix abordables\" >Prix abordables<\/option><option value=\"Discretion\" >Discretion<\/option><option value=\"Autre\" >Autre<\/option><\/select><div class=\"select-arrow\"><svg width=\"12\" height=\"8\" viewBox=\"0 0 12 8\" fill=\"none\" xmlns=\"http:\/\/www.w3.org\/2000\/svg\"> <path d=\"M1.5 1.75L6 6.25L10.5 1.75\" stroke=\"#6D6D6D\" stroke-width=\"2\" stroke-linecap=\"round\" stroke-linejoin=\"round\"\/> <\/svg><\/div><\/div><\/div><div class=\"fusion-form-field fusion-form-email-field fusion-form-label-above fusion-form-field-hidden\" style=\"\" data-form-id=\"29550\" data-form-element-name=\"email_1\"><div class=\"fusion-form-label-wrapper\"><label for=\"email\">Email <abbr class=\"fusion-form-element-required\" title=\"required\">*<\/abbr><\/label><div class=\"fusion-form-tooltip\"><i class=\"awb-icon-question-circle\"><\/i><span class=\"fusion-form-tooltip-content\">Nous avons besoin de votre adresse email<\/span><\/div><\/div><input type=\"email\" autocomplete=\"off\" name=\"email\" id=\"email\" value=\"\"  class=\"fusion-form-input\" required=\"true\" aria-required=\"true\" placeholder=\"Votre adresse email *\" data-holds-private-data=\"false\"\/><\/div><\/div><\/div><\/div><\/div><div class=\"fusion-fullwidth fullwidth-box fusion-builder-row-1-2 fusion-flex-container has-pattern-background has-mask-background nonhundred-percent-fullwidth non-hundred-percent-height-scrolling fusion-form-field-hidden\" style=\"--awb-border-radius-top-left:0px;--awb-border-radius-top-right:0px;--awb-border-radius-bottom-right:0px;--awb-border-radius-bottom-left:0px;--awb-flex-wrap:wrap;\" data-form-element-name=\"fusion_builder_container_1-2\" ><div class=\"fusion-builder-row fusion-row fusion-flex-align-items-flex-start fusion-flex-content-wrap\" style=\"width:104% !important;max-width:104% !important;margin-left: calc(-4% \/ 2 );margin-right: calc(-4% \/ 2 );\"><div class=\"fusion-layout-column fusion_builder_column fusion-builder-column-3 fusion_builder_column_1_1 1_1 fusion-flex-column\" style=\"--awb-bg-size:cover;--awb-width-large:100%;--awb-flex-grow:0;--awb-flex-shrink:0;--awb-margin-top-large:0px;--awb-spacing-right-large:1.92%;--awb-margin-bottom-large:20px;--awb-spacing-left-large:1.92%;--awb-width-medium:100%;--awb-order-medium:0;--awb-flex-grow-medium:0;--awb-flex-shrink-medium:0;--awb-spacing-right-medium:1.92%;--awb-spacing-left-medium:1.92%;--awb-width-small:100%;--awb-order-small:0;--awb-flex-grow-small:0;--awb-flex-shrink-small:0;--awb-spacing-right-small:1.92%;--awb-spacing-left-small:1.92%;\"><div class=\"fusion-column-wrapper fusion-column-has-shadow fusion-flex-justify-content-flex-start fusion-content-layout-column\"><div class=\"fusion-form-field fusion-form-submit-field fusion-form-label-above\" style=\"\" data-form-id=\"29550\"><div style=\"text-align:center;\"><button type=\"submit\" class=\"fusion-button button-flat fusion-button-default-size button-default fusion-button-default button-1 fusion-button-default-span  button-default form-form-submit\" data-form-number=\"29550\" tabindex=\"\"><span class=\"fusion-button-text awb-button__text awb-button__text--default\">Voir le r\u00e9sultat<\/span><\/button><\/div><\/div><\/div><\/div><\/div><\/div><input type=\"hidden\" name=\"fusion_privacy_expiration_interval\" value=\"48\"><input type=\"hidden\" name=\"privacy_expiration_action\" value=\"anonymize\"><\/form><\/div><div class=\"fusion-menu-anchor\" id=\"form\"><\/div><\/div><\/div><\/div><\/div>\n","protected":false},"excerpt":{"rendered":"","protected":false},"author":1,"featured_media":0,"parent":0,"menu_order":0,"comment_status":"closed","ping_status":"closed","template":"100-width.php","meta":{"_glsr_average":0,"_glsr_ranking":0,"_glsr_reviews":0,"footnotes":""},"class_list":["post-29555","page","type-page","status-publish","hentry"],"_links":{"self":[{"href":"https:\/\/alignae.com\/it\/wp-json\/wp\/v2\/pages\/29555","targetHints":{"allow":["GET"]}}],"collection":[{"href":"https:\/\/alignae.com\/it\/wp-json\/wp\/v2\/pages"}],"about":[{"href":"https:\/\/alignae.com\/it\/wp-json\/wp\/v2\/types\/page"}],"author":[{"embeddable":true,"href":"https:\/\/alignae.com\/it\/wp-json\/wp\/v2\/users\/1"}],"replies":[{"embeddable":true,"href":"https:\/\/alignae.com\/it\/wp-json\/wp\/v2\/comments?post=29555"}],"version-history":[{"count":20,"href":"https:\/\/alignae.com\/it\/wp-json\/wp\/v2\/pages\/29555\/revisions"}],"predecessor-version":[{"id":29774,"href":"https:\/\/alignae.com\/it\/wp-json\/wp\/v2\/pages\/29555\/revisions\/29774"}],"wp:attachment":[{"href":"https:\/\/alignae.com\/it\/wp-json\/wp\/v2\/media?parent=29555"}],"curies":[{"name":"wp","href":"https:\/\/api.w.org\/{rel}","templated":true}]}}