{"id":31433,"date":"2024-03-07T21:11:11","date_gmt":"2024-03-07T20:11:11","guid":{"rendered":"https:\/\/alignae.com\/?page_id=31433"},"modified":"2024-03-07T21:14:13","modified_gmt":"2024-03-07T20:14:13","slug":"informativa-sulla-privacy-3","status":"publish","type":"page","link":"https:\/\/alignae.com\/it\/mentions-legales\/","title":{"rendered":"Informazioni legali"},"content":{"rendered":"<p><div class=\"fusion-fullwidth fullwidth-box fusion-builder-row-1 fusion-flex-container has-pattern-background has-mask-background nonhundred-percent-fullwidth non-hundred-percent-height-scrolling\" style=\"--awb-border-radius-top-left:0px;--awb-border-radius-top-right:0px;--awb-border-radius-bottom-right:0px;--awb-border-radius-bottom-left:0px;--awb-padding-top:50px;--awb-flex-wrap:wrap;\" ><div class=\"fusion-builder-row fusion-row fusion-flex-align-items-flex-start fusion-flex-content-wrap\" style=\"max-width:1248px;margin-left: calc(-4% \/ 2 );margin-right: calc(-4% \/ 2 );\"><div class=\"fusion-layout-column fusion_builder_column fusion-builder-column-0 fusion_builder_column_2_3 2_3 fusion-flex-column\" style=\"--awb-bg-size:cover;--awb-width-large:66.666666666667%;--awb-margin-top-large:0px;--awb-spacing-right-large:2.88%;--awb-margin-bottom-large:20px;--awb-spacing-left-large:2.88%;--awb-width-medium:66.666666666667%;--awb-order-medium:0;--awb-spacing-right-medium:2.88%;--awb-spacing-left-medium:2.88%;--awb-width-small:100%;--awb-order-small:0;--awb-spacing-right-small:1.92%;--awb-spacing-left-small:1.92%;\"><div class=\"fusion-column-wrapper fusion-column-has-shadow fusion-flex-justify-content-flex-start fusion-content-layout-column\"><div class=\"fusion-title title fusion-title-1 fusion-sep-none fusion-title-text fusion-title-size-one\" style=\"--awb-margin-top-small:10px;--awb-margin-right-small:0px;--awb-margin-bottom-small:10px;--awb-margin-left-small:0px;\"><h1 class=\"fusion-title-heading title-heading-left\" style=\"margin:0;text-transform:uppercase;\">Informazioni legali<\/h1><\/div><div class=\"fusion-menu-anchor\" id=\"1\"><\/div><div class=\"fusion-text fusion-text-1\"><h3>Informazioni sulla societ\u00e0<\/h3>\n<p>GoodLab \u00e8 una societ\u00e0 a responsabilit\u00e0 limitata con capitale sociale di 1.000 euro, con sede legale in Sakala 7-2 a Tallinn (EE-10141), iscritta al registro delle imprese con il numero 16845679 e con partita IVA EE102670095.<\/p>\n<p>Goodlab pubblica il sito web accessibile all'indirizzo https:\/\/www.alignae.com\/ e pu\u00f2 essere contattato via e-mail all'indirizzo info(a)alignae.com e per posta ai seguenti indirizzi:<span class=\"Apple-converted-space\">\u00a0<\/span><\/p>\n<p>- Alignae C\/o Goodlab, Sakala 7-2, EE-10141 Tallinn<br \/>\n- Alignae C\/o Goodlab, 41 cours de la Libert\u00e9, FR-69003 Lione<br \/>\n- Alignae C\/o Goodlab, Pont-Rouge 4, CH-1212 Lancy<\/p>\n<p>Se avete domande sull'azienda, potete inviarci le vostre domande per e-mail o per posta.<\/p>\n<\/div><div class=\"fusion-menu-anchor\" id=\"2\"><\/div><div class=\"fusion-text fusion-text-2\"><h3>Hosting<\/h3>\n<p>Il sito web \u00e8 accessibile all'indirizzo https:\/\/www.alignae.com\/ ed \u00e8 ospitato da Infomaniak, i cui dati di contatto sono i seguenti: Infomaniak Network SA, Rue Eug\u00e8ne Marziano 25, 1227 Les Acacias (GE)<\/p>\n<\/div><div class=\"fusion-menu-anchor\" id=\"3\"><\/div><div class=\"fusion-text fusion-text-3\"><h3>Politica di utilizzo dei cookie<\/h3>\n<p>Goodlab utilizza i cookie per consentire la navigazione, la pubblicit\u00e0 mirata e la misurazione anonima del pubblico.<\/p>\n<\/div><div class=\"fusion-menu-anchor\" id=\"4\"><\/div><div class=\"fusion-text fusion-text-4\"><h3>Clausola di non responsabilit\u00e0<\/h3>\n<p>Il contenuto delle nostre pagine \u00e8 stato creato con la massima cura. Tuttavia, non possiamo garantire che il contenuto sia corretto, completo e aggiornato.<\/p>\n<\/div><div class=\"fusion-menu-anchor\" id=\"5\"><\/div><div class=\"fusion-text fusion-text-5\"><h3>Copyright<\/h3>\n<p>I contenuti e le opere presenti in queste pagine creati dai gestori del sito sono soggetti alla legge sul diritto d'autore. La riproduzione, la modifica, la distribuzione e qualsiasi tipo di utilizzo al di fuori dei limiti della legge sul copyright richiedono il consenso scritto del rispettivo autore o creatore. Download e copie di queste pagine sono consentiti solo per uso privato e non commerciale. Se tuttavia venite a conoscenza di una violazione del copyright, vi preghiamo di informarci. Se veniamo a conoscenza di una violazione, rimuoveremo immediatamente il contenuto.<\/p>\n<\/div><\/div><\/div><div class=\"fusion-layout-column fusion_builder_column fusion-builder-column-1 fusion_builder_column_1_3 1_3 fusion-flex-column\" style=\"--awb-bg-size:cover;--awb-width-large:33.333333333333%;--awb-margin-top-large:0px;--awb-spacing-right-large:5.76%;--awb-margin-bottom-large:20px;--awb-spacing-left-large:5.76%;--awb-width-medium:33.333333333333%;--awb-order-medium:0;--awb-spacing-right-medium:5.76%;--awb-spacing-left-medium:5.76%;--awb-width-small:100%;--awb-order-small:0;--awb-spacing-right-small:1.92%;--awb-spacing-left-small:1.92%;\"><div class=\"fusion-column-wrapper fusion-column-has-shadow fusion-flex-justify-content-flex-start fusion-content-layout-column\"><div class=\"fusion-text fusion-text-6\"><p><a href=\"#1\">Informazioni<\/a><\/p>\n<p><a href=\"#2\">Hosting<\/a><\/p>\n<p><a href=\"#3\">Biscotti<\/a><\/p>\n<p><a href=\"#4\">Clausola di non responsabilit\u00e0<\/a><\/p>\n<p><a href=\"#5\">Copyright<\/a><\/p>\n<\/div><\/div><\/div><\/div><\/div><div class=\"fusion-fullwidth fullwidth-box fusion-builder-row-2 fusion-flex-container has-pattern-background has-mask-background nonhundred-percent-fullwidth non-hundred-percent-height-scrolling\" style=\"--awb-background-position:right center;--awb-border-radius-top-left:0px;--awb-border-radius-top-right:0px;--awb-border-radius-bottom-right:0px;--awb-border-radius-bottom-left:0px;--awb-padding-top:50px;--awb-padding-right:;--awb-padding-bottom:50px;--awb-background-color:#ffffff;--awb-flex-wrap:wrap;\" ><div class=\"fusion-builder-row fusion-row fusion-flex-align-items-flex-start fusion-flex-align-content-center fusion-flex-content-wrap\" style=\"max-width:1248px;margin-left: calc(-4% \/ 2 );margin-right: calc(-4% \/ 2 );\"><div class=\"fusion-layout-column fusion_builder_column fusion-builder-column-2 fusion_builder_column_1_1 1_1 fusion-flex-column fusion-flex-align-self-flex-start\" style=\"--awb-bg-size:cover;--awb-width-large:100%;--awb-margin-top-large:0px;--awb-spacing-right-large:1.92%;--awb-margin-bottom-large:20px;--awb-spacing-left-large:1.92%;--awb-width-medium:100%;--awb-order-medium:0;--awb-spacing-right-medium:1.92%;--awb-spacing-left-medium:1.92%;--awb-width-small:100%;--awb-order-small:0;--awb-spacing-right-small:1.92%;--awb-spacing-left-small:1.92%;\" data-scroll-devices=\"small-visibility,medium-visibility,large-visibility\"><div class=\"fusion-column-wrapper fusion-column-has-shadow fusion-flex-justify-content-flex-start fusion-content-layout-column\"><div class=\"fusion-text fusion-text-7 fusion-text-no-margin\" style=\"--awb-content-alignment:center;--awb-font-size:26px;--awb-text-transform:uppercase;--awb-margin-top:50px;--awb-margin-bottom:50px;\"><p style=\"text-align: center;\"><strong>Ordinate il vostro kit per impronte dentali<\/strong><\/p>\n<\/div><div style=\"text-align:center;\"><a class=\"fusion-button button-flat fusion-button-default-size button-custom fusion-button-default button-1 fusion-button-default-span fusion-button-default-type\" style=\"--button_accent_color:var(--awb-color1);--button_accent_hover_color:#75777c;--button_border_hover_color:#75777c;--button_gradient_top_color:var(--awb-custom_color_1);--button_gradient_bottom_color:var(--awb-custom_color_1);--button_gradient_top_color_hover:rgba(0,21,255,0);--button_gradient_bottom_color_hover:rgba(0,21,255,0);--button_text_transform:uppercase;--button_margin-top:10px;--button_margin-bottom:10px;\" target=\"_self\" href=\"https:\/\/alignae.com\/it\/prodotto\/kit-per-impronte-dentali\/\"><span class=\"fusion-button-text awb-button__text awb-button__text--default\">INIZIA ORA!<\/span><\/a><\/div><div class=\"fusion-text fusion-text-8\" style=\"--awb-font-size:10px;\"><p style=\"text-align: center;\">Nessun rischio. 100% garantito.<\/p>\n<\/div><div class=\"fusion-text fusion-text-9 fusion-text-no-margin\" style=\"--awb-margin-top:20px;--awb-margin-bottom:20px;\"><p style=\"text-align: center;\">Avete ancora domande? <a href=\"https:\/\/alignae.com\/it\/centro-di-assistenza\/\">Consultate le nostre FAQ<\/a><\/p>\n<\/div><\/div><\/div><\/div><\/div>\n<\/p>","protected":false},"excerpt":{"rendered":"","protected":false},"author":1,"featured_media":0,"parent":0,"menu_order":0,"comment_status":"closed","ping_status":"closed","template":"100-width.php","meta":{"_glsr_average":0,"_glsr_ranking":0,"_glsr_reviews":0,"footnotes":""},"class_list":["post-31433","page","type-page","status-publish","hentry"],"_links":{"self":[{"href":"https:\/\/alignae.com\/it\/wp-json\/wp\/v2\/pages\/31433","targetHints":{"allow":["GET"]}}],"collection":[{"href":"https:\/\/alignae.com\/it\/wp-json\/wp\/v2\/pages"}],"about":[{"href":"https:\/\/alignae.com\/it\/wp-json\/wp\/v2\/types\/page"}],"author":[{"embeddable":true,"href":"https:\/\/alignae.com\/it\/wp-json\/wp\/v2\/users\/1"}],"replies":[{"embeddable":true,"href":"https:\/\/alignae.com\/it\/wp-json\/wp\/v2\/comments?post=31433"}],"version-history":[{"count":2,"href":"https:\/\/alignae.com\/it\/wp-json\/wp\/v2\/pages\/31433\/revisions"}],"predecessor-version":[{"id":31435,"href":"https:\/\/alignae.com\/it\/wp-json\/wp\/v2\/pages\/31433\/revisions\/31435"}],"wp:attachment":[{"href":"https:\/\/alignae.com\/it\/wp-json\/wp\/v2\/media?parent=31433"}],"curies":[{"name":"wp","href":"https:\/\/api.w.org\/{rel}","templated":true}]}}