{"id":29409,"date":"2023-09-27T00:24:05","date_gmt":"2023-09-26T22:24:05","guid":{"rendered":"https:\/\/alignae.com\/?page_id=29409"},"modified":"2023-11-08T01:55:49","modified_gmt":"2023-11-08T00:55:49","slug":"garantia","status":"publish","type":"page","link":"https:\/\/alignae.com\/pt\/garantie\/","title":{"rendered":"Garantia"},"content":{"rendered":"<p><div class=\"fusion-fullwidth fullwidth-box fusion-builder-row-1 fusion-flex-container has-pattern-background has-mask-background nonhundred-percent-fullwidth non-hundred-percent-height-scrolling\" style=\"--awb-border-radius-top-left:0px;--awb-border-radius-top-right:0px;--awb-border-radius-bottom-right:0px;--awb-border-radius-bottom-left:0px;--awb-padding-top:50px;--awb-flex-wrap:wrap;\" ><div class=\"fusion-builder-row fusion-row fusion-flex-align-items-flex-start fusion-flex-content-wrap\" style=\"max-width:1248px;margin-left: calc(-4% \/ 2 );margin-right: calc(-4% \/ 2 );\"><div class=\"fusion-layout-column fusion_builder_column fusion-builder-column-0 fusion_builder_column_1_1 1_1 fusion-flex-column\" style=\"--awb-bg-size:cover;--awb-width-large:100%;--awb-margin-top-large:0px;--awb-spacing-right-large:1.92%;--awb-margin-bottom-large:20px;--awb-spacing-left-large:1.92%;--awb-width-medium:100%;--awb-order-medium:0;--awb-spacing-right-medium:1.92%;--awb-spacing-left-medium:1.92%;--awb-width-small:100%;--awb-order-small:0;--awb-spacing-right-small:1.92%;--awb-spacing-left-small:1.92%;\"><div class=\"fusion-column-wrapper fusion-column-has-shadow fusion-flex-justify-content-flex-start fusion-content-layout-column\"><div class=\"fusion-title title fusion-title-1 fusion-sep-none fusion-title-text fusion-title-size-one\" style=\"--awb-margin-top-small:10px;--awb-margin-right-small:0px;--awb-margin-bottom-small:10px;--awb-margin-left-small:0px;\"><h1 class=\"fusion-title-heading title-heading-left\" style=\"margin:0;text-transform:uppercase;\">Garantia de satisfa\u00e7\u00e3o 100%<\/h1><\/div><div class=\"fusion-text fusion-text-1\"><h3>A nossa garantia \u00e9 absolutamente 100% sem perguntas e voc\u00ea est\u00e1 totalmente satisfeito ou 100% seu dinheiro de volta.<\/h3>\n<p>Queremos que cuide do seu sorriso e o mantenha durante muito tempo, sabendo que ficar\u00e1 totalmente satisfeito, aconte\u00e7a o que acontecer. \u00c9 t\u00e3o simples quanto isso.<\/p>\n<p>Na Alignae, orgulhamo-nos de lhe proporcionar a melhor experi\u00eancia de cliente, oferecendo-lhe um servi\u00e7o e produtos da mais elevada qualidade com uma garantia sem complica\u00e7\u00f5es. Se, por qualquer motivo, n\u00e3o ficar completamente satisfeito com o nosso servi\u00e7o, receber\u00e1 um reembolso total ou voltaremos a colocar os seus alinhadores sem qualquer custo adicional.<\/p>\n<p>Se pretender um reembolso ou uma troca, h\u00e1 apenas tr\u00eas coisas que tem de saber:<\/p>\n<ul>\n<li>Deve devolver a sua encomenda no prazo de 5 dias ap\u00f3s a rece\u00e7\u00e3o.<\/li>\n<li>O transporte de retorno e os custos associados s\u00e3o da responsabilidade do utilizador.<\/li>\n<li>Se desejar receber um novo plano de tratamento, receb\u00ea-lo-\u00e1 no prazo de 30 dias ap\u00f3s a rece\u00e7\u00e3o do seu envio de devolu\u00e7\u00e3o.<\/li>\n<\/ul>\n<\/div><div class=\"fusion-text fusion-text-2\"><h3>Garantia 100% para o kit de impress\u00e3o<\/h3>\n<p>Os nossos especialistas utilizar\u00e3o as suas impress\u00f5es dent\u00e1rias para conceber os seus alinhadores.<\/p>\n<ul>\n<li>Se as impress\u00f5es estiverem defeituosas, enviar-lhe-emos um novo kit para fazer uma nova impress\u00e3o do maxilar em quest\u00e3o, sem qualquer custo adicional para si.<\/li>\n<li>Se acharmos que n\u00e3o conseguimos obter um resultado absolutamente satisfat\u00f3rio com os nossos alinhadores, reembolsaremos o kit de moldagem na totalidade.<\/li>\n<li>Se desejar continuar com a Alignae e encomendar o seu plano de tratamento, deduziremos o valor pago pelo kit de moldagem do pre\u00e7o final.<\/li>\n<\/ul>\n<\/div><div class=\"fusion-text fusion-text-3\"><h3>Garantia dos alinhadores invis\u00edveis 100%<\/h3>\n<p>Para o ajudar a obter o sorriso dos seus sonhos e a mant\u00ea-lo assim, pedimos-lhe que siga algumas recomenda\u00e7\u00f5es:<\/p>\n<ul>\n<li>Usar os seus alinhadores invis\u00edveis todos os dias: Seguir as instru\u00e7\u00f5es do seu plano de tratamento e usar os alinhadores regularmente durante, pelo menos, 10 horas por dia ajud\u00e1-lo-\u00e1 a atingir o seu objetivo com tranquilidade. Qualquer modifica\u00e7\u00e3o do plano de tratamento ou dos alinhadores invalidar\u00e1 a garantia.<\/li>\n<li>N\u00e3o deite fora os seus alinhadores ap\u00f3s a utiliza\u00e7\u00e3o: guarde-os at\u00e9 ao fim do tratamento, pois s\u00e3o necess\u00e1rios para manter a garantia e, em caso de perda ou dano de um alinhador, pode ser necess\u00e1rio usar o alinhador anterior enquanto espera receber um novo alinhador.<\/li>\n<li>Utilizar o vibrador ortod\u00f4ntico diariamente: a utiliza\u00e7\u00e3o deste dispositivo demonstrou reduzir o desconforto e qualquer dor percet\u00edvel, bem como encurtar os tempos de tratamento, aumentando a efic\u00e1cia dos alinhadores.<\/li>\n<li>Higiene perfeita: N\u00e3o s\u00f3 \u00e9 importante para a sua sa\u00fade geral, mas particularmente durante o tratamento com alinhadores invis\u00edveis, permite que os dentes se movam melhor.<\/li>\n<\/ul>\n<p>Se as recomenda\u00e7\u00f5es acima n\u00e3o forem seguidas, a garantia pode ser alterada e o custo da adapta\u00e7\u00e3o do plano de tratamento pode aumentar.<\/p>\n<p>Se no final do seu tratamento, depois de ter seguido estas recomenda\u00e7\u00f5es, n\u00e3o estiver 100% satisfeito, contacte-nos no prazo de 7 dias ap\u00f3s o final do tratamento para uma nova avalia\u00e7\u00e3o. Se for aprovado, poder\u00e1 ter direito a um par adicional de alinhadores invis\u00edveis.<\/p>\n<\/div><div class=\"fusion-text fusion-text-4\"><h3>Garantia em caso de perda ou dano<\/h3>\n<p>Guardamos os seus registos dent\u00e1rios durante 12 meses, para que possamos fazer conjuntos de alinhadores de substitui\u00e7\u00e3o se um ou mais conjuntos se perderem ou danificarem.<\/p>\n<p>Contacte-nos para saber mais.<\/p>\n<\/div><div class=\"fusion-text fusion-text-5\"><h3>Garantia vital\u00edcia para o seu novo sorriso.<\/h3>\n<p>Se, apesar de ter seguido as recomenda\u00e7\u00f5es, os seus dentes se tiverem deslocado ap\u00f3s a conclus\u00e3o do tratamento, e se n\u00e3o houver contra-indica\u00e7\u00f5es, receber\u00e1 um novo kit de moldagem para fazer um novo plano de tratamento e novos alinhadores invis\u00edveis para corrigir a posi\u00e7\u00e3o dos seus dentes, sem qualquer custo adicional para si.<\/p>\n<p>A nossa equipa avaliar\u00e1 o seu pedido para determinar se \u00e9 eleg\u00edvel para um novo tratamento. Como parte deste processo, pedir-lhe-\u00e3o que forne\u00e7a uma s\u00e9rie de informa\u00e7\u00f5es, incluindo fotografias. Se determinarem que os seus dentes n\u00e3o se moveram, que um novo tratamento n\u00e3o est\u00e1 indicado ou que n\u00e3o \u00e9 eleg\u00edvel por qualquer raz\u00e3o, esta garantia n\u00e3o ser\u00e1 aplicada.<\/p>\n<p>Esta garantia est\u00e1 condicionada ao cumprimento do tratamento e das recomenda\u00e7\u00f5es.<\/p>\n<p>Esta garantia aplica-se apenas aos dentes afectados pelo tratamento. N\u00e3o cobre os dentes afectados por circunst\u00e2ncias externas, tratamentos, doen\u00e7as, traumatismos ou falta de dentes.<\/p>\n<p>Para manter a garantia vital\u00edcia, o utilizador deve ter efectuado o tratamento tal como recomendado pela Alignae. Uma vez terminado o tratamento, o utilizador deve ter adquirido alinhadores de manuten\u00e7\u00e3o uma vez por ano e us\u00e1-los durante, pelo menos, 7 dias consecutivos por ano.<\/p>\n<\/div><div class=\"fusion-text fusion-text-6\"><h3>Trocas e feedback<\/h3>\n<p>Se tiver recebido um produto danificado, informe-nos e substitu\u00ed-lo-emos.<\/p>\n<\/div><\/div><\/div><\/div><\/div><div class=\"fusion-fullwidth fullwidth-box fusion-builder-row-2 fusion-flex-container has-pattern-background has-mask-background nonhundred-percent-fullwidth non-hundred-percent-height-scrolling\" style=\"--awb-background-position:right center;--awb-border-radius-top-left:0px;--awb-border-radius-top-right:0px;--awb-border-radius-bottom-right:0px;--awb-border-radius-bottom-left:0px;--awb-padding-top:50px;--awb-padding-right:100px;--awb-padding-bottom:50px;--awb-padding-left:100px;--awb-background-color:#ffffff;--awb-flex-wrap:wrap;\" ><div class=\"fusion-builder-row fusion-row fusion-flex-align-items-flex-start fusion-flex-justify-content-center fusion-flex-content-wrap\" style=\"max-width:1248px;margin-left: calc(-4% \/ 2 );margin-right: calc(-4% \/ 2 );\"><div class=\"fusion-layout-column fusion_builder_column fusion-builder-column-1 fusion_builder_column_1_1 1_1 fusion-flex-column\" style=\"--awb-bg-size:cover;--awb-width-large:100%;--awb-margin-top-large:0px;--awb-spacing-right-large:1.92%;--awb-margin-bottom-large:20px;--awb-spacing-left-large:1.92%;--awb-width-medium:100%;--awb-order-medium:0;--awb-spacing-right-medium:1.92%;--awb-spacing-left-medium:1.92%;--awb-width-small:100%;--awb-order-small:0;--awb-spacing-right-small:1.92%;--awb-spacing-left-small:1.92%;\" data-scroll-devices=\"small-visibility,medium-visibility,large-visibility\"><div class=\"fusion-column-wrapper fusion-column-has-shadow fusion-flex-justify-content-center fusion-content-layout-column fusion-content-nowrap\"><div class=\"fusion-separator\" style=\"align-self: center;margin-left: auto;margin-right: auto;margin-top:20px;margin-bottom:50px;width:100%;max-width:60%;\"><div class=\"fusion-separator-border sep-single sep-solid\" style=\"--awb-height:20px;--awb-amount:20px;--awb-sep-color:var(--awb-color6);border-color:var(--awb-color6);border-top-width:1px;\"><\/div><\/div><div class=\"fusion-text fusion-text-7\" style=\"--awb-content-alignment:center;--awb-font-size:24px;--awb-text-transform:uppercase;\"><p style=\"text-align: center;\">SATISFA\u00c7\u00c3O GARANTIDA 100%<\/p>\n<\/div><div class=\"fusion-text fusion-text-8\"><p style=\"text-align: center;\">N\u00e3o h\u00e1 duas gouti\u00e8res iguais, cada uma \u00e9 produzida exclusivamente para si pelo nosso laborat\u00f3rio em Genebra (Su\u00ed\u00e7a), utilizando a mais recente tecnologia ultra-precisa e um processo \u00fanico, utilizando um pl\u00e1stico garantido sem Bisfenol A (BPA) e ftalatos.<\/p>\n<\/div><\/div><\/div><div class=\"fusion-layout-column fusion_builder_column fusion-builder-column-2 fusion_builder_column_1_1 1_1 fusion-flex-column\" style=\"--awb-bg-size:cover;--awb-width-large:100%;--awb-margin-top-large:0px;--awb-spacing-right-large:1.92%;--awb-margin-bottom-large:20px;--awb-spacing-left-large:1.92%;--awb-width-medium:100%;--awb-order-medium:0;--awb-spacing-right-medium:1.92%;--awb-spacing-left-medium:1.92%;--awb-width-small:100%;--awb-order-small:0;--awb-spacing-right-small:1.92%;--awb-spacing-left-small:1.92%;\" data-scroll-devices=\"small-visibility,medium-visibility,large-visibility\"><div class=\"fusion-column-wrapper fusion-column-has-shadow fusion-flex-justify-content-center fusion-content-layout-row\"><div class=\"fusion-image-element\" style=\"--awb-margin-right:10px;--awb-margin-left:10px;--awb-caption-title-font-family:var(--h2_typography-font-family);--awb-caption-title-font-weight:var(--h2_typography-font-weight);--awb-caption-title-font-style:var(--h2_typography-font-style);--awb-caption-title-size:var(--h2_typography-font-size);--awb-caption-title-transform:var(--h2_typography-text-transform);--awb-caption-title-line-height:var(--h2_typography-line-height);--awb-caption-title-letter-spacing:var(--h2_typography-letter-spacing);\"><span class=\"fusion-imageframe imageframe-none imageframe-1 hover-type-none\"><img decoding=\"async\" width=\"150\" height=\"150\" title=\"Satisfa\u00e7\u00e3o 100%\" src=\"http:\/\/alignae.com\/wp-content\/uploads\/2023\/11\/satisfaction-150.png\" alt class=\"img-responsive wp-image-29935\" srcset=\"https:\/\/alignae.com\/wp-content\/uploads\/2023\/11\/satisfaction-150-12x12.png 12w, https:\/\/alignae.com\/wp-content\/uploads\/2023\/11\/satisfaction-150-66x66.png 66w, https:\/\/alignae.com\/wp-content\/uploads\/2023\/11\/satisfaction-150.png 150w\" sizes=\"(max-width: 150px) 100vw, 150px\" \/><\/span><\/div><div class=\"fusion-image-element\" style=\"--awb-margin-right:10px;--awb-margin-left:10px;--awb-caption-title-font-family:var(--h2_typography-font-family);--awb-caption-title-font-weight:var(--h2_typography-font-weight);--awb-caption-title-font-style:var(--h2_typography-font-style);--awb-caption-title-size:var(--h2_typography-font-size);--awb-caption-title-transform:var(--h2_typography-text-transform);--awb-caption-title-line-height:var(--h2_typography-line-height);--awb-caption-title-letter-spacing:var(--h2_typography-letter-spacing);\"><span class=\"fusion-imageframe imageframe-none imageframe-2 hover-type-none\"><img decoding=\"async\" width=\"150\" height=\"150\" title=\"entrega r\u00e1pida\" src=\"http:\/\/alignae.com\/wp-content\/uploads\/2023\/11\/fast-delivery-150.png\" alt class=\"img-responsive wp-image-29936\" srcset=\"https:\/\/alignae.com\/wp-content\/uploads\/2023\/11\/fast-delivery-150-12x12.png 12w, https:\/\/alignae.com\/wp-content\/uploads\/2023\/11\/fast-delivery-150-66x66.png 66w, https:\/\/alignae.com\/wp-content\/uploads\/2023\/11\/fast-delivery-150.png 150w\" sizes=\"(max-width: 150px) 100vw, 150px\" \/><\/span><\/div><div class=\"fusion-image-element\" style=\"--awb-margin-right:10px;--awb-margin-left:10px;--awb-caption-title-font-family:var(--h2_typography-font-family);--awb-caption-title-font-weight:var(--h2_typography-font-weight);--awb-caption-title-font-style:var(--h2_typography-font-style);--awb-caption-title-size:var(--h2_typography-font-size);--awb-caption-title-transform:var(--h2_typography-text-transform);--awb-caption-title-line-height:var(--h2_typography-line-height);--awb-caption-title-letter-spacing:var(--h2_typography-letter-spacing);\"><span class=\"fusion-imageframe imageframe-none imageframe-3 hover-type-none\"><img decoding=\"async\" width=\"150\" height=\"150\" title=\"fabrico su\u00ed\u00e7o\" src=\"http:\/\/alignae.com\/wp-content\/uploads\/2023\/11\/swiss-made-150.png\" alt class=\"img-responsive wp-image-29937\" srcset=\"https:\/\/alignae.com\/wp-content\/uploads\/2023\/11\/swiss-made-150-12x12.png 12w, https:\/\/alignae.com\/wp-content\/uploads\/2023\/11\/swiss-made-150-66x66.png 66w, https:\/\/alignae.com\/wp-content\/uploads\/2023\/11\/swiss-made-150.png 150w\" sizes=\"(max-width: 150px) 100vw, 150px\" \/><\/span><\/div><\/div><\/div><div class=\"fusion-layout-column fusion_builder_column fusion-builder-column-3 fusion_builder_column_1_1 1_1 fusion-flex-column\" style=\"--awb-bg-size:cover;--awb-width-large:100%;--awb-margin-top-large:0px;--awb-spacing-right-large:1.92%;--awb-margin-bottom-large:20px;--awb-spacing-left-large:1.92%;--awb-width-medium:100%;--awb-order-medium:0;--awb-spacing-right-medium:1.92%;--awb-spacing-left-medium:1.92%;--awb-width-small:100%;--awb-order-small:0;--awb-spacing-right-small:1.92%;--awb-spacing-left-small:1.92%;\" data-scroll-devices=\"small-visibility,medium-visibility,large-visibility\"><div class=\"fusion-column-wrapper fusion-column-has-shadow fusion-flex-justify-content-center fusion-content-layout-row fusion-content-nowrap\"><div class=\"fusion-separator\" style=\"align-self: center;margin-left: auto;margin-right: auto;margin-top:50px;margin-bottom:20px;width:100%;max-width:60%;\"><div class=\"fusion-separator-border sep-single sep-solid\" style=\"--awb-height:20px;--awb-amount:20px;--awb-sep-color:var(--awb-color6);border-color:var(--awb-color6);border-top-width:1px;\"><\/div><\/div><\/div><\/div><\/div><\/div>\n<div class=\"fusion-fullwidth fullwidth-box fusion-builder-row-3 fusion-flex-container has-pattern-background has-mask-background nonhundred-percent-fullwidth non-hundred-percent-height-scrolling\" style=\"--awb-background-position:right center;--awb-border-radius-top-left:0px;--awb-border-radius-top-right:0px;--awb-border-radius-bottom-right:0px;--awb-border-radius-bottom-left:0px;--awb-padding-top:50px;--awb-padding-right:;--awb-padding-bottom:50px;--awb-background-color:#ffffff;--awb-flex-wrap:wrap;\" ><div class=\"fusion-builder-row fusion-row fusion-flex-align-items-flex-start fusion-flex-align-content-center fusion-flex-content-wrap\" style=\"max-width:1248px;margin-left: calc(-4% \/ 2 );margin-right: calc(-4% \/ 2 );\"><div class=\"fusion-layout-column fusion_builder_column fusion-builder-column-4 fusion_builder_column_1_1 1_1 fusion-flex-column fusion-flex-align-self-flex-start\" style=\"--awb-bg-size:cover;--awb-width-large:100%;--awb-margin-top-large:0px;--awb-spacing-right-large:1.92%;--awb-margin-bottom-large:20px;--awb-spacing-left-large:1.92%;--awb-width-medium:100%;--awb-order-medium:0;--awb-spacing-right-medium:1.92%;--awb-spacing-left-medium:1.92%;--awb-width-small:100%;--awb-order-small:0;--awb-spacing-right-small:1.92%;--awb-spacing-left-small:1.92%;\" data-scroll-devices=\"small-visibility,medium-visibility,large-visibility\"><div class=\"fusion-column-wrapper fusion-column-has-shadow fusion-flex-justify-content-flex-start fusion-content-layout-column\"><div class=\"fusion-text fusion-text-9 fusion-text-no-margin\" style=\"--awb-content-alignment:center;--awb-font-size:26px;--awb-text-transform:uppercase;--awb-margin-top:50px;--awb-margin-bottom:50px;\"><p style=\"text-align: center;\"><strong>Encomendar o seu kit de moldagem dent\u00e1ria<\/strong><\/p>\n<\/div><div style=\"text-align:center;\"><a class=\"fusion-button button-flat fusion-button-default-size button-custom fusion-button-default button-1 fusion-button-default-span fusion-button-default-type\" style=\"--button_accent_color:var(--awb-color1);--button_accent_hover_color:#75777c;--button_border_hover_color:#75777c;--button_gradient_top_color:var(--awb-custom_color_1);--button_gradient_bottom_color:var(--awb-custom_color_1);--button_gradient_top_color_hover:rgba(0,21,255,0);--button_gradient_bottom_color_hover:rgba(0,21,255,0);--button_text_transform:uppercase;--button_margin-top:10px;--button_margin-bottom:10px;\" target=\"_self\" href=\"https:\/\/alignae.com\/pt\/produto\/kit-de-moldagem-dentaria\/\"><span class=\"fusion-button-text awb-button__text awb-button__text--default\">COME\u00c7AR AGORA!<\/span><\/a><\/div><div class=\"fusion-text fusion-text-10\" style=\"--awb-font-size:10px;\"><p style=\"text-align: center;\">Sem risco. 100% garantido.<\/p>\n<\/div><div class=\"fusion-text fusion-text-11 fusion-text-no-margin\" style=\"--awb-margin-top:20px;--awb-margin-bottom:20px;\"><p style=\"text-align: center;\">Ainda tem d\u00favidas? <a href=\"https:\/\/alignae.com\/pt\/centro-de-ajuda\/\">Consultar as nossas FAQ<\/a><\/p>\n<\/div><\/div><\/div><\/div><\/div>\n<\/p>","protected":false},"excerpt":{"rendered":"","protected":false},"author":1,"featured_media":0,"parent":0,"menu_order":0,"comment_status":"closed","ping_status":"closed","template":"100-width.php","meta":{"_glsr_average":0,"_glsr_ranking":0,"_glsr_reviews":0,"footnotes":""},"class_list":["post-29409","page","type-page","status-publish","hentry"],"_links":{"self":[{"href":"https:\/\/alignae.com\/pt\/wp-json\/wp\/v2\/pages\/29409","targetHints":{"allow":["GET"]}}],"collection":[{"href":"https:\/\/alignae.com\/pt\/wp-json\/wp\/v2\/pages"}],"about":[{"href":"https:\/\/alignae.com\/pt\/wp-json\/wp\/v2\/types\/page"}],"author":[{"embeddable":true,"href":"https:\/\/alignae.com\/pt\/wp-json\/wp\/v2\/users\/1"}],"replies":[{"embeddable":true,"href":"https:\/\/alignae.com\/pt\/wp-json\/wp\/v2\/comments?post=29409"}],"version-history":[{"count":15,"href":"https:\/\/alignae.com\/pt\/wp-json\/wp\/v2\/pages\/29409\/revisions"}],"predecessor-version":[{"id":29796,"href":"https:\/\/alignae.com\/pt\/wp-json\/wp\/v2\/pages\/29409\/revisions\/29796"}],"wp:attachment":[{"href":"https:\/\/alignae.com\/pt\/wp-json\/wp\/v2\/media?parent=29409"}],"curies":[{"name":"wp","href":"https:\/\/api.w.org\/{rel}","templated":true}]}}