{"id":29592,"date":"2023-10-24T18:41:59","date_gmt":"2023-10-24T16:41:59","guid":{"rendered":"https:\/\/alignae.com\/?page_id=29592"},"modified":"2023-10-24T19:01:23","modified_gmt":"2023-10-24T17:01:23","slug":"politica-de-privacidade","status":"publish","type":"page","link":"https:\/\/alignae.com\/pt\/politique-de-confidentialite\/","title":{"rendered":"Pol\u00edtica de privacidade"},"content":{"rendered":"<p><div class=\"fusion-fullwidth fullwidth-box fusion-builder-row-1 fusion-flex-container has-pattern-background has-mask-background nonhundred-percent-fullwidth non-hundred-percent-height-scrolling\" style=\"--awb-border-radius-top-left:0px;--awb-border-radius-top-right:0px;--awb-border-radius-bottom-right:0px;--awb-border-radius-bottom-left:0px;--awb-padding-top:50px;--awb-flex-wrap:wrap;\" ><div class=\"fusion-builder-row fusion-row fusion-flex-align-items-flex-start fusion-flex-content-wrap\" style=\"max-width:1248px;margin-left: calc(-4% \/ 2 );margin-right: calc(-4% \/ 2 );\"><div class=\"fusion-layout-column fusion_builder_column fusion-builder-column-0 fusion_builder_column_2_3 2_3 fusion-flex-column\" style=\"--awb-bg-size:cover;--awb-width-large:66.666666666667%;--awb-margin-top-large:0px;--awb-spacing-right-large:2.88%;--awb-margin-bottom-large:20px;--awb-spacing-left-large:2.88%;--awb-width-medium:66.666666666667%;--awb-order-medium:0;--awb-spacing-right-medium:2.88%;--awb-spacing-left-medium:2.88%;--awb-width-small:100%;--awb-order-small:0;--awb-spacing-right-small:1.92%;--awb-spacing-left-small:1.92%;\"><div class=\"fusion-column-wrapper fusion-column-has-shadow fusion-flex-justify-content-flex-start fusion-content-layout-column\"><div class=\"fusion-title title fusion-title-1 fusion-sep-none fusion-title-text fusion-title-size-one\" style=\"--awb-margin-top-small:10px;--awb-margin-right-small:0px;--awb-margin-bottom-small:10px;--awb-margin-left-small:0px;\"><h1 class=\"fusion-title-heading title-heading-left\" style=\"margin:0;text-transform:uppercase;\">Pol\u00edtica de privacidade<\/h1><\/div><div class=\"fusion-menu-anchor\" id=\"1\"><\/div><div class=\"fusion-text fusion-text-1\"><h3>Informa\u00e7\u00f5es sobre a empresa<\/h3>\n<p>Para cada visitante da nossa p\u00e1gina Web, o nosso servidor Web reconhece automaticamente apenas o nome de dom\u00ednio do consumidor, mas n\u00e3o o endere\u00e7o de correio eletr\u00f3nico (se dispon\u00edvel). Recolhemos o nome de dom\u00ednio e o endere\u00e7o de correio eletr\u00f3nico (se dispon\u00edvel) dos visitantes da nossa p\u00e1gina Web, informa\u00e7\u00f5es agregadas sobre as p\u00e1ginas que os consumidores acedem ou visitam, informa\u00e7\u00f5es espec\u00edficas do utilizador sobre as p\u00e1ginas que os consumidores acedem ou visitam, informa\u00e7\u00f5es fornecidas voluntariamente pelo consumidor, tais como informa\u00e7\u00f5es de inqu\u00e9ritos e\/ou registos no s\u00edtio. As informa\u00e7\u00f5es que recolhemos s\u00e3o utilizadas para an\u00e1lise interna, eliminadas e utilizadas para melhorar o conte\u00fado da nossa p\u00e1gina Web.<\/p>\n<\/div><div class=\"fusion-menu-anchor\" id=\"2\"><\/div><div class=\"fusion-text fusion-text-2\"><h3>Utiliza\u00e7\u00e3o de cookies<\/h3>\n<p>Utilizamos cookies para registar informa\u00e7\u00f5es sobre a sess\u00e3o, tais como os artigos que os consumidores adicionam ao seu carrinho de compras, e para pr\u00e9-preencher campos de formul\u00e1rios para sua conveni\u00eancia.<\/p>\n<\/div><div class=\"fusion-menu-anchor\" id=\"3\"><\/div><div class=\"fusion-text fusion-text-3\"><h3>Pol\u00edtica de cancelamento da inscri\u00e7\u00e3o e utiliza\u00e7\u00e3o das informa\u00e7\u00f5es<\/h3>\n<p>Se n\u00e3o desejar receber mensagens de correio eletr\u00f3nico da nossa parte no futuro, informe-nos enviando-nos uma mensagem de correio eletr\u00f3nico para o endere\u00e7o acima indicado ou anulando a sua inscri\u00e7\u00e3o utilizando a liga\u00e7\u00e3o que se encontra na parte inferior de todas as mensagens de correio eletr\u00f3nico que enviamos. As pessoas que nos fornecerem o seu n\u00famero de telefone online apenas receber\u00e3o um contacto telef\u00f3nico da nossa parte com informa\u00e7\u00f5es sobre as encomendas que efectuaram online. Ocasionalmente, poderemos utilizar as informa\u00e7\u00f5es dos clientes para utiliza\u00e7\u00f5es novas e imprevistas que n\u00e3o tenham sido previamente divulgadas no nosso aviso de privacidade. Se as nossas pr\u00e1ticas de informa\u00e7\u00e3o forem alteradas no futuro, apenas utilizaremos os dados recolhidos a partir do momento da altera\u00e7\u00e3o da pol\u00edtica para esses novos fins. Os clientes podem impedir que as suas informa\u00e7\u00f5es sejam utilizadas para outros fins que n\u00e3o aqueles para os quais foram originalmente recolhidas, bastando para tal enviar-nos uma mensagem de correio eletr\u00f3nico para o endere\u00e7o acima indicado.<\/p>\n<\/div><div class=\"fusion-menu-anchor\" id=\"4\"><\/div><div class=\"fusion-text fusion-text-4\"><h3>Pol\u00edtica de seguran\u00e7a<\/h3>\n<p>No que diz respeito \u00e0 seguran\u00e7a: temos medidas de seguran\u00e7a adequadas nas nossas instala\u00e7\u00f5es f\u00edsicas para proteger contra a perda, utiliza\u00e7\u00e3o indevida ou altera\u00e7\u00e3o das informa\u00e7\u00f5es que recolhemos do utilizador no nosso s\u00edtio e, quando transferimos e recebemos determinados tipos de informa\u00e7\u00f5es sens\u00edveis, como informa\u00e7\u00f5es financeiras, redireccionamos os visitantes para um servidor seguro que utiliza a encripta\u00e7\u00e3o SSL.<\/p>\n<\/div><\/div><\/div><div class=\"fusion-layout-column fusion_builder_column fusion-builder-column-1 fusion_builder_column_1_3 1_3 fusion-flex-column\" style=\"--awb-bg-size:cover;--awb-width-large:33.333333333333%;--awb-margin-top-large:0px;--awb-spacing-right-large:5.76%;--awb-margin-bottom-large:20px;--awb-spacing-left-large:5.76%;--awb-width-medium:33.333333333333%;--awb-order-medium:0;--awb-spacing-right-medium:5.76%;--awb-spacing-left-medium:5.76%;--awb-width-small:100%;--awb-order-small:0;--awb-spacing-right-small:1.92%;--awb-spacing-left-small:1.92%;\"><div class=\"fusion-column-wrapper fusion-column-has-shadow fusion-flex-justify-content-flex-start fusion-content-layout-column\"><div class=\"fusion-text fusion-text-5\"><p><a href=\"#1\">Informa\u00e7\u00f5es recolhidas<\/a><\/p>\n<p><a href=\"#2\">Utiliza\u00e7\u00e3o de cookies<\/a><\/p>\n<p><a href=\"#3\">Pol\u00edtica de cancelamento da inscri\u00e7\u00e3o e utiliza\u00e7\u00e3o das informa\u00e7\u00f5es<\/a><\/p>\n<p><a href=\"#4\">Pol\u00edtica de seguran\u00e7a<\/a><\/p>\n<\/div><\/div><\/div><\/div><\/div><div class=\"fusion-fullwidth fullwidth-box fusion-builder-row-2 fusion-flex-container has-pattern-background has-mask-background nonhundred-percent-fullwidth non-hundred-percent-height-scrolling\" style=\"--awb-background-position:right center;--awb-border-radius-top-left:0px;--awb-border-radius-top-right:0px;--awb-border-radius-bottom-right:0px;--awb-border-radius-bottom-left:0px;--awb-padding-top:50px;--awb-padding-right:100px;--awb-padding-bottom:50px;--awb-padding-left:100px;--awb-background-color:#ffffff;--awb-flex-wrap:wrap;\" ><div class=\"fusion-builder-row fusion-row fusion-flex-align-items-flex-start fusion-flex-justify-content-center fusion-flex-content-wrap\" style=\"max-width:1248px;margin-left: calc(-4% \/ 2 );margin-right: calc(-4% \/ 2 );\"><div class=\"fusion-layout-column fusion_builder_column fusion-builder-column-2 fusion_builder_column_1_1 1_1 fusion-flex-column\" style=\"--awb-bg-size:cover;--awb-width-large:100%;--awb-margin-top-large:0px;--awb-spacing-right-large:1.92%;--awb-margin-bottom-large:20px;--awb-spacing-left-large:1.92%;--awb-width-medium:100%;--awb-order-medium:0;--awb-spacing-right-medium:1.92%;--awb-spacing-left-medium:1.92%;--awb-width-small:100%;--awb-order-small:0;--awb-spacing-right-small:1.92%;--awb-spacing-left-small:1.92%;\" data-scroll-devices=\"small-visibility,medium-visibility,large-visibility\"><div class=\"fusion-column-wrapper fusion-column-has-shadow fusion-flex-justify-content-center fusion-content-layout-column fusion-content-nowrap\"><div class=\"fusion-separator\" style=\"align-self: center;margin-left: auto;margin-right: auto;margin-top:20px;margin-bottom:50px;width:100%;max-width:60%;\"><div class=\"fusion-separator-border sep-single sep-solid\" style=\"--awb-height:20px;--awb-amount:20px;--awb-sep-color:var(--awb-color6);border-color:var(--awb-color6);border-top-width:1px;\"><\/div><\/div><div class=\"fusion-text fusion-text-6\" style=\"--awb-content-alignment:center;--awb-font-size:24px;--awb-text-transform:uppercase;\"><p style=\"text-align: center;\">SATISFA\u00c7\u00c3O GARANTIDA 100%<\/p>\n<\/div><div class=\"fusion-text fusion-text-7\"><p style=\"text-align: center;\">N\u00e3o h\u00e1 duas gouti\u00e8res iguais, cada uma \u00e9 produzida exclusivamente para si pelo nosso laborat\u00f3rio em Genebra (Su\u00ed\u00e7a), utilizando a mais recente tecnologia ultra-precisa e um processo \u00fanico, utilizando um pl\u00e1stico garantido sem Bisfenol A (BPA) e ftalatos.<\/p>\n<\/div><\/div><\/div><div class=\"fusion-layout-column fusion_builder_column fusion-builder-column-3 fusion_builder_column_1_1 1_1 fusion-flex-column\" style=\"--awb-bg-size:cover;--awb-width-large:100%;--awb-margin-top-large:0px;--awb-spacing-right-large:1.92%;--awb-margin-bottom-large:20px;--awb-spacing-left-large:1.92%;--awb-width-medium:100%;--awb-order-medium:0;--awb-spacing-right-medium:1.92%;--awb-spacing-left-medium:1.92%;--awb-width-small:100%;--awb-order-small:0;--awb-spacing-right-small:1.92%;--awb-spacing-left-small:1.92%;\" data-scroll-devices=\"small-visibility,medium-visibility,large-visibility\"><div class=\"fusion-column-wrapper fusion-column-has-shadow fusion-flex-justify-content-center fusion-content-layout-row\"><div class=\"fusion-image-element\" style=\"--awb-margin-right:10px;--awb-margin-left:10px;--awb-caption-title-font-family:var(--h2_typography-font-family);--awb-caption-title-font-weight:var(--h2_typography-font-weight);--awb-caption-title-font-style:var(--h2_typography-font-style);--awb-caption-title-size:var(--h2_typography-font-size);--awb-caption-title-transform:var(--h2_typography-text-transform);--awb-caption-title-line-height:var(--h2_typography-line-height);--awb-caption-title-letter-spacing:var(--h2_typography-letter-spacing);\"><span class=\"fusion-imageframe imageframe-none imageframe-1 hover-type-none\"><img decoding=\"async\" width=\"150\" height=\"150\" title=\"Satisfa\u00e7\u00e3o 100%\" src=\"http:\/\/alignae.com\/wp-content\/uploads\/2023\/11\/satisfaction-150.png\" alt class=\"img-responsive wp-image-29935\" srcset=\"https:\/\/alignae.com\/wp-content\/uploads\/2023\/11\/satisfaction-150-12x12.png 12w, https:\/\/alignae.com\/wp-content\/uploads\/2023\/11\/satisfaction-150-66x66.png 66w, https:\/\/alignae.com\/wp-content\/uploads\/2023\/11\/satisfaction-150.png 150w\" sizes=\"(max-width: 150px) 100vw, 150px\" \/><\/span><\/div><div class=\"fusion-image-element\" style=\"--awb-margin-right:10px;--awb-margin-left:10px;--awb-caption-title-font-family:var(--h2_typography-font-family);--awb-caption-title-font-weight:var(--h2_typography-font-weight);--awb-caption-title-font-style:var(--h2_typography-font-style);--awb-caption-title-size:var(--h2_typography-font-size);--awb-caption-title-transform:var(--h2_typography-text-transform);--awb-caption-title-line-height:var(--h2_typography-line-height);--awb-caption-title-letter-spacing:var(--h2_typography-letter-spacing);\"><span class=\"fusion-imageframe imageframe-none imageframe-2 hover-type-none\"><img decoding=\"async\" width=\"150\" height=\"150\" title=\"entrega r\u00e1pida\" src=\"http:\/\/alignae.com\/wp-content\/uploads\/2023\/11\/fast-delivery-150.png\" alt class=\"img-responsive wp-image-29936\" srcset=\"https:\/\/alignae.com\/wp-content\/uploads\/2023\/11\/fast-delivery-150-12x12.png 12w, https:\/\/alignae.com\/wp-content\/uploads\/2023\/11\/fast-delivery-150-66x66.png 66w, https:\/\/alignae.com\/wp-content\/uploads\/2023\/11\/fast-delivery-150.png 150w\" sizes=\"(max-width: 150px) 100vw, 150px\" \/><\/span><\/div><div class=\"fusion-image-element\" style=\"--awb-margin-right:10px;--awb-margin-left:10px;--awb-caption-title-font-family:var(--h2_typography-font-family);--awb-caption-title-font-weight:var(--h2_typography-font-weight);--awb-caption-title-font-style:var(--h2_typography-font-style);--awb-caption-title-size:var(--h2_typography-font-size);--awb-caption-title-transform:var(--h2_typography-text-transform);--awb-caption-title-line-height:var(--h2_typography-line-height);--awb-caption-title-letter-spacing:var(--h2_typography-letter-spacing);\"><span class=\"fusion-imageframe imageframe-none imageframe-3 hover-type-none\"><img decoding=\"async\" width=\"150\" height=\"150\" title=\"fabrico su\u00ed\u00e7o\" src=\"http:\/\/alignae.com\/wp-content\/uploads\/2023\/11\/swiss-made-150.png\" alt class=\"img-responsive wp-image-29937\" srcset=\"https:\/\/alignae.com\/wp-content\/uploads\/2023\/11\/swiss-made-150-12x12.png 12w, https:\/\/alignae.com\/wp-content\/uploads\/2023\/11\/swiss-made-150-66x66.png 66w, https:\/\/alignae.com\/wp-content\/uploads\/2023\/11\/swiss-made-150.png 150w\" sizes=\"(max-width: 150px) 100vw, 150px\" \/><\/span><\/div><\/div><\/div><div class=\"fusion-layout-column fusion_builder_column fusion-builder-column-4 fusion_builder_column_1_1 1_1 fusion-flex-column\" style=\"--awb-bg-size:cover;--awb-width-large:100%;--awb-margin-top-large:0px;--awb-spacing-right-large:1.92%;--awb-margin-bottom-large:20px;--awb-spacing-left-large:1.92%;--awb-width-medium:100%;--awb-order-medium:0;--awb-spacing-right-medium:1.92%;--awb-spacing-left-medium:1.92%;--awb-width-small:100%;--awb-order-small:0;--awb-spacing-right-small:1.92%;--awb-spacing-left-small:1.92%;\" data-scroll-devices=\"small-visibility,medium-visibility,large-visibility\"><div class=\"fusion-column-wrapper fusion-column-has-shadow fusion-flex-justify-content-center fusion-content-layout-row fusion-content-nowrap\"><div class=\"fusion-separator\" style=\"align-self: center;margin-left: auto;margin-right: auto;margin-top:50px;margin-bottom:20px;width:100%;max-width:60%;\"><div class=\"fusion-separator-border sep-single sep-solid\" style=\"--awb-height:20px;--awb-amount:20px;--awb-sep-color:var(--awb-color6);border-color:var(--awb-color6);border-top-width:1px;\"><\/div><\/div><\/div><\/div><\/div><\/div>\n<div class=\"fusion-fullwidth fullwidth-box fusion-builder-row-3 fusion-flex-container has-pattern-background has-mask-background nonhundred-percent-fullwidth non-hundred-percent-height-scrolling\" style=\"--awb-background-position:right center;--awb-border-radius-top-left:0px;--awb-border-radius-top-right:0px;--awb-border-radius-bottom-right:0px;--awb-border-radius-bottom-left:0px;--awb-padding-top:50px;--awb-padding-right:;--awb-padding-bottom:50px;--awb-background-color:#ffffff;--awb-flex-wrap:wrap;\" ><div class=\"fusion-builder-row fusion-row fusion-flex-align-items-flex-start fusion-flex-align-content-center fusion-flex-content-wrap\" style=\"max-width:1248px;margin-left: calc(-4% \/ 2 );margin-right: calc(-4% \/ 2 );\"><div class=\"fusion-layout-column fusion_builder_column fusion-builder-column-5 fusion_builder_column_1_1 1_1 fusion-flex-column fusion-flex-align-self-flex-start\" style=\"--awb-bg-size:cover;--awb-width-large:100%;--awb-margin-top-large:0px;--awb-spacing-right-large:1.92%;--awb-margin-bottom-large:20px;--awb-spacing-left-large:1.92%;--awb-width-medium:100%;--awb-order-medium:0;--awb-spacing-right-medium:1.92%;--awb-spacing-left-medium:1.92%;--awb-width-small:100%;--awb-order-small:0;--awb-spacing-right-small:1.92%;--awb-spacing-left-small:1.92%;\" data-scroll-devices=\"small-visibility,medium-visibility,large-visibility\"><div class=\"fusion-column-wrapper fusion-column-has-shadow fusion-flex-justify-content-flex-start fusion-content-layout-column\"><div class=\"fusion-text fusion-text-8 fusion-text-no-margin\" style=\"--awb-content-alignment:center;--awb-font-size:26px;--awb-text-transform:uppercase;--awb-margin-top:50px;--awb-margin-bottom:50px;\"><p style=\"text-align: center;\"><strong>Encomendar o seu kit de moldagem dent\u00e1ria<\/strong><\/p>\n<\/div><div style=\"text-align:center;\"><a class=\"fusion-button button-flat fusion-button-default-size button-custom fusion-button-default button-1 fusion-button-default-span fusion-button-default-type\" style=\"--button_accent_color:var(--awb-color1);--button_accent_hover_color:#75777c;--button_border_hover_color:#75777c;--button_gradient_top_color:var(--awb-custom_color_1);--button_gradient_bottom_color:var(--awb-custom_color_1);--button_gradient_top_color_hover:rgba(0,21,255,0);--button_gradient_bottom_color_hover:rgba(0,21,255,0);--button_text_transform:uppercase;--button_margin-top:10px;--button_margin-bottom:10px;\" target=\"_self\" href=\"https:\/\/alignae.com\/pt\/produto\/kit-de-moldagem-dentaria\/\"><span class=\"fusion-button-text awb-button__text awb-button__text--default\">COME\u00c7AR AGORA!<\/span><\/a><\/div><div class=\"fusion-text fusion-text-9\" style=\"--awb-font-size:10px;\"><p style=\"text-align: center;\">Sem risco. 100% garantido.<\/p>\n<\/div><div class=\"fusion-text fusion-text-10 fusion-text-no-margin\" style=\"--awb-margin-top:20px;--awb-margin-bottom:20px;\"><p style=\"text-align: center;\">Ainda tem d\u00favidas? <a href=\"https:\/\/alignae.com\/pt\/centro-de-ajuda\/\">Consultar as nossas FAQ<\/a><\/p>\n<\/div><\/div><\/div><\/div><\/div>\n<\/p>","protected":false},"excerpt":{"rendered":"","protected":false},"author":1,"featured_media":0,"parent":0,"menu_order":0,"comment_status":"closed","ping_status":"closed","template":"100-width.php","meta":{"_glsr_average":0,"_glsr_ranking":0,"_glsr_reviews":0,"footnotes":""},"class_list":["post-29592","page","type-page","status-publish","hentry"],"_links":{"self":[{"href":"https:\/\/alignae.com\/pt\/wp-json\/wp\/v2\/pages\/29592","targetHints":{"allow":["GET"]}}],"collection":[{"href":"https:\/\/alignae.com\/pt\/wp-json\/wp\/v2\/pages"}],"about":[{"href":"https:\/\/alignae.com\/pt\/wp-json\/wp\/v2\/types\/page"}],"author":[{"embeddable":true,"href":"https:\/\/alignae.com\/pt\/wp-json\/wp\/v2\/users\/1"}],"replies":[{"embeddable":true,"href":"https:\/\/alignae.com\/pt\/wp-json\/wp\/v2\/comments?post=29592"}],"version-history":[{"count":2,"href":"https:\/\/alignae.com\/pt\/wp-json\/wp\/v2\/pages\/29592\/revisions"}],"predecessor-version":[{"id":29594,"href":"https:\/\/alignae.com\/pt\/wp-json\/wp\/v2\/pages\/29592\/revisions\/29594"}],"wp:attachment":[{"href":"https:\/\/alignae.com\/pt\/wp-json\/wp\/v2\/media?parent=29592"}],"curies":[{"name":"wp","href":"https:\/\/api.w.org\/{rel}","templated":true}]}}