{"id":31433,"date":"2024-03-07T21:11:11","date_gmt":"2024-03-07T20:11:11","guid":{"rendered":"https:\/\/alignae.com\/?page_id=31433"},"modified":"2024-03-07T21:14:13","modified_gmt":"2024-03-07T20:14:13","slug":"politica-de-privacidade-3","status":"publish","type":"page","link":"https:\/\/alignae.com\/pt\/mentions-legales\/","title":{"rendered":"Informa\u00e7\u00e3o jur\u00eddica"},"content":{"rendered":"<p><div class=\"fusion-fullwidth fullwidth-box fusion-builder-row-1 fusion-flex-container has-pattern-background has-mask-background nonhundred-percent-fullwidth non-hundred-percent-height-scrolling\" style=\"--awb-border-radius-top-left:0px;--awb-border-radius-top-right:0px;--awb-border-radius-bottom-right:0px;--awb-border-radius-bottom-left:0px;--awb-padding-top:50px;--awb-flex-wrap:wrap;\" ><div class=\"fusion-builder-row fusion-row fusion-flex-align-items-flex-start fusion-flex-content-wrap\" style=\"max-width:1248px;margin-left: calc(-4% \/ 2 );margin-right: calc(-4% \/ 2 );\"><div class=\"fusion-layout-column fusion_builder_column fusion-builder-column-0 fusion_builder_column_2_3 2_3 fusion-flex-column\" style=\"--awb-bg-size:cover;--awb-width-large:66.666666666667%;--awb-margin-top-large:0px;--awb-spacing-right-large:2.88%;--awb-margin-bottom-large:20px;--awb-spacing-left-large:2.88%;--awb-width-medium:66.666666666667%;--awb-order-medium:0;--awb-spacing-right-medium:2.88%;--awb-spacing-left-medium:2.88%;--awb-width-small:100%;--awb-order-small:0;--awb-spacing-right-small:1.92%;--awb-spacing-left-small:1.92%;\"><div class=\"fusion-column-wrapper fusion-column-has-shadow fusion-flex-justify-content-flex-start fusion-content-layout-column\"><div class=\"fusion-title title fusion-title-1 fusion-sep-none fusion-title-text fusion-title-size-one\" style=\"--awb-margin-top-small:10px;--awb-margin-right-small:0px;--awb-margin-bottom-small:10px;--awb-margin-left-small:0px;\"><h1 class=\"fusion-title-heading title-heading-left\" style=\"margin:0;text-transform:uppercase;\">Informa\u00e7\u00e3o jur\u00eddica<\/h1><\/div><div class=\"fusion-menu-anchor\" id=\"1\"><\/div><div class=\"fusion-text fusion-text-1\"><h3>Informa\u00e7\u00f5es sobre a empresa<\/h3>\n<p>A GoodLab \u00e9 uma sociedade de responsabilidade limitada com um capital social de 1 000 euros, com sede social em Sakala 7-2, em Tallinn (EE-10141), registada no registo comercial com o n\u00famero 16845679 e com o n\u00famero de IVA EE102670095.<\/p>\n<p>A Goodlab publica o s\u00edtio Web acess\u00edvel em https:\/\/www.alignae.com\/ e pode ser contactada por correio eletr\u00f3nico em info(a)alignae.com e por correio postal nos seguintes endere\u00e7os:<span class=\"Apple-converted-space\">\u00a0<\/span><\/p>\n<p>- Alignae C\/o Goodlab, Sakala 7-2, EE-10141 Tallinn<br \/>\n- Alignae C\/o Goodlab, 41 cours de la Libert\u00e9, FR-69003 Lyon<br \/>\n- Alignae C\/o Goodlab, Pont-Rouge 4, CH-1212 Lancy<\/p>\n<p>Se tiver alguma quest\u00e3o sobre a empresa, pode enviar-nos as suas perguntas por correio eletr\u00f3nico ou por correio postal.<\/p>\n<\/div><div class=\"fusion-menu-anchor\" id=\"2\"><\/div><div class=\"fusion-text fusion-text-2\"><h3>Alojamento<\/h3>\n<p>O s\u00edtio Web pode ser consultado em https:\/\/www.alignae.com\/ e \u00e9 alojado pela Infomaniak, cujos contactos s\u00e3o os seguintes Infomaniak Network SA, Rue Eug\u00e8ne Marziano 25, 1227 Les Acacias (GE)<\/p>\n<\/div><div class=\"fusion-menu-anchor\" id=\"3\"><\/div><div class=\"fusion-text fusion-text-3\"><h3>Pol\u00edtica de utiliza\u00e7\u00e3o de cookies<\/h3>\n<p>A Goodlab utiliza cookies para permitir a navega\u00e7\u00e3o, a publicidade direcionada e a medi\u00e7\u00e3o an\u00f3nima de audi\u00eancias.<\/p>\n<\/div><div class=\"fusion-menu-anchor\" id=\"4\"><\/div><div class=\"fusion-text fusion-text-4\"><h3>Cl\u00e1usula de n\u00e3o responsabilidade<\/h3>\n<p>O conte\u00fado das nossas p\u00e1ginas foi criado com o maior cuidado. No entanto, n\u00e3o podemos garantir que o conte\u00fado seja correto, completo e atualizado.<\/p>\n<\/div><div class=\"fusion-menu-anchor\" id=\"5\"><\/div><div class=\"fusion-text fusion-text-5\"><h3>Direitos de autor<\/h3>\n<p>Os conte\u00fados e obras destas p\u00e1ginas criados pelos operadores do s\u00edtio est\u00e3o sujeitos \u00e0 lei dos direitos de autor. A reprodu\u00e7\u00e3o, edi\u00e7\u00e3o, distribui\u00e7\u00e3o e qualquer tipo de utiliza\u00e7\u00e3o fora dos limites da lei dos direitos de autor requerem o consentimento escrito do respetivo autor ou criador. Os downloads e c\u00f3pias destas p\u00e1ginas s\u00f3 s\u00e3o permitidos para uso privado e n\u00e3o comercial. Se, no entanto, tiver conhecimento de uma infra\u00e7\u00e3o aos direitos de autor, informe-nos. Se tivermos conhecimento de uma infra\u00e7\u00e3o, removeremos imediatamente o conte\u00fado.<\/p>\n<\/div><\/div><\/div><div class=\"fusion-layout-column fusion_builder_column fusion-builder-column-1 fusion_builder_column_1_3 1_3 fusion-flex-column\" style=\"--awb-bg-size:cover;--awb-width-large:33.333333333333%;--awb-margin-top-large:0px;--awb-spacing-right-large:5.76%;--awb-margin-bottom-large:20px;--awb-spacing-left-large:5.76%;--awb-width-medium:33.333333333333%;--awb-order-medium:0;--awb-spacing-right-medium:5.76%;--awb-spacing-left-medium:5.76%;--awb-width-small:100%;--awb-order-small:0;--awb-spacing-right-small:1.92%;--awb-spacing-left-small:1.92%;\"><div class=\"fusion-column-wrapper fusion-column-has-shadow fusion-flex-justify-content-flex-start fusion-content-layout-column\"><div class=\"fusion-text fusion-text-6\"><p><a href=\"#1\">Informa\u00e7\u00f5es<\/a><\/p>\n<p><a href=\"#2\">Alojamento<\/a><\/p>\n<p><a href=\"#3\">Biscoitos<\/a><\/p>\n<p><a href=\"#4\">Cl\u00e1usula de n\u00e3o responsabilidade<\/a><\/p>\n<p><a href=\"#5\">Direitos de autor<\/a><\/p>\n<\/div><\/div><\/div><\/div><\/div><div class=\"fusion-fullwidth fullwidth-box fusion-builder-row-2 fusion-flex-container has-pattern-background has-mask-background nonhundred-percent-fullwidth non-hundred-percent-height-scrolling\" style=\"--awb-background-position:right center;--awb-border-radius-top-left:0px;--awb-border-radius-top-right:0px;--awb-border-radius-bottom-right:0px;--awb-border-radius-bottom-left:0px;--awb-padding-top:50px;--awb-padding-right:;--awb-padding-bottom:50px;--awb-background-color:#ffffff;--awb-flex-wrap:wrap;\" ><div class=\"fusion-builder-row fusion-row fusion-flex-align-items-flex-start fusion-flex-align-content-center fusion-flex-content-wrap\" style=\"max-width:1248px;margin-left: calc(-4% \/ 2 );margin-right: calc(-4% \/ 2 );\"><div class=\"fusion-layout-column fusion_builder_column fusion-builder-column-2 fusion_builder_column_1_1 1_1 fusion-flex-column fusion-flex-align-self-flex-start\" style=\"--awb-bg-size:cover;--awb-width-large:100%;--awb-margin-top-large:0px;--awb-spacing-right-large:1.92%;--awb-margin-bottom-large:20px;--awb-spacing-left-large:1.92%;--awb-width-medium:100%;--awb-order-medium:0;--awb-spacing-right-medium:1.92%;--awb-spacing-left-medium:1.92%;--awb-width-small:100%;--awb-order-small:0;--awb-spacing-right-small:1.92%;--awb-spacing-left-small:1.92%;\" data-scroll-devices=\"small-visibility,medium-visibility,large-visibility\"><div class=\"fusion-column-wrapper fusion-column-has-shadow fusion-flex-justify-content-flex-start fusion-content-layout-column\"><div class=\"fusion-text fusion-text-7 fusion-text-no-margin\" style=\"--awb-content-alignment:center;--awb-font-size:26px;--awb-text-transform:uppercase;--awb-margin-top:50px;--awb-margin-bottom:50px;\"><p style=\"text-align: center;\"><strong>Encomendar o seu kit de moldagem dent\u00e1ria<\/strong><\/p>\n<\/div><div style=\"text-align:center;\"><a class=\"fusion-button button-flat fusion-button-default-size button-custom fusion-button-default button-1 fusion-button-default-span fusion-button-default-type\" style=\"--button_accent_color:var(--awb-color1);--button_accent_hover_color:#75777c;--button_border_hover_color:#75777c;--button_gradient_top_color:var(--awb-custom_color_1);--button_gradient_bottom_color:var(--awb-custom_color_1);--button_gradient_top_color_hover:rgba(0,21,255,0);--button_gradient_bottom_color_hover:rgba(0,21,255,0);--button_text_transform:uppercase;--button_margin-top:10px;--button_margin-bottom:10px;\" target=\"_self\" href=\"https:\/\/alignae.com\/pt\/produto\/kit-de-moldagem-dentaria\/\"><span class=\"fusion-button-text awb-button__text awb-button__text--default\">COME\u00c7AR AGORA!<\/span><\/a><\/div><div class=\"fusion-text fusion-text-8\" style=\"--awb-font-size:10px;\"><p style=\"text-align: center;\">Sem risco. 100% garantido.<\/p>\n<\/div><div class=\"fusion-text fusion-text-9 fusion-text-no-margin\" style=\"--awb-margin-top:20px;--awb-margin-bottom:20px;\"><p style=\"text-align: center;\">Ainda tem d\u00favidas? <a href=\"https:\/\/alignae.com\/pt\/centro-de-ajuda\/\">Consultar as nossas FAQ<\/a><\/p>\n<\/div><\/div><\/div><\/div><\/div>\n<\/p>","protected":false},"excerpt":{"rendered":"","protected":false},"author":1,"featured_media":0,"parent":0,"menu_order":0,"comment_status":"closed","ping_status":"closed","template":"100-width.php","meta":{"_glsr_average":0,"_glsr_ranking":0,"_glsr_reviews":0,"footnotes":""},"class_list":["post-31433","page","type-page","status-publish","hentry"],"_links":{"self":[{"href":"https:\/\/alignae.com\/pt\/wp-json\/wp\/v2\/pages\/31433","targetHints":{"allow":["GET"]}}],"collection":[{"href":"https:\/\/alignae.com\/pt\/wp-json\/wp\/v2\/pages"}],"about":[{"href":"https:\/\/alignae.com\/pt\/wp-json\/wp\/v2\/types\/page"}],"author":[{"embeddable":true,"href":"https:\/\/alignae.com\/pt\/wp-json\/wp\/v2\/users\/1"}],"replies":[{"embeddable":true,"href":"https:\/\/alignae.com\/pt\/wp-json\/wp\/v2\/comments?post=31433"}],"version-history":[{"count":2,"href":"https:\/\/alignae.com\/pt\/wp-json\/wp\/v2\/pages\/31433\/revisions"}],"predecessor-version":[{"id":31435,"href":"https:\/\/alignae.com\/pt\/wp-json\/wp\/v2\/pages\/31433\/revisions\/31435"}],"wp:attachment":[{"href":"https:\/\/alignae.com\/pt\/wp-json\/wp\/v2\/media?parent=31433"}],"curies":[{"name":"wp","href":"https:\/\/api.w.org\/{rel}","templated":true}]}}