{"id":28955,"date":"2023-08-29T19:13:12","date_gmt":"2023-08-29T17:13:12","guid":{"rendered":"https:\/\/brio.immo\/?post_type=product&#038;p=28955"},"modified":"2025-10-02T03:16:19","modified_gmt":"2025-10-02T01:16:19","slug":"kit-de-moldagem-dentaria","status":"publish","type":"product","link":"https:\/\/alignae.com\/pt\/produit\/kit-de-prise-dempreinte-dentaire\/","title":{"rendered":"Kit de impress\u00e3o"},"content":{"rendered":"<p>CONTE\u00daDO : <br>- Instru\u00e7\u00f5es f\u00e1ceis de seguir<br>- 3 tamanhos de moldeira de impress\u00e3o <br>- 3 conjuntos de silicone dent\u00e1rio de presa r\u00e1pida<br>- Um batedor de bochechas<br>- Um par de luvas<br>\u2022 Une enveloppe retour<\/p>","protected":false},"excerpt":{"rendered":"<p>E modela\u00e7\u00e3o 3d antes da valida\u00e7\u00e3o<\/p>","protected":false},"featured_media":30081,"template":"","meta":{"_glsr_average":0,"_glsr_ranking":0,"_glsr_reviews":0},"product_brand":[],"product_cat":[19,40],"product_tag":[],"class_list":{"0":"post-28955","1":"product","2":"type-product","3":"status-publish","4":"has-post-thumbnail","6":"product_cat-non-classe","7":"product_cat-traitement","9":"first","10":"instock","11":"sale","12":"taxable","13":"shipping-taxable","14":"purchasable","15":"product-type-simple"},"_links":{"self":[{"href":"https:\/\/alignae.com\/pt\/wp-json\/wp\/v2\/product\/28955","targetHints":{"allow":["GET"]}}],"collection":[{"href":"https:\/\/alignae.com\/pt\/wp-json\/wp\/v2\/product"}],"about":[{"href":"https:\/\/alignae.com\/pt\/wp-json\/wp\/v2\/types\/product"}],"wp:featuredmedia":[{"embeddable":true,"href":"https:\/\/alignae.com\/pt\/wp-json\/wp\/v2\/media\/30081"}],"wp:attachment":[{"href":"https:\/\/alignae.com\/pt\/wp-json\/wp\/v2\/media?parent=28955"}],"wp:term":[{"taxonomy":"product_brand","embeddable":true,"href":"https:\/\/alignae.com\/pt\/wp-json\/wp\/v2\/product_brand?post=28955"},{"taxonomy":"product_cat","embeddable":true,"href":"https:\/\/alignae.com\/pt\/wp-json\/wp\/v2\/product_cat?post=28955"},{"taxonomy":"product_tag","embeddable":true,"href":"https:\/\/alignae.com\/pt\/wp-json\/wp\/v2\/product_tag?post=28955"}],"curies":[{"name":"wp","href":"https:\/\/api.w.org\/{rel}","templated":true}]}}