{"id":30558,"date":"2023-12-21T10:36:20","date_gmt":"2023-12-21T09:36:20","guid":{"rendered":"https:\/\/alignae.com\/?post_type=product&#038;p=30558"},"modified":"2024-01-16T17:13:11","modified_gmt":"2024-01-16T16:13:11","slug":"alinhadores-de-2a-geracao","status":"publish","type":"product","link":"https:\/\/alignae.com\/pt\/produit\/aligneurs-2e-generation\/","title":{"rendered":"Alinhadores\u00b2"},"content":{"rendered":"<p><strong>APRESENTA\u00c7\u00c3O : <\/strong><br>Alinhadores dent\u00e1rios simples mas eficazes para um sorriso perfeito numa m\u00e9dia de 6 a 10 meses<\/p>\n\n\n\n<p><strong>CONTE\u00daDO :<\/strong> <br>- Kit de impress\u00e3o<br>- Alinhadores transl\u00facidos em PET-G<br>- Finalizador<br>- Mala de transporte<\/p>\n\n\n\n<p><strong>CARACTER\u00cdSTICAS :<\/strong><br>- Pl\u00e1stico utilizado: PET-G<br>- M\u00f3dulo de elasticidade: 2020 Mpa<br>- Alongamento na rutura: 50%<br>- Perda de resist\u00eancia ao longo do tempo: 25% em 7 dias<br>- Resist\u00eancia \u00e0 temperatura: 63\u00b0c \/ 145,4 \u00b0F<\/p>\n\n\n\n<p><br><\/p>\n\n\n\n<p><\/p>","protected":false},"excerpt":{"rendered":"<p>(2\u00aa gera\u00e7\u00e3o)<\/p>","protected":false},"featured_media":30141,"template":"","meta":{"_glsr_average":0,"_glsr_ranking":0,"_glsr_reviews":0},"product_brand":[],"product_cat":[40],"product_tag":[],"class_list":{"0":"post-30558","1":"product","2":"type-product","3":"status-publish","4":"has-post-thumbnail","6":"product_cat-traitement","7":"product_shipping_class-class-1","9":"first","10":"instock","11":"sold-individually","12":"taxable","13":"shipping-taxable","14":"purchasable","15":"product-type-variable","16":"has-default-attributes"},"_links":{"self":[{"href":"https:\/\/alignae.com\/pt\/wp-json\/wp\/v2\/product\/30558","targetHints":{"allow":["GET"]}}],"collection":[{"href":"https:\/\/alignae.com\/pt\/wp-json\/wp\/v2\/product"}],"about":[{"href":"https:\/\/alignae.com\/pt\/wp-json\/wp\/v2\/types\/product"}],"wp:featuredmedia":[{"embeddable":true,"href":"https:\/\/alignae.com\/pt\/wp-json\/wp\/v2\/media\/30141"}],"wp:attachment":[{"href":"https:\/\/alignae.com\/pt\/wp-json\/wp\/v2\/media?parent=30558"}],"wp:term":[{"taxonomy":"product_brand","embeddable":true,"href":"https:\/\/alignae.com\/pt\/wp-json\/wp\/v2\/product_brand?post=30558"},{"taxonomy":"product_cat","embeddable":true,"href":"https:\/\/alignae.com\/pt\/wp-json\/wp\/v2\/product_cat?post=30558"},{"taxonomy":"product_tag","embeddable":true,"href":"https:\/\/alignae.com\/pt\/wp-json\/wp\/v2\/product_tag?post=30558"}],"curies":[{"name":"wp","href":"https:\/\/api.w.org\/{rel}","templated":true}]}}