{"id":30735,"date":"2023-12-21T19:06:33","date_gmt":"2023-12-21T18:06:33","guid":{"rendered":"https:\/\/alignae.com\/?post_type=product&#038;p=30735"},"modified":"2024-01-16T17:14:48","modified_gmt":"2024-01-16T16:14:48","slug":"alinhadores-de-3a-geracao","status":"publish","type":"product","link":"https:\/\/alignae.com\/pt\/produit\/aligneurs-3e-generation\/","title":{"rendered":"Alinhadores\u00b3"},"content":{"rendered":"<p><strong>APRESENTA\u00c7\u00c3O : <\/strong><br>Alinhadores dent\u00e1rios de \u00faltima gera\u00e7\u00e3o para um sorriso perfeito em apenas 5 a 8 meses, em m\u00e9dia<\/p>\n\n\n\n<p><strong>CONTE\u00daDO :<\/strong> <br>- Kit de impress\u00e3o<br>- Alinhadores transl\u00facidos em copoli\u00e9ster<br>- Finalizador<br>- Alinhadores de conten\u00e7\u00e3o<br>- Mala de transporte<br>- Garantia de 2 anos<\/p>\n\n\n\n<p><strong>CARACTER\u00cdSTICAS :<\/strong><br>- Pl\u00e1stico utilizado: Copoli\u00e9ster<br>- M\u00f3dulo de elasticidade: 1462 Mpa<br>- Alongamento na rutura: 179%<br>- Perda de resist\u00eancia ao longo do tempo: 10% em 7 dias<br>- Resist\u00eancia \u00e0 temperatura: 85\u00b0c \/ 185 \u00b0F<\/p>\n\n\n\n<p><br><\/p>\n\n\n\n<p><\/p>","protected":false},"excerpt":{"rendered":"<p>(3\u00aa gera\u00e7\u00e3o)<\/p>","protected":false},"featured_media":30141,"template":"","meta":{"_glsr_average":0,"_glsr_ranking":0,"_glsr_reviews":0},"product_brand":[],"product_cat":[40],"product_tag":[],"class_list":{"0":"post-30735","1":"product","2":"type-product","3":"status-publish","4":"has-post-thumbnail","6":"product_cat-traitement","7":"product_shipping_class-class-1","9":"first","10":"instock","11":"sold-individually","12":"taxable","13":"shipping-taxable","14":"purchasable","15":"product-type-variable","16":"has-default-attributes"},"_links":{"self":[{"href":"https:\/\/alignae.com\/pt\/wp-json\/wp\/v2\/product\/30735","targetHints":{"allow":["GET"]}}],"collection":[{"href":"https:\/\/alignae.com\/pt\/wp-json\/wp\/v2\/product"}],"about":[{"href":"https:\/\/alignae.com\/pt\/wp-json\/wp\/v2\/types\/product"}],"wp:featuredmedia":[{"embeddable":true,"href":"https:\/\/alignae.com\/pt\/wp-json\/wp\/v2\/media\/30141"}],"wp:attachment":[{"href":"https:\/\/alignae.com\/pt\/wp-json\/wp\/v2\/media?parent=30735"}],"wp:term":[{"taxonomy":"product_brand","embeddable":true,"href":"https:\/\/alignae.com\/pt\/wp-json\/wp\/v2\/product_brand?post=30735"},{"taxonomy":"product_cat","embeddable":true,"href":"https:\/\/alignae.com\/pt\/wp-json\/wp\/v2\/product_cat?post=30735"},{"taxonomy":"product_tag","embeddable":true,"href":"https:\/\/alignae.com\/pt\/wp-json\/wp\/v2\/product_tag?post=30735"}],"curies":[{"name":"wp","href":"https:\/\/api.w.org\/{rel}","templated":true}]}}